{"id":1231,"date":"2017-10-18T21:35:47","date_gmt":"2017-10-18T19:35:47","guid":{"rendered":"https:\/\/www.www.serraciments.com\/?page_id=1231\/"},"modified":"2024-07-02T13:47:26","modified_gmt":"2024-07-02T11:47:26","slug":"productes","status":"publish","type":"page","link":"https:\/\/www.serraciments.com\/ca\/productes\/","title":{"rendered":"Productes"},"content":{"rendered":"","protected":false},"excerpt":{"rendered":"","protected":false},"author":1,"featured_media":0,"parent":0,"menu_order":56,"comment_status":"closed","ping_status":"closed","template":"productos.php","meta":{"footnotes":""},"class_list":["post-1231","page","type-page","status-publish","hentry"],"yoast_head":"<!-- This site is optimized with the Yoast SEO plugin v23.3 - https:\/\/yoast.com\/wordpress\/plugins\/seo\/ -->\n<title>Productes per la construcci\u00f3. Pigments \/ Fibres \/ Additius \/ Ciments<\/title>\n<meta name=\"description\" content=\"Productes per la construcci\u00f3: Pigments colorants pel formig\u00f3, fibres per la construcci\u00f3, additius pel formig\u00f3, productes d&#039;acabat, ciments.\" \/>\n<meta name=\"robots\" content=\"index, follow, max-snippet:-1, max-image-preview:large, max-video-preview:-1\" \/>\n<link rel=\"canonical\" href=\"https:\/\/www.serraciments.com\/ca\/productes\/\" \/>\n<script type=\"application\/ld+json\" class=\"yoast-schema-graph\">{\"@context\":\"https:\/\/schema.org\",\"@graph\":[{\"@type\":\"WebPage\",\"@id\":\"https:\/\/www.serraciments.com\/ca\/productes\/\",\"url\":\"https:\/\/www.serraciments.com\/ca\/productes\/\",\"name\":\"Productes per la construcci\u00f3. Pigments \/ Fibres \/ Additius \/ Ciments\",\"isPartOf\":{\"@id\":\"https:\/\/www.serraciments.com\/es\/#website\"},\"datePublished\":\"2017-10-18T19:35:47+00:00\",\"dateModified\":\"2024-07-02T11:47:26+00:00\",\"description\":\"Productes per la construcci\u00f3: Pigments colorants pel formig\u00f3, fibres per la construcci\u00f3, additius pel formig\u00f3, productes d'acabat, ciments.\",\"breadcrumb\":{\"@id\":\"https:\/\/www.serraciments.com\/ca\/productes\/#breadcrumb\"},\"inLanguage\":\"ca\",\"potentialAction\":[{\"@type\":\"ReadAction\",\"target\":[\"https:\/\/www.serraciments.com\/ca\/productes\/\"]}]},{\"@type\":\"BreadcrumbList\",\"@id\":\"https:\/\/www.serraciments.com\/ca\/productes\/#breadcrumb\",\"itemListElement\":[{\"@type\":\"ListItem\",\"position\":1,\"name\":\"Home\",\"item\":\"https:\/\/www.serraciments.com\/es\/\"},{\"@type\":\"ListItem\",\"position\":2,\"name\":\"Productes\"}]},{\"@type\":\"WebSite\",\"@id\":\"https:\/\/www.serraciments.com\/es\/#website\",\"url\":\"https:\/\/www.serraciments.com\/es\/\",\"name\":\"Serra Ciments\",\"description\":\"Productos para el hormig\u00f3n\",\"potentialAction\":[{\"@type\":\"SearchAction\",\"target\":{\"@type\":\"EntryPoint\",\"urlTemplate\":\"https:\/\/www.serraciments.com\/es\/?s={search_term_string}\"},\"query-input\":\"required name=search_term_string\"}],\"inLanguage\":\"ca\"}]}<\/script>\n<!-- \/ Yoast SEO plugin. -->","yoast_head_json":{"title":"Productes per la construcci\u00f3. Pigments \/ Fibres \/ Additius \/ Ciments","description":"Productes per la construcci\u00f3: Pigments colorants pel formig\u00f3, fibres per la construcci\u00f3, additius pel formig\u00f3, productes d'acabat, ciments.","robots":{"index":"index","follow":"follow","max-snippet":"max-snippet:-1","max-image-preview":"max-image-preview:large","max-video-preview":"max-video-preview:-1"},"canonical":"https:\/\/www.serraciments.com\/ca\/productes\/","schema":{"@context":"https:\/\/schema.org","@graph":[{"@type":"WebPage","@id":"https:\/\/www.serraciments.com\/ca\/productes\/","url":"https:\/\/www.serraciments.com\/ca\/productes\/","name":"Productes per la construcci\u00f3. Pigments \/ Fibres \/ Additius \/ Ciments","isPartOf":{"@id":"https:\/\/www.serraciments.com\/es\/#website"},"datePublished":"2017-10-18T19:35:47+00:00","dateModified":"2024-07-02T11:47:26+00:00","description":"Productes per la construcci\u00f3: Pigments colorants pel formig\u00f3, fibres per la construcci\u00f3, additius pel formig\u00f3, productes d'acabat, ciments.","breadcrumb":{"@id":"https:\/\/www.serraciments.com\/ca\/productes\/#breadcrumb"},"inLanguage":"ca","potentialAction":[{"@type":"ReadAction","target":["https:\/\/www.serraciments.com\/ca\/productes\/"]}]},{"@type":"BreadcrumbList","@id":"https:\/\/www.serraciments.com\/ca\/productes\/#breadcrumb","itemListElement":[{"@type":"ListItem","position":1,"name":"Home","item":"https:\/\/www.serraciments.com\/es\/"},{"@type":"ListItem","position":2,"name":"Productes"}]},{"@type":"WebSite","@id":"https:\/\/www.serraciments.com\/es\/#website","url":"https:\/\/www.serraciments.com\/es\/","name":"Serra Ciments","description":"Productos para el hormig\u00f3n","potentialAction":[{"@type":"SearchAction","target":{"@type":"EntryPoint","urlTemplate":"https:\/\/www.serraciments.com\/es\/?s={search_term_string}"},"query-input":"required name=search_term_string"}],"inLanguage":"ca"}]}},"_links":{"self":[{"href":"https:\/\/www.serraciments.com\/ca\/wp-json\/wp\/v2\/pages\/1231"}],"collection":[{"href":"https:\/\/www.serraciments.com\/ca\/wp-json\/wp\/v2\/pages"}],"about":[{"href":"https:\/\/www.serraciments.com\/ca\/wp-json\/wp\/v2\/types\/page"}],"author":[{"embeddable":true,"href":"https:\/\/www.serraciments.com\/ca\/wp-json\/wp\/v2\/users\/1"}],"replies":[{"embeddable":true,"href":"https:\/\/www.serraciments.com\/ca\/wp-json\/wp\/v2\/comments?post=1231"}],"version-history":[{"count":3,"href":"https:\/\/www.serraciments.com\/ca\/wp-json\/wp\/v2\/pages\/1231\/revisions"}],"predecessor-version":[{"id":5726,"href":"https:\/\/www.serraciments.com\/ca\/wp-json\/wp\/v2\/pages\/1231\/revisions\/5726"}],"wp:attachment":[{"href":"https:\/\/www.serraciments.com\/ca\/wp-json\/wp\/v2\/media?parent=1231"}],"curies":[{"name":"wp","href":"https:\/\/api.w.org\/{rel}","templated":true}]}}