{"id":5522,"date":"2024-06-27T11:30:00","date_gmt":"2024-06-27T09:30:00","guid":{"rendered":"https:\/\/www.serraciments.com\/?page_id=5522"},"modified":"2024-08-04T22:07:21","modified_gmt":"2024-08-04T20:07:21","slug":"pots-bricolatge","status":"publish","type":"page","link":"https:\/\/www.serraciments.com\/ca\/pots-bricolatge\/","title":{"rendered":"Pots Bricolatge"},"content":{"rendered":"\n<section class=\"sc-inner-banner light\">\n    <div class=\"container\">\n      <div class=\"row\">\n        <div class=\"col-md-6 order-sm-2 p-0 sc-img-wrapper\">\n          <img decoding=\"async\" src=\"https:\/\/www.serraciments.com\/wp-content\/uploads\/2024\/05\/botes-bricolaje-banner.jpg\" alt=\"Serra Ciments\" class=\"img-fluid w-100\" \/>\n        <\/div>\n        <div class=\"col-md-6 my-auto\">    \n          <div class=\"sc-inner-caption ms-auto\">\n            <h1>Pigment per bricolatge<\/h1>\n            <p>Gama de pigments per a ciment, morter, formig\u00f3, cal i guix, envasats en petit format disponibles a Amazon.<\/p>\n            <a href=\"https:\/\/www.amazon.es\/stores\/SCPigments%C2%AE\/page\/B563F0B7-9B18-4FB5-8AA7-634FAD1D340B\" target=\"_blank\" class=\"btn btn-default w-auto\" rel=\"noopener\">Visitar la nostra botiga d&#8217;Amazon<\/a>\n          <\/div> \n        <\/div>\n      <\/div>       \n    <\/div>\n  <\/section>\n\n  <section class=\"sc-section-middle sc-section-Blog-middle pb-5 my-5\">\n    <div class=\"container\">\n      <div class=\"row\">\n        <div class=\"col-md-6\">\n          <div class=\"sc-productDetails-gellery\">\n            <div class=\"sc-blog-img-wrap\">\n              <img decoding=\"async\" src=\"https:\/\/www.serraciments.com\/wp-content\/uploads\/2024\/08\/botes-scaled.jpg\" alt=\"Serra Ciments\" class=\"img-fluid w-100\" \/>\n              <div class=\"footer\">Presentaci\u00f3n pigmento en bote<\/div>\n            <\/div>\n            <div class=\"sc-blog-img-wrap\">\n              <img decoding=\"async\" src=\"https:\/\/www.serraciments.com\/wp-content\/uploads\/2024\/05\/botes-bricolaje-banner-img-02.jpg\" alt=\"Serra Ciments\" class=\"img-fluid w-100\" \/>\n              <div class=\"footer\">Amazon store<\/div>\n            <\/div>\n          <\/div>\n        <\/div>\n        <div class=\"col-md-5\">\n          <div class=\"sc-blog-content\">\n            <b>Informaci\u00f3 del format<\/b>\n            <p>Pigment en pols per tenyir ciment, morter i formig\u00f3, en format pot de 500 a 800 g per a treballs de bricolatge i disseny. <\/p>\n\n            <b>Aplicacions<\/b>\n            <p>Per a treballs de reparaci\u00f3 i bricolatge, paviments de formig\u00f3, prefabricats de formig\u00f3, pedra artificial, mobiliari urb\u00e0, terrazo, floretes, mosaic hidr\u00e0ulic, paviments de formig\u00f3 pigmentat, morters monocapa, juntes de fa\u00e7anes de ma\u00f3 vist, gunitatge de color, entre d\u2019altres. <br>\n            <\/p>\n\n            <b>Presentaci\u00f3<\/b>\n            <p>Pot transparent amb tapa de rosca, amb un contingut de 500 a 800 g, segons la densitat del pigment. Aquest format permet la perfecta conservaci\u00f3 del material.<\/p>\n          <\/div>\n        <\/div>\n      <\/div>\n    <\/div>\n  <\/section>\n\n  <section class=\"sc-section-middle sc-section-product-wrap sc-section-interesting-wrap container-fluid-infinite-related-products dark m-0\">\n    <div class=\"container\">\n      <div class=\"row\">\n        <div class=\"col-12\">  \n          <div class=\"sc-section-head pb-4 pt-5\">\n            <h2  class=\"sc-section-title\">Tambi\u00e9n disponible en nuestra Amazon Store<\/h2>\n          <\/div>\n        <\/div>\n      <\/div>\n      <div class=\"row interesting-links row-related-products\">\n        <div class=\"col-md-4\">\n          <div class=\"col-products-item sc-interesting-card\">\n            <div class=\"sc-product-img\">\n              <a href=\"https:\/\/www.amazon.es\/estructural-hormig\u00f3n-Macrofibra-DURUFORT-refuerzo\/dp\/B0BG3BPL85?ref_=ast_sto_dp\" target=\"_blank\" rel=\"noopener\">\n                <figure class=\"fixed-aspect figure\" style=\"padding-top: 66.666666666667%\">\n                  <img width=\"1200\" height=\"1219\" src=\"https:\/\/www.serraciments.com\/wp-content\/uploads\/2024\/05\/macrofibra-durufort.jpg\" class=\"narrower\" alt=\"\" decoding=\"async\" loading=\"lazy\" \/>\n                <\/figure>\n              <\/a>\n            <\/div>\n            <h3>Macrofibra Durufort<\/h3>\n          <\/div>\n        <\/div>\n        <div class=\"col-md-4\">\n          <div class=\"col-products-item sc-interesting-card\">\n            <div class=\"sc-product-img\">\n              <a href=\"https:\/\/www.amazon.es\/Ciments%C2%AE-VIDRIO-HORMIG%C3%93N-REFUERZO-Formatos\/dp\/B0BXPL19XC?ref_=ast_sto_dp&#038;th=1\" target=\"_blank\" rel=\"noopener\">\n                <figure class=\"fixed-aspect figure\" style=\"padding-top: 66.666666666667%\">\n                  <img width=\"1200\" height=\"1219\" src=\"https:\/\/www.serraciments.com\/wp-content\/uploads\/2024\/05\/Fibra-de-Vidrio-AR.jpg\" class=\"narrower\" alt=\"\" decoding=\"async\" loading=\"lazy\" \/>\n                <\/figure>\n              <\/a>\n            <\/div>\n            <h3>Fibra de Vidrio AR<\/h3>\n          <\/div>\n        <\/div>\n        <div class=\"col-md-4\">\n          <div class=\"col-products-item sc-interesting-card\">\n            <div class=\"sc-product-img\">\n              <a href=\"https:\/\/www.amazon.es\/pigmentos-hormig%C3%B3n-Pigments%C2%AE-Amarillo-Terracota\/dp\/B08WPDBXVV?ref_=ast_sto_dp\" target=\"_blank\" rel=\"noopener\">\n                <figure class=\"fixed-aspect figure\" style=\"padding-top: 66.666666666667%\">\n                  <img width=\"1200\" height=\"1219\" src=\"https:\/\/www.serraciments.com\/wp-content\/uploads\/2024\/05\/Pack-10-pigmentos.jpg\" class=\"narrower\" alt=\"\" decoding=\"async\" loading=\"lazy\" \/>\n                <\/figure>\n              <\/a>\n            <\/div>\n            <h3>Pack 10 pigmentos<\/h3>\n          <\/div>\n        <\/div>\n      <\/div>\n    <\/div>\n  <\/section>\n","protected":false},"excerpt":{"rendered":"<p>Pigment per bricolatge Gama de pigments per a ciment, morter, formig\u00f3, cal i guix, envasats en petit format disponibles a [&hellip;]<\/p>\n","protected":false},"author":1,"featured_media":0,"parent":0,"menu_order":14,"comment_status":"closed","ping_status":"closed","template":"formatos.php","meta":{"footnotes":""},"class_list":["post-5522","page","type-page","status-publish","hentry"],"yoast_head":"<!-- This site is optimized with the Yoast SEO plugin v23.3 - https:\/\/yoast.com\/wordpress\/plugins\/seo\/ -->\n<title>Pots Bricolatge - Serra Ciments<\/title>\n<meta name=\"description\" content=\"Pigments per ciment, morter y formig\u00f3 en format bricolatge. Pigment envasat en pots de 500 a 800 gr. segons la densitat del pigment.\" \/>\n<meta name=\"robots\" content=\"index, follow, max-snippet:-1, max-image-preview:large, max-video-preview:-1\" \/>\n<link rel=\"canonical\" href=\"https:\/\/www.serraciments.com\/ca\/pots-bricolatge\/\" \/>\n<meta name=\"twitter:label1\" content=\"Temps estimat de lectura\" \/>\n\t<meta name=\"twitter:data1\" content=\"2 minuts\" \/>\n<script type=\"application\/ld+json\" class=\"yoast-schema-graph\">{\"@context\":\"https:\/\/schema.org\",\"@graph\":[{\"@type\":\"WebPage\",\"@id\":\"https:\/\/www.serraciments.com\/ca\/pots-bricolatge\/\",\"url\":\"https:\/\/www.serraciments.com\/ca\/pots-bricolatge\/\",\"name\":\"Pots Bricolatge - Serra Ciments\",\"isPartOf\":{\"@id\":\"https:\/\/www.serraciments.com\/es\/#website\"},\"primaryImageOfPage\":{\"@id\":\"https:\/\/www.serraciments.com\/ca\/pots-bricolatge\/#primaryimage\"},\"image\":{\"@id\":\"https:\/\/www.serraciments.com\/ca\/pots-bricolatge\/#primaryimage\"},\"thumbnailUrl\":\"https:\/\/www.serraciments.com\/wp-content\/uploads\/2024\/05\/botes-bricolaje-banner.jpg\",\"datePublished\":\"2024-06-27T09:30:00+00:00\",\"dateModified\":\"2024-08-04T20:07:21+00:00\",\"description\":\"Pigments per ciment, morter y formig\u00f3 en format bricolatge. Pigment envasat en pots de 500 a 800 gr. segons la densitat del pigment.\",\"breadcrumb\":{\"@id\":\"https:\/\/www.serraciments.com\/ca\/pots-bricolatge\/#breadcrumb\"},\"inLanguage\":\"ca\",\"potentialAction\":[{\"@type\":\"ReadAction\",\"target\":[\"https:\/\/www.serraciments.com\/ca\/pots-bricolatge\/\"]}]},{\"@type\":\"ImageObject\",\"inLanguage\":\"ca\",\"@id\":\"https:\/\/www.serraciments.com\/ca\/pots-bricolatge\/#primaryimage\",\"url\":\"https:\/\/www.serraciments.com\/wp-content\/uploads\/2024\/05\/botes-bricolaje-banner.jpg\",\"contentUrl\":\"https:\/\/www.serraciments.com\/wp-content\/uploads\/2024\/05\/botes-bricolaje-banner.jpg\"},{\"@type\":\"BreadcrumbList\",\"@id\":\"https:\/\/www.serraciments.com\/ca\/pots-bricolatge\/#breadcrumb\",\"itemListElement\":[{\"@type\":\"ListItem\",\"position\":1,\"name\":\"Home\",\"item\":\"https:\/\/www.serraciments.com\/es\/\"},{\"@type\":\"ListItem\",\"position\":2,\"name\":\"Pots Bricolatge\"}]},{\"@type\":\"WebSite\",\"@id\":\"https:\/\/www.serraciments.com\/es\/#website\",\"url\":\"https:\/\/www.serraciments.com\/es\/\",\"name\":\"Serra Ciments\",\"description\":\"Productos para el hormig\u00f3n\",\"potentialAction\":[{\"@type\":\"SearchAction\",\"target\":{\"@type\":\"EntryPoint\",\"urlTemplate\":\"https:\/\/www.serraciments.com\/es\/?s={search_term_string}\"},\"query-input\":\"required name=search_term_string\"}],\"inLanguage\":\"ca\"}]}<\/script>\n<!-- \/ Yoast SEO plugin. -->","yoast_head_json":{"title":"Pots Bricolatge - Serra Ciments","description":"Pigments per ciment, morter y formig\u00f3 en format bricolatge. Pigment envasat en pots de 500 a 800 gr. segons la densitat del pigment.","robots":{"index":"index","follow":"follow","max-snippet":"max-snippet:-1","max-image-preview":"max-image-preview:large","max-video-preview":"max-video-preview:-1"},"canonical":"https:\/\/www.serraciments.com\/ca\/pots-bricolatge\/","twitter_misc":{"Temps estimat de lectura":"2 minuts"},"schema":{"@context":"https:\/\/schema.org","@graph":[{"@type":"WebPage","@id":"https:\/\/www.serraciments.com\/ca\/pots-bricolatge\/","url":"https:\/\/www.serraciments.com\/ca\/pots-bricolatge\/","name":"Pots Bricolatge - Serra Ciments","isPartOf":{"@id":"https:\/\/www.serraciments.com\/es\/#website"},"primaryImageOfPage":{"@id":"https:\/\/www.serraciments.com\/ca\/pots-bricolatge\/#primaryimage"},"image":{"@id":"https:\/\/www.serraciments.com\/ca\/pots-bricolatge\/#primaryimage"},"thumbnailUrl":"https:\/\/www.serraciments.com\/wp-content\/uploads\/2024\/05\/botes-bricolaje-banner.jpg","datePublished":"2024-06-27T09:30:00+00:00","dateModified":"2024-08-04T20:07:21+00:00","description":"Pigments per ciment, morter y formig\u00f3 en format bricolatge. Pigment envasat en pots de 500 a 800 gr. segons la densitat del pigment.","breadcrumb":{"@id":"https:\/\/www.serraciments.com\/ca\/pots-bricolatge\/#breadcrumb"},"inLanguage":"ca","potentialAction":[{"@type":"ReadAction","target":["https:\/\/www.serraciments.com\/ca\/pots-bricolatge\/"]}]},{"@type":"ImageObject","inLanguage":"ca","@id":"https:\/\/www.serraciments.com\/ca\/pots-bricolatge\/#primaryimage","url":"https:\/\/www.serraciments.com\/wp-content\/uploads\/2024\/05\/botes-bricolaje-banner.jpg","contentUrl":"https:\/\/www.serraciments.com\/wp-content\/uploads\/2024\/05\/botes-bricolaje-banner.jpg"},{"@type":"BreadcrumbList","@id":"https:\/\/www.serraciments.com\/ca\/pots-bricolatge\/#breadcrumb","itemListElement":[{"@type":"ListItem","position":1,"name":"Home","item":"https:\/\/www.serraciments.com\/es\/"},{"@type":"ListItem","position":2,"name":"Pots Bricolatge"}]},{"@type":"WebSite","@id":"https:\/\/www.serraciments.com\/es\/#website","url":"https:\/\/www.serraciments.com\/es\/","name":"Serra Ciments","description":"Productos para el hormig\u00f3n","potentialAction":[{"@type":"SearchAction","target":{"@type":"EntryPoint","urlTemplate":"https:\/\/www.serraciments.com\/es\/?s={search_term_string}"},"query-input":"required name=search_term_string"}],"inLanguage":"ca"}]}},"_links":{"self":[{"href":"https:\/\/www.serraciments.com\/ca\/wp-json\/wp\/v2\/pages\/5522"}],"collection":[{"href":"https:\/\/www.serraciments.com\/ca\/wp-json\/wp\/v2\/pages"}],"about":[{"href":"https:\/\/www.serraciments.com\/ca\/wp-json\/wp\/v2\/types\/page"}],"author":[{"embeddable":true,"href":"https:\/\/www.serraciments.com\/ca\/wp-json\/wp\/v2\/users\/1"}],"replies":[{"embeddable":true,"href":"https:\/\/www.serraciments.com\/ca\/wp-json\/wp\/v2\/comments?post=5522"}],"version-history":[{"count":9,"href":"https:\/\/www.serraciments.com\/ca\/wp-json\/wp\/v2\/pages\/5522\/revisions"}],"predecessor-version":[{"id":6587,"href":"https:\/\/www.serraciments.com\/ca\/wp-json\/wp\/v2\/pages\/5522\/revisions\/6587"}],"wp:attachment":[{"href":"https:\/\/www.serraciments.com\/ca\/wp-json\/wp\/v2\/media?parent=5522"}],"curies":[{"name":"wp","href":"https:\/\/api.w.org\/{rel}","templated":true}]}}