{"id":5528,"date":"2024-06-27T11:34:53","date_gmt":"2024-06-27T09:34:53","guid":{"rendered":"https:\/\/www.serraciments.com\/?page_id=5528"},"modified":"2024-08-04T22:34:01","modified_gmt":"2024-08-04T20:34:01","slug":"bolses-h","status":"publish","type":"page","link":"https:\/\/www.serraciments.com\/ca\/bolses-h\/","title":{"rendered":"Bosses H"},"content":{"rendered":"\n<section class=\"sc-inner-banner light\">\n    <div class=\"container\">\n      <div class=\"row\">\n        <div class=\"col-md-6 order-sm-2 p-0 sc-img-wrapper\">\n          <img decoding=\"async\" src=\"https:\/\/www.serraciments.com\/wp-content\/uploads\/2024\/05\/pigmento-en-bolsas-hidrosolubles.jpg\" alt=\"Serra Ciments\" class=\"img-fluid w-100\" \/>\n        <\/div>\n        <div class=\"col-md-6 my-auto\">    \n          <div class=\"sc-inner-caption ms-auto\">\n            <h1>Pigment en bosses hidrosolubles<\/h1>\n            <p>S\u00e8rie H. Pigments envasats en bosses hidrosolubles per introduir directament al cami\u00f3 de formig\u00f3, facilitant la feina d&#8217;execuci\u00f3 i dosificaci\u00f3 i eliminant els residus de pl\u00e0stic. <\/p>\n          <\/div> \n        <\/div>\n      <\/div>       \n    <\/div>\n  <\/section>\n\n  <section class=\"sc-section-middle sc-section-Blog-middle pt-5 pb-5 my-5\">\n    <div class=\"container\">\n      <div class=\"row\">\n        <div class=\"col-md-6\">\n          <div class=\"sc-productDetails-gellery\">\n            <div class=\"sc-blog-img-wrap\">\n              <img decoding=\"async\" src=\"https:\/\/www.serraciments.com\/wp-content\/uploads\/2024\/05\/pigmento-en-bolsas-hidrosolubles__img-01.jpg\" alt=\"Serra Ciments\" class=\"img-fluid w-100\" \/>\n              <div class=\"footer\">Formato biodegradable<\/div>\n            <\/div>\n            <div class=\"sc-blog-img-wrap\">\n              <img decoding=\"async\" src=\"https:\/\/www.serraciments.com\/wp-content\/uploads\/2024\/05\/pigmento-en-bolsas-hidrosolubles__img-02.jpg\" alt=\"Serra Ciments\" class=\"img-fluid w-100\" \/>\n              <div class=\"footer\">Serie H. Pigmento en bolsas hidrosolubles para plantas de hormig\u00f3n<\/div>\n            <\/div>\n          <\/div>\n        <\/div>\n        <div class=\"col-md-5\">\n          <div class=\"sc-blog-content\">\n            <b>S\u00e8rie H\u00a9 Informaci\u00f3<\/b>\n            <p>Pigment envasat en format biodegradable en bosses de 5 kg i 10 kg. Aquest format est\u00e0 especialment dissenyat per a plantes de formig\u00f3 o treballs en obra on es introdu\u00efu el pigment en un cami\u00f3 de formig\u00f3. Les bosses hidrosolubles, en introduir-se al cami\u00f3 de formig\u00f3, es desfan r\u00e0pidament sense deixar cap residu i el pigment es dispersa per tota la massa. Aquest format facilita molt la posada en obra i la dosificaci\u00f3 per cuba de formig\u00f3. <\/p>\n\n            \n<b>Caracter\u00edstiques pigments S\u00e8rie H\u00a9<\/b>\n          \n <li> Bosses hidrosolubles de 5 o 10 kg.<\/li>\n        <li> No alteren les resist\u00e8ncies ni els temps de forjat.<\/li>\n        <li> M\u00e9s comoditat i higiene<\/li>\n        <li> M\u00e0xima neteja.<\/li>\n        <li> Facilita la dosificaci\u00f3.<\/li>\n        <li> Reducci\u00f3 de residus.<\/li>\n        <li> La bossa biodegradable ajuda al medi ambient<\/li>\n            <\/p>\n\n            \n          <\/div>\n        <\/div>\n      <\/div>\n    <\/div>\n  <\/section>\n","protected":false},"excerpt":{"rendered":"<p>Pigment en bosses hidrosolubles S\u00e8rie H. Pigments envasats en bosses hidrosolubles per introduir directament al cami\u00f3 de formig\u00f3, facilitant la [&hellip;]<\/p>\n","protected":false},"author":1,"featured_media":0,"parent":0,"menu_order":44,"comment_status":"closed","ping_status":"closed","template":"formatos.php","meta":{"footnotes":""},"class_list":["post-5528","page","type-page","status-publish","hentry"],"yoast_head":"<!-- This site is optimized with the Yoast SEO plugin v23.3 - https:\/\/yoast.com\/wordpress\/plugins\/seo\/ -->\n<title>Bosses H - Serra Ciments<\/title>\n<meta name=\"description\" content=\"Serie H. Pigments envasat en bosses hidrosolubles per introduir directament a la formigonera, facilitant la feina i la dosificaci\u00f3.\" \/>\n<meta name=\"robots\" content=\"index, follow, max-snippet:-1, max-image-preview:large, max-video-preview:-1\" \/>\n<link rel=\"canonical\" href=\"https:\/\/www.serraciments.com\/ca\/bolses-h\/\" \/>\n<meta name=\"twitter:label1\" content=\"Temps estimat de lectura\" \/>\n\t<meta name=\"twitter:data1\" content=\"2 minuts\" \/>\n<script type=\"application\/ld+json\" class=\"yoast-schema-graph\">{\"@context\":\"https:\/\/schema.org\",\"@graph\":[{\"@type\":\"WebPage\",\"@id\":\"https:\/\/www.serraciments.com\/ca\/bolses-h\/\",\"url\":\"https:\/\/www.serraciments.com\/ca\/bolses-h\/\",\"name\":\"Bosses H - Serra Ciments\",\"isPartOf\":{\"@id\":\"https:\/\/www.serraciments.com\/es\/#website\"},\"primaryImageOfPage\":{\"@id\":\"https:\/\/www.serraciments.com\/ca\/bolses-h\/#primaryimage\"},\"image\":{\"@id\":\"https:\/\/www.serraciments.com\/ca\/bolses-h\/#primaryimage\"},\"thumbnailUrl\":\"https:\/\/www.serraciments.com\/wp-content\/uploads\/2024\/05\/pigmento-en-bolsas-hidrosolubles.jpg\",\"datePublished\":\"2024-06-27T09:34:53+00:00\",\"dateModified\":\"2024-08-04T20:34:01+00:00\",\"description\":\"Serie H. Pigments envasat en bosses hidrosolubles per introduir directament a la formigonera, facilitant la feina i la dosificaci\u00f3.\",\"breadcrumb\":{\"@id\":\"https:\/\/www.serraciments.com\/ca\/bolses-h\/#breadcrumb\"},\"inLanguage\":\"ca\",\"potentialAction\":[{\"@type\":\"ReadAction\",\"target\":[\"https:\/\/www.serraciments.com\/ca\/bolses-h\/\"]}]},{\"@type\":\"ImageObject\",\"inLanguage\":\"ca\",\"@id\":\"https:\/\/www.serraciments.com\/ca\/bolses-h\/#primaryimage\",\"url\":\"https:\/\/www.serraciments.com\/wp-content\/uploads\/2024\/05\/pigmento-en-bolsas-hidrosolubles.jpg\",\"contentUrl\":\"https:\/\/www.serraciments.com\/wp-content\/uploads\/2024\/05\/pigmento-en-bolsas-hidrosolubles.jpg\"},{\"@type\":\"BreadcrumbList\",\"@id\":\"https:\/\/www.serraciments.com\/ca\/bolses-h\/#breadcrumb\",\"itemListElement\":[{\"@type\":\"ListItem\",\"position\":1,\"name\":\"Home\",\"item\":\"https:\/\/www.serraciments.com\/es\/\"},{\"@type\":\"ListItem\",\"position\":2,\"name\":\"Bosses H\"}]},{\"@type\":\"WebSite\",\"@id\":\"https:\/\/www.serraciments.com\/es\/#website\",\"url\":\"https:\/\/www.serraciments.com\/es\/\",\"name\":\"Serra Ciments\",\"description\":\"Productos para el hormig\u00f3n\",\"potentialAction\":[{\"@type\":\"SearchAction\",\"target\":{\"@type\":\"EntryPoint\",\"urlTemplate\":\"https:\/\/www.serraciments.com\/es\/?s={search_term_string}\"},\"query-input\":\"required name=search_term_string\"}],\"inLanguage\":\"ca\"}]}<\/script>\n<!-- \/ Yoast SEO plugin. -->","yoast_head_json":{"title":"Bosses H - Serra Ciments","description":"Serie H. Pigments envasat en bosses hidrosolubles per introduir directament a la formigonera, facilitant la feina i la dosificaci\u00f3.","robots":{"index":"index","follow":"follow","max-snippet":"max-snippet:-1","max-image-preview":"max-image-preview:large","max-video-preview":"max-video-preview:-1"},"canonical":"https:\/\/www.serraciments.com\/ca\/bolses-h\/","twitter_misc":{"Temps estimat de lectura":"2 minuts"},"schema":{"@context":"https:\/\/schema.org","@graph":[{"@type":"WebPage","@id":"https:\/\/www.serraciments.com\/ca\/bolses-h\/","url":"https:\/\/www.serraciments.com\/ca\/bolses-h\/","name":"Bosses H - Serra Ciments","isPartOf":{"@id":"https:\/\/www.serraciments.com\/es\/#website"},"primaryImageOfPage":{"@id":"https:\/\/www.serraciments.com\/ca\/bolses-h\/#primaryimage"},"image":{"@id":"https:\/\/www.serraciments.com\/ca\/bolses-h\/#primaryimage"},"thumbnailUrl":"https:\/\/www.serraciments.com\/wp-content\/uploads\/2024\/05\/pigmento-en-bolsas-hidrosolubles.jpg","datePublished":"2024-06-27T09:34:53+00:00","dateModified":"2024-08-04T20:34:01+00:00","description":"Serie H. Pigments envasat en bosses hidrosolubles per introduir directament a la formigonera, facilitant la feina i la dosificaci\u00f3.","breadcrumb":{"@id":"https:\/\/www.serraciments.com\/ca\/bolses-h\/#breadcrumb"},"inLanguage":"ca","potentialAction":[{"@type":"ReadAction","target":["https:\/\/www.serraciments.com\/ca\/bolses-h\/"]}]},{"@type":"ImageObject","inLanguage":"ca","@id":"https:\/\/www.serraciments.com\/ca\/bolses-h\/#primaryimage","url":"https:\/\/www.serraciments.com\/wp-content\/uploads\/2024\/05\/pigmento-en-bolsas-hidrosolubles.jpg","contentUrl":"https:\/\/www.serraciments.com\/wp-content\/uploads\/2024\/05\/pigmento-en-bolsas-hidrosolubles.jpg"},{"@type":"BreadcrumbList","@id":"https:\/\/www.serraciments.com\/ca\/bolses-h\/#breadcrumb","itemListElement":[{"@type":"ListItem","position":1,"name":"Home","item":"https:\/\/www.serraciments.com\/es\/"},{"@type":"ListItem","position":2,"name":"Bosses H"}]},{"@type":"WebSite","@id":"https:\/\/www.serraciments.com\/es\/#website","url":"https:\/\/www.serraciments.com\/es\/","name":"Serra Ciments","description":"Productos para el hormig\u00f3n","potentialAction":[{"@type":"SearchAction","target":{"@type":"EntryPoint","urlTemplate":"https:\/\/www.serraciments.com\/es\/?s={search_term_string}"},"query-input":"required name=search_term_string"}],"inLanguage":"ca"}]}},"_links":{"self":[{"href":"https:\/\/www.serraciments.com\/ca\/wp-json\/wp\/v2\/pages\/5528"}],"collection":[{"href":"https:\/\/www.serraciments.com\/ca\/wp-json\/wp\/v2\/pages"}],"about":[{"href":"https:\/\/www.serraciments.com\/ca\/wp-json\/wp\/v2\/types\/page"}],"author":[{"embeddable":true,"href":"https:\/\/www.serraciments.com\/ca\/wp-json\/wp\/v2\/users\/1"}],"replies":[{"embeddable":true,"href":"https:\/\/www.serraciments.com\/ca\/wp-json\/wp\/v2\/comments?post=5528"}],"version-history":[{"count":4,"href":"https:\/\/www.serraciments.com\/ca\/wp-json\/wp\/v2\/pages\/5528\/revisions"}],"predecessor-version":[{"id":6590,"href":"https:\/\/www.serraciments.com\/ca\/wp-json\/wp\/v2\/pages\/5528\/revisions\/6590"}],"wp:attachment":[{"href":"https:\/\/www.serraciments.com\/ca\/wp-json\/wp\/v2\/media?parent=5528"}],"curies":[{"name":"wp","href":"https:\/\/api.w.org\/{rel}","templated":true}]}}