{"id":110,"date":"2017-09-01T18:56:53","date_gmt":"2017-09-01T16:56:53","guid":{"rendered":"https:\/\/www.www.serraciments.com\/?page_id=110\/"},"modified":"2024-07-18T19:19:54","modified_gmt":"2024-07-18T17:19:54","slug":"serra-ciments-empresa","status":"publish","type":"page","link":"https:\/\/www.serraciments.com\/es\/serra-ciments-empresa\/","title":{"rendered":"Empresa"},"content":{"rendered":"\n<section class=\"sc-inner-banner\">\n    <div class=\"container\">\n      <div class=\"row\">\n        <div class=\"col-md-6 order-md-2 p-0\">\n          <img decoding=\"async\" src=\"https:\/\/www.serraciments.com\/wp-content\/uploads\/2024\/05\/embresa-banner.jpg\" alt=\"Serra Ciments\" class=\"img-fluid\">\n        <\/div>\n        <div class=\"col-md-6 my-auto\">    \n          <div class=\"sc-inner-caption ms-md-auto\">\n            <h1>Serra Ciments<\/h1>\n            <p>Serra Ciments es una empresa con m\u00e1s de 80 a\u00f1os de experiencia. Centra su actividad en el suministro de pigmentos para hormig\u00f3n y productos para la fabricaci\u00f3n y embellecimiento de todo tipo de trabajos con morteros y hormigones.<\/p>\n          <\/div> \n        <\/div>\n      <\/div>       \n    <\/div>\n  <\/section>\n\n  <section class=\"se-embresa-grid\">\n    <div class=\"container\">\n      <div class=\"row\">\n        <div class=\"col-lg-4 col-sm-6\">\n          <div class=\"se-embresa-item\">\n            <img decoding=\"async\" src=\"https:\/\/www.serraciments.com\/wp-content\/uploads\/2024\/05\/80.png\" alt=\"\" class=\"img-fluid\">\n            <h2>Hist\u00f3ria Serra Ciments<\/h2>\n            <p>Serra Ciments es una empresa con una antig\u00fcedad de m\u00e1s de 80 a\u00f1os. Centra su actividad en el suministro de productos para la fabricaci\u00f3n y embellecimiento de  todo tipo de trabajos con morteros y hormigones.<\/p>\n          <\/div>\n        <\/div>\n        <div class=\"col-lg-4 col-sm-6\">\n          <div class=\"se-embresa-item\">\n            <img decoding=\"async\" src=\"https:\/\/www.serraciments.com\/wp-content\/uploads\/2024\/05\/sc-placa.png\" alt=\"SC Pigments\" class=\"img-fluid\">\n            <h2>SC Pigments \u00ae<\/h2>\n            <p>Fabricamos y distribuimos nuestra marca de pigmentos inorg\u00e1nicos para cemento, mortero y hormig\u00f3n SC Pigments. Amplia gama de pigmentos de \u00f3xido de hierro, \u00f3xido de cromo, di\u00f3xido de titanio, azules de cobalto y negros de carbono.<\/p>\n          <\/div>\n        <\/div>\n        <div class=\"col-lg-4 col-sm-6\">\n          <div class=\"se-embresa-item\">\n            <img decoding=\"async\" src=\"https:\/\/www.serraciments.com\/wp-content\/uploads\/2024\/05\/pastilla.png\" alt=\"\" class=\"img-fluid\">\n            <h2>Serie H\u00ae (hidrosoluble).<\/h2>\n            <p>Concienciados con la sostenibilidad. Envasamos el pigmento en bolsas biodegradables para introducir directamente en la cuba hormigonera, eliminando el residuo de pl\u00e1stico y facilitando la ejecuci\u00f3n.<\/p>\n          <\/div>\n        <\/div>\n        <div class=\"col-lg-4 col-sm-6\">\n          <div class=\"se-embresa-item\">\n            <img decoding=\"async\" src=\"https:\/\/www.serraciments.com\/wp-content\/uploads\/2024\/05\/pin.png\" alt=\"Ubicados en Barcelona\" class=\"img-fluid\">\n            <h2>Ubicados en Barcelona<\/h2>\n            <p>Serra Ciments Pigments, S.L.<br>C\/ Monturiol, 8 Polg. Ind. Sud<br>08754 El Papiol, Barcelona.<\/p>\n          <\/div>\n        <\/div>\n        <div class=\"col-lg-4 col-sm-6\">\n          <div class=\"se-embresa-item\">\n            <img decoding=\"async\" src=\"https:\/\/www.serraciments.com\/wp-content\/uploads\/2024\/05\/CE.png\" alt=\"Certificado CE\" class=\"img-fluid\">\n            <h2>Certificado CE<\/h2>\n            <p>Distintivo del marcado CE y conforme a la norma UNE-EN 12878:200 para todos los productos para el hormig\u00f3n.<\/p>\n          <\/div>\n        <\/div>\n        <div class=\"col-lg-4 col-sm-6\">\n          <div class=\"se-embresa-item\">\n            <img decoding=\"async\" src=\"https:\/\/www.serraciments.com\/wp-content\/uploads\/2024\/05\/id.png\" alt=\"Investigaci\u00f3n y desarrollo\" class=\"img-fluid\">\n            <h2>Investigaci\u00f3n y desarrollo<\/h2>\n            <p>Investigaci\u00f3n en materiales avanzados, eco-innovaci\u00f3n y nuevas tecnologias aplicadas al sector de la construcci\u00f3n.<\/p>\n          <\/div>\n        <\/div>\n      <\/div>\n    <\/div>\n  <\/section>\n\n  <section class=\"sc-embresa-bottom\">\n    <div class=\"sc-embresa-bottom-row\">\n      <div class=\"sc-embresa-bot-col\">\n        <div class=\"sc-embresa-bot-content\">\n          <h2>Fabricamos<\/h2>\n          <p>Fabricaci\u00f3n y formulaci\u00f3n propia de las referencias de color de los pigmentos para cemento, mortero y hormig\u00f3n SC Pigments. <\/p>\n        <\/div>\n      <\/div>\n      <div class=\"sc-embresa-bot-col\">\n        <div class=\"sc-embresa-bot-content\">\n          <h2>Distribuimos<\/h2>\n          <p>Distribuimos productos especializados de las marcas m\u00e1s destacadas del sector para garantizar los mejores resultados.<\/p>\n        <\/div>\n      <\/div>\n      <div class=\"sc-embresa-bot-col\">\n        <div class=\"sc-embresa-bot-content\">\n          <h2>Acompa\u00f1amos <\/h2>\n          <p>Realizamos pruebas de color para encontrar el color deseado y orientamos sobre el mejor producto para cada aplicaci\u00f3n. <\/p>\n        <\/div>\n      <\/div>\n      <div class=\"sc-embresa-bot-col\">\n        <div class=\"sc-embresa-bot-content\">\n          <h2>Contacto <\/h2>\n          <p>Tel\u00e9fono: <a href=\"tel:+34 93 673 20 73\">+34 93 673 20 73<\/a><br>Mail: <a href=\"mailto:info@serraciments.com\">info@serraciments.com<\/a><\/p>\n          <a href=\"https:\/\/www.serraciments.com\/es\/contacto\/\" class=\"btn btn-default white outline\">Cont\u00e1ctanos<\/a>\n        <\/div>\n      <\/div>\n    <\/div>\n  <\/section>\n","protected":false},"excerpt":{"rendered":"<p>Serra Ciments Serra Ciments es una empresa con m\u00e1s de 80 a\u00f1os de experiencia. Centra su actividad en el suministro [&hellip;]<\/p>\n","protected":false},"author":1,"featured_media":0,"parent":0,"menu_order":29,"comment_status":"closed","ping_status":"closed","template":"empresa.php","meta":{"footnotes":""},"class_list":["post-110","page","type-page","status-publish","hentry"],"yoast_head":"<!-- This site is optimized with the Yoast SEO plugin v23.3 - https:\/\/yoast.com\/wordpress\/plugins\/seo\/ -->\n<title>Serra Ciments Pigments \/ Empresa \/ Productos para el hormig\u00f3n<\/title>\n<meta name=\"description\" content=\"Serra Ciments es una empresa especializada en pigmentos inorg\u00e1nicos (\u00f3xidos de hierro, \u00f3xido de cromo, etc.) para dar color a morteros y hormigones.\" \/>\n<meta name=\"robots\" content=\"index, follow, max-snippet:-1, max-image-preview:large, max-video-preview:-1\" \/>\n<link rel=\"canonical\" href=\"https:\/\/www.serraciments.com\/es\/serra-ciments-empresa\/\" \/>\n<meta name=\"twitter:label1\" content=\"Tiempo de lectura\" \/>\n\t<meta name=\"twitter:data1\" content=\"3 minutos\" \/>\n<script type=\"application\/ld+json\" class=\"yoast-schema-graph\">{\"@context\":\"https:\/\/schema.org\",\"@graph\":[{\"@type\":\"WebPage\",\"@id\":\"https:\/\/www.serraciments.com\/es\/serra-ciments-empresa\/\",\"url\":\"https:\/\/www.serraciments.com\/es\/serra-ciments-empresa\/\",\"name\":\"Serra Ciments Pigments \/ Empresa \/ Productos para el hormig\u00f3n\",\"isPartOf\":{\"@id\":\"https:\/\/www.serraciments.com\/es\/#website\"},\"primaryImageOfPage\":{\"@id\":\"https:\/\/www.serraciments.com\/es\/serra-ciments-empresa\/#primaryimage\"},\"image\":{\"@id\":\"https:\/\/www.serraciments.com\/es\/serra-ciments-empresa\/#primaryimage\"},\"thumbnailUrl\":\"https:\/\/www.serraciments.com\/wp-content\/uploads\/2024\/05\/embresa-banner.jpg\",\"datePublished\":\"2017-09-01T16:56:53+00:00\",\"dateModified\":\"2024-07-18T17:19:54+00:00\",\"description\":\"Serra Ciments es una empresa especializada en pigmentos inorg\u00e1nicos (\u00f3xidos de hierro, \u00f3xido de cromo, etc.) para dar color a morteros y hormigones.\",\"breadcrumb\":{\"@id\":\"https:\/\/www.serraciments.com\/es\/serra-ciments-empresa\/#breadcrumb\"},\"inLanguage\":\"es\",\"potentialAction\":[{\"@type\":\"ReadAction\",\"target\":[\"https:\/\/www.serraciments.com\/es\/serra-ciments-empresa\/\"]}]},{\"@type\":\"ImageObject\",\"inLanguage\":\"es\",\"@id\":\"https:\/\/www.serraciments.com\/es\/serra-ciments-empresa\/#primaryimage\",\"url\":\"https:\/\/www.serraciments.com\/wp-content\/uploads\/2024\/05\/embresa-banner.jpg\",\"contentUrl\":\"https:\/\/www.serraciments.com\/wp-content\/uploads\/2024\/05\/embresa-banner.jpg\"},{\"@type\":\"BreadcrumbList\",\"@id\":\"https:\/\/www.serraciments.com\/es\/serra-ciments-empresa\/#breadcrumb\",\"itemListElement\":[{\"@type\":\"ListItem\",\"position\":1,\"name\":\"Home\",\"item\":\"https:\/\/www.serraciments.com\/es\/\"},{\"@type\":\"ListItem\",\"position\":2,\"name\":\"Empresa\"}]},{\"@type\":\"WebSite\",\"@id\":\"https:\/\/www.serraciments.com\/es\/#website\",\"url\":\"https:\/\/www.serraciments.com\/es\/\",\"name\":\"Serra Ciments\",\"description\":\"Productos para el hormig\u00f3n\",\"potentialAction\":[{\"@type\":\"SearchAction\",\"target\":{\"@type\":\"EntryPoint\",\"urlTemplate\":\"https:\/\/www.serraciments.com\/es\/?s={search_term_string}\"},\"query-input\":\"required name=search_term_string\"}],\"inLanguage\":\"es\"}]}<\/script>\n<!-- \/ Yoast SEO plugin. -->","yoast_head_json":{"title":"Serra Ciments Pigments \/ Empresa \/ Productos para el hormig\u00f3n","description":"Serra Ciments es una empresa especializada en pigmentos inorg\u00e1nicos (\u00f3xidos de hierro, \u00f3xido de cromo, etc.) para dar color a morteros y hormigones.","robots":{"index":"index","follow":"follow","max-snippet":"max-snippet:-1","max-image-preview":"max-image-preview:large","max-video-preview":"max-video-preview:-1"},"canonical":"https:\/\/www.serraciments.com\/es\/serra-ciments-empresa\/","twitter_misc":{"Tiempo de lectura":"3 minutos"},"schema":{"@context":"https:\/\/schema.org","@graph":[{"@type":"WebPage","@id":"https:\/\/www.serraciments.com\/es\/serra-ciments-empresa\/","url":"https:\/\/www.serraciments.com\/es\/serra-ciments-empresa\/","name":"Serra Ciments Pigments \/ Empresa \/ Productos para el hormig\u00f3n","isPartOf":{"@id":"https:\/\/www.serraciments.com\/es\/#website"},"primaryImageOfPage":{"@id":"https:\/\/www.serraciments.com\/es\/serra-ciments-empresa\/#primaryimage"},"image":{"@id":"https:\/\/www.serraciments.com\/es\/serra-ciments-empresa\/#primaryimage"},"thumbnailUrl":"https:\/\/www.serraciments.com\/wp-content\/uploads\/2024\/05\/embresa-banner.jpg","datePublished":"2017-09-01T16:56:53+00:00","dateModified":"2024-07-18T17:19:54+00:00","description":"Serra Ciments es una empresa especializada en pigmentos inorg\u00e1nicos (\u00f3xidos de hierro, \u00f3xido de cromo, etc.) para dar color a morteros y hormigones.","breadcrumb":{"@id":"https:\/\/www.serraciments.com\/es\/serra-ciments-empresa\/#breadcrumb"},"inLanguage":"es","potentialAction":[{"@type":"ReadAction","target":["https:\/\/www.serraciments.com\/es\/serra-ciments-empresa\/"]}]},{"@type":"ImageObject","inLanguage":"es","@id":"https:\/\/www.serraciments.com\/es\/serra-ciments-empresa\/#primaryimage","url":"https:\/\/www.serraciments.com\/wp-content\/uploads\/2024\/05\/embresa-banner.jpg","contentUrl":"https:\/\/www.serraciments.com\/wp-content\/uploads\/2024\/05\/embresa-banner.jpg"},{"@type":"BreadcrumbList","@id":"https:\/\/www.serraciments.com\/es\/serra-ciments-empresa\/#breadcrumb","itemListElement":[{"@type":"ListItem","position":1,"name":"Home","item":"https:\/\/www.serraciments.com\/es\/"},{"@type":"ListItem","position":2,"name":"Empresa"}]},{"@type":"WebSite","@id":"https:\/\/www.serraciments.com\/es\/#website","url":"https:\/\/www.serraciments.com\/es\/","name":"Serra Ciments","description":"Productos para el hormig\u00f3n","potentialAction":[{"@type":"SearchAction","target":{"@type":"EntryPoint","urlTemplate":"https:\/\/www.serraciments.com\/es\/?s={search_term_string}"},"query-input":"required name=search_term_string"}],"inLanguage":"es"}]}},"_links":{"self":[{"href":"https:\/\/www.serraciments.com\/es\/wp-json\/wp\/v2\/pages\/110"}],"collection":[{"href":"https:\/\/www.serraciments.com\/es\/wp-json\/wp\/v2\/pages"}],"about":[{"href":"https:\/\/www.serraciments.com\/es\/wp-json\/wp\/v2\/types\/page"}],"author":[{"embeddable":true,"href":"https:\/\/www.serraciments.com\/es\/wp-json\/wp\/v2\/users\/1"}],"replies":[{"embeddable":true,"href":"https:\/\/www.serraciments.com\/es\/wp-json\/wp\/v2\/comments?post=110"}],"version-history":[{"count":34,"href":"https:\/\/www.serraciments.com\/es\/wp-json\/wp\/v2\/pages\/110\/revisions"}],"predecessor-version":[{"id":6315,"href":"https:\/\/www.serraciments.com\/es\/wp-json\/wp\/v2\/pages\/110\/revisions\/6315"}],"wp:attachment":[{"href":"https:\/\/www.serraciments.com\/es\/wp-json\/wp\/v2\/media?parent=110"}],"curies":[{"name":"wp","href":"https:\/\/api.w.org\/{rel}","templated":true}]}}