{"id":1223,"date":"2017-10-18T21:10:56","date_gmt":"2017-10-18T19:10:56","guid":{"rendered":"https:\/\/www.www.serraciments.com\/?page_id=1223\/"},"modified":"2024-07-02T13:46:24","modified_gmt":"2024-07-02T11:46:24","slug":"productos-para-la-construccion","status":"publish","type":"page","link":"https:\/\/www.serraciments.com\/es\/productos-para-la-construccion\/","title":{"rendered":"Productos"},"content":{"rendered":"","protected":false},"excerpt":{"rendered":"","protected":false},"author":1,"featured_media":0,"parent":0,"menu_order":55,"comment_status":"closed","ping_status":"closed","template":"productos.php","meta":{"footnotes":""},"class_list":["post-1223","page","type-page","status-publish","hentry"],"yoast_head":"<!-- This site is optimized with the Yoast SEO plugin v23.3 - https:\/\/yoast.com\/wordpress\/plugins\/seo\/ -->\n<title>Productos para la Construcci\u00f3n. Pigmentos, fibras, aditivos, cementos<\/title>\n<meta name=\"description\" content=\"Productos para la construcci\u00f3n. Pigmentos para hormig\u00f3n, fibras de polipropileno, de vidio, de acero, aditivos para hormig\u00f3n, productos de acabado, ...\" \/>\n<meta name=\"robots\" content=\"index, follow, max-snippet:-1, max-image-preview:large, max-video-preview:-1\" \/>\n<link rel=\"canonical\" href=\"https:\/\/www.serraciments.com\/es\/productos-para-la-construccion\/\" \/>\n<meta name=\"twitter:label1\" content=\"Tiempo de lectura\" \/>\n\t<meta name=\"twitter:data1\" content=\"1 minuto\" \/>\n<script type=\"application\/ld+json\" class=\"yoast-schema-graph\">{\"@context\":\"https:\/\/schema.org\",\"@graph\":[{\"@type\":\"WebPage\",\"@id\":\"https:\/\/www.serraciments.com\/es\/productos-para-la-construccion\/\",\"url\":\"https:\/\/www.serraciments.com\/es\/productos-para-la-construccion\/\",\"name\":\"Productos para la Construcci\u00f3n. Pigmentos, fibras, aditivos, cementos\",\"isPartOf\":{\"@id\":\"https:\/\/www.serraciments.com\/es\/#website\"},\"datePublished\":\"2017-10-18T19:10:56+00:00\",\"dateModified\":\"2024-07-02T11:46:24+00:00\",\"description\":\"Productos para la construcci\u00f3n. Pigmentos para hormig\u00f3n, fibras de polipropileno, de vidio, de acero, aditivos para hormig\u00f3n, productos de acabado, ...\",\"breadcrumb\":{\"@id\":\"https:\/\/www.serraciments.com\/es\/productos-para-la-construccion\/#breadcrumb\"},\"inLanguage\":\"es\",\"potentialAction\":[{\"@type\":\"ReadAction\",\"target\":[\"https:\/\/www.serraciments.com\/es\/productos-para-la-construccion\/\"]}]},{\"@type\":\"BreadcrumbList\",\"@id\":\"https:\/\/www.serraciments.com\/es\/productos-para-la-construccion\/#breadcrumb\",\"itemListElement\":[{\"@type\":\"ListItem\",\"position\":1,\"name\":\"Home\",\"item\":\"https:\/\/www.serraciments.com\/es\/\"},{\"@type\":\"ListItem\",\"position\":2,\"name\":\"Productos\"}]},{\"@type\":\"WebSite\",\"@id\":\"https:\/\/www.serraciments.com\/es\/#website\",\"url\":\"https:\/\/www.serraciments.com\/es\/\",\"name\":\"Serra Ciments\",\"description\":\"Productos para el hormig\u00f3n\",\"potentialAction\":[{\"@type\":\"SearchAction\",\"target\":{\"@type\":\"EntryPoint\",\"urlTemplate\":\"https:\/\/www.serraciments.com\/es\/?s={search_term_string}\"},\"query-input\":\"required name=search_term_string\"}],\"inLanguage\":\"es\"}]}<\/script>\n<!-- \/ Yoast SEO plugin. -->","yoast_head_json":{"title":"Productos para la Construcci\u00f3n. Pigmentos, fibras, aditivos, cementos","description":"Productos para la construcci\u00f3n. Pigmentos para hormig\u00f3n, fibras de polipropileno, de vidio, de acero, aditivos para hormig\u00f3n, productos de acabado, ...","robots":{"index":"index","follow":"follow","max-snippet":"max-snippet:-1","max-image-preview":"max-image-preview:large","max-video-preview":"max-video-preview:-1"},"canonical":"https:\/\/www.serraciments.com\/es\/productos-para-la-construccion\/","twitter_misc":{"Tiempo de lectura":"1 minuto"},"schema":{"@context":"https:\/\/schema.org","@graph":[{"@type":"WebPage","@id":"https:\/\/www.serraciments.com\/es\/productos-para-la-construccion\/","url":"https:\/\/www.serraciments.com\/es\/productos-para-la-construccion\/","name":"Productos para la Construcci\u00f3n. Pigmentos, fibras, aditivos, cementos","isPartOf":{"@id":"https:\/\/www.serraciments.com\/es\/#website"},"datePublished":"2017-10-18T19:10:56+00:00","dateModified":"2024-07-02T11:46:24+00:00","description":"Productos para la construcci\u00f3n. Pigmentos para hormig\u00f3n, fibras de polipropileno, de vidio, de acero, aditivos para hormig\u00f3n, productos de acabado, ...","breadcrumb":{"@id":"https:\/\/www.serraciments.com\/es\/productos-para-la-construccion\/#breadcrumb"},"inLanguage":"es","potentialAction":[{"@type":"ReadAction","target":["https:\/\/www.serraciments.com\/es\/productos-para-la-construccion\/"]}]},{"@type":"BreadcrumbList","@id":"https:\/\/www.serraciments.com\/es\/productos-para-la-construccion\/#breadcrumb","itemListElement":[{"@type":"ListItem","position":1,"name":"Home","item":"https:\/\/www.serraciments.com\/es\/"},{"@type":"ListItem","position":2,"name":"Productos"}]},{"@type":"WebSite","@id":"https:\/\/www.serraciments.com\/es\/#website","url":"https:\/\/www.serraciments.com\/es\/","name":"Serra Ciments","description":"Productos para el hormig\u00f3n","potentialAction":[{"@type":"SearchAction","target":{"@type":"EntryPoint","urlTemplate":"https:\/\/www.serraciments.com\/es\/?s={search_term_string}"},"query-input":"required name=search_term_string"}],"inLanguage":"es"}]}},"_links":{"self":[{"href":"https:\/\/www.serraciments.com\/es\/wp-json\/wp\/v2\/pages\/1223"}],"collection":[{"href":"https:\/\/www.serraciments.com\/es\/wp-json\/wp\/v2\/pages"}],"about":[{"href":"https:\/\/www.serraciments.com\/es\/wp-json\/wp\/v2\/types\/page"}],"author":[{"embeddable":true,"href":"https:\/\/www.serraciments.com\/es\/wp-json\/wp\/v2\/users\/1"}],"replies":[{"embeddable":true,"href":"https:\/\/www.serraciments.com\/es\/wp-json\/wp\/v2\/comments?post=1223"}],"version-history":[{"count":5,"href":"https:\/\/www.serraciments.com\/es\/wp-json\/wp\/v2\/pages\/1223\/revisions"}],"predecessor-version":[{"id":5725,"href":"https:\/\/www.serraciments.com\/es\/wp-json\/wp\/v2\/pages\/1223\/revisions\/5725"}],"wp:attachment":[{"href":"https:\/\/www.serraciments.com\/es\/wp-json\/wp\/v2\/media?parent=1223"}],"curies":[{"name":"wp","href":"https:\/\/api.w.org\/{rel}","templated":true}]}}