{"id":4403,"date":"2024-05-02T12:50:17","date_gmt":"2024-05-02T10:50:17","guid":{"rendered":"https:\/\/www.serraciments.com\/?page_id=4403"},"modified":"2026-02-02T17:24:47","modified_gmt":"2026-02-02T16:24:47","slug":"aplicaciones","status":"publish","type":"page","link":"https:\/\/www.serraciments.com\/es\/aplicaciones\/","title":{"rendered":"Aplicaciones"},"content":{"rendered":"\n<section class=\"sc-inner-banner light\">\n  <div class=\"container\">\n    <div class=\"row\">\n      <div class=\"col-md-6 order-sm-2 p-0\">\n<figure class=\"fixed-aspect-aplicaciones figure\">\n        <img decoding=\"async\" src=\"https:\/\/www.serraciments.com\/wp-content\/uploads\/2024\/06\/pavimentosdehormigonenmasa2.jpg\"\n          class=\"img-fluid w-100\">\n<\/figure>\n      <\/div>\n      <div class=\"col-md-6 my-auto\">\n        <div class=\"sc-inner-caption ms-auto\">\n          <h1>Aplicaciones<\/h1>\n          <p>Descubre las m\u00faltiples aplicaciones de la l\u00ednea SC Pigments para dar color al cemento, mortero y hormig\u00f3n.<\/p>\n        <\/div>\n      <\/div>\n    <\/div>\n  <\/div>\n<\/section>\n\n<section class=\"sc-color-middle sc-Aplicaciones-wrap\">\n  <div class=\"container\">\n    <div class=\"sc-section-head\">\n      <h2 class=\"sc-section-title\">Usos de pigmentos en distintas aplicaciones<\/h2>\n    <\/div>\n\n\n    <div class=\"accordion accordion-flush \" id=\"accordionAplicaciones\">\n      <div class=\"accordion-item\">\n        <h2 class=\"accordion-header\">\n          <button class=\"accordion-button collapsed\" type=\"button\" data-bs-toggle=\"collapse\"\n            data-bs-target=\"#flush-collapse_1\" aria-expanded=\"false\" aria-controls=\"flush-collapse_1\">\n            Plantas de hormig\u00f3n\n          <\/button>\n        <\/h2>\n        <div id=\"flush-collapse_1\" class=\"accordion-collapse collapse\" data-bs-parent=\"#accordionAplicaciones\">\n          <div class=\"accordion-body\">\n            <div class=\"row g-0 g-md-3\">\n              <div class=\"col-6\">\n                <div class=\"sc-img-wrap\">\n                  <img decoding=\"async\" src=\"https:\/\/www.serraciments.com\/wp-content\/uploads\/2024\/06\/plantasdehormigon1.jpg\" class=\"img-fluid\"\n                    alt=\"Aplicaciones Plantas de Hormig\u00f3n\" \/>\n                <\/div>\n              <\/div>\n              <div class=\"col-6\">\n                <div class=\"sc-img-wrap\">\n                  <img decoding=\"async\" src=\"https:\/\/www.serraciments.com\/wp-content\/uploads\/2024\/06\/plantasdehormigon2.jpg\" class=\"img-fluid\"\n                    alt=\"Aplicaciones Plantas de Hormig\u00f3n\" \/>\n                <\/div>\n              <\/div>\n            <\/div>\n          <\/div>\n        <\/div>\n      <\/div>\n\n      <div class=\"accordion-item\">\n        <h2 class=\"accordion-header\">\n          <button class=\"accordion-button collapsed\" type=\"button\" data-bs-toggle=\"collapse\"\n            data-bs-target=\"#flush-collapse_2\" aria-expanded=\"false\" aria-controls=\"flush-collapse_2\">\n            Pavimentos de hormig\u00f3n\n          <\/button>\n        <\/h2>\n        <div id=\"flush-collapse_2\" class=\"accordion-collapse collapse\" data-bs-parent=\"#accordionAplicaciones\">\n          <div class=\"accordion-body\">\n            <div class=\"row g-0 g-md-3\">\n              <div class=\"col-6\">\n                <div class=\"sc-img-wrap\">\n                  <img decoding=\"async\" src=\"https:\/\/www.serraciments.com\/wp-content\/uploads\/2024\/06\/pavimentosdehormigonenmasa.jpg\" class=\"img-fluid\"\n                    alt=\"Aplicaciones pavimentos de hormig\u00f3n\" \/>\n                <\/div>\n              <\/div>\n              <div class=\"col-6\">\n                <div class=\"sc-img-wrap\">\n                  <img decoding=\"async\" src=\"https:\/\/www.serraciments.com\/wp-content\/uploads\/2024\/06\/pavimentosdehormigonenmasa2.jpg\" class=\"img-fluid\"\n                    alt=\"Aplicaciones pavimentos de hormig\u00f3n\" \/>\n                <\/div>\n              <\/div>\n            <\/div>\n          <\/div>\n        <\/div>\n      <\/div>\n\n      <div class=\"accordion-item\">\n        <h2 class=\"accordion-header\">\n          <button class=\"accordion-button collapsed\" type=\"button\" data-bs-toggle=\"collapse\"\n            data-bs-target=\"#flush-collapse_3\" aria-expanded=\"false\" aria-controls=\"flush-collapse_3\">\n            Pavimentos desactivados\n          <\/button>\n        <\/h2>\n        <div id=\"flush-collapse_3\" class=\"accordion-collapse collapse\" data-bs-parent=\"#accordionAplicaciones\">\n          <div class=\"accordion-body\">\n            <div class=\"row g-0 g-md-3\">\n              <div class=\"col-6\">\n                <div class=\"sc-img-wrap\">\n                  <img decoding=\"async\" src=\"https:\/\/www.serraciments.com\/wp-content\/uploads\/2024\/06\/pavimentodesactivado1.jpg\" class=\"img-fluid\"\n                    alt=\"Aplicaciones pavimentos desactivados\" \/>\n                <\/div>\n              <\/div>\n              <div class=\"col-6\">\n                <div class=\"sc-img-wrap\">\n                  <img decoding=\"async\" src=\"https:\/\/www.serraciments.com\/wp-content\/uploads\/2024\/06\/pavimentodesactivado2.jpg\" class=\"img-fluid\"\n                    alt=\"Aplicaciones pavimentos desactivados\" \/>\n                <\/div>\n              <\/div>\n            <\/div>\n          <\/div>\n        <\/div>\n      <\/div>\n\n      <div class=\"accordion-item\">\n        <h2 class=\"accordion-header\">\n          <button class=\"accordion-button collapsed\" type=\"button\" data-bs-toggle=\"collapse\"\n            data-bs-target=\"#flush-collapse_4\" aria-expanded=\"false\" aria-controls=\"flush-collapse_4\">\n            Gunitados de color\n          <\/button>\n        <\/h2>\n        <div id=\"flush-collapse_4\" class=\"accordion-collapse collapse\" data-bs-parent=\"#accordionAplicaciones\">\n          <div class=\"accordion-body\">\n            <div class=\"row g-0 g-md-3\">\n              <div class=\"col-6\">\n                <div class=\"sc-img-wrap\">\n                  <img decoding=\"async\" src=\"https:\/\/www.serraciments.com\/wp-content\/uploads\/2024\/06\/gunitadodecolor.jpg\" class=\"img-fluid\"\n                    alt=\"Aplicaciones gunitados de color\" \/>\n                <\/div>\n              <\/div>\n              <div class=\"col-6\">\n                <div class=\"sc-img-wrap\">\n                  <img decoding=\"async\" src=\"https:\/\/www.serraciments.com\/wp-content\/uploads\/2024\/06\/gunitadodecolor2.jpg\" class=\"img-fluid\"\n                    alt=\"Aplicaciones gunitados de color\" \/>\n                <\/div>\n              <\/div>\n            <\/div>\n          <\/div>\n        <\/div>\n      <\/div>\n\n      <div class=\"accordion-item\">\n        <h2 class=\"accordion-header\">\n          <button class=\"accordion-button collapsed\" type=\"button\" data-bs-toggle=\"collapse\"\n            data-bs-target=\"#flush-collapse_5\" aria-expanded=\"false\" aria-controls=\"flush-collapse_5\">\n            Prefabricados de hormig\u00f3n\n          <\/button>\n        <\/h2>\n        <div id=\"flush-collapse_5\" class=\"accordion-collapse collapse\" data-bs-parent=\"#accordionAplicaciones\">\n          <div class=\"accordion-body\">\n            <div class=\"row g-0 g-md-3\">\n              <div class=\"col-6\">\n                <div class=\"sc-img-wrap\">\n                  <img decoding=\"async\" src=\"https:\/\/www.serraciments.com\/wp-content\/uploads\/2024\/06\/prefabricadosdehormigon1.jpg\" class=\"img-fluid\"\n                    alt=\"Aplicaciones Prefabricados de hormig\u00f3n\" \/>\n                <\/div>\n              <\/div>\n              <div class=\"col-6\">\n                <div class=\"sc-img-wrap\">\n                  <img decoding=\"async\" src=\"https:\/\/www.serraciments.com\/wp-content\/uploads\/2024\/06\/71716ef3981bc97d7dcb71b3f473153980173aff.jpg\"\n                    alt=\"Aplicaciones Prefabricados de hormig\u00f3n\" \/>\n                <\/div>\n              <\/div>\n            <\/div>\n          <\/div>\n        <\/div>\n      <\/div>\n\n      <div class=\"accordion-item\">\n        <h2 class=\"accordion-header\">\n          <button class=\"accordion-button collapsed\" type=\"button\" data-bs-toggle=\"collapse\"\n            data-bs-target=\"#flush-collapse_6\" aria-expanded=\"false\" aria-controls=\"flush-collapse_6\">\n            Bloques de hormig\u00f3n\n          <\/button>\n        <\/h2>\n        <div id=\"flush-collapse_6\" class=\"accordion-collapse collapse\" data-bs-parent=\"#accordionAplicaciones\">\n          <div class=\"accordion-body\">\n            <div class=\"row g-0 g-md-3\">\n              <div class=\"col-6\">\n                <div class=\"sc-img-wrap\">\n                  <img decoding=\"async\" src=\"https:\/\/www.serraciments.com\/wp-content\/uploads\/2024\/06\/bloquesdehormigon1.jpg\" class=\"img-fluid\"\n                    alt=\"Aplicaciones bloques de hormig\u00f3n\" \/>\n                <\/div>\n              <\/div>\n              <div class=\"col-6\">\n                <div class=\"sc-img-wrap\">\n                  <img decoding=\"async\" src=\"https:\/\/www.serraciments.com\/wp-content\/uploads\/2024\/06\/bloquesdehormigon2.jpg\" class=\"img-fluid\"\n                    alt=\"Aplicaciones bloques de hormig\u00f3n\" \/>\n                <\/div>\n              <\/div>\n            <\/div>\n          <\/div>\n        <\/div>\n      <\/div>\n        \n          <div class=\"accordion-item\">\n        <h2 class=\"accordion-header\">\n          <button class=\"accordion-button collapsed\" type=\"button\" data-bs-toggle=\"collapse\"\n            data-bs-target=\"#flush-collapse_7\" aria-expanded=\"false\" aria-controls=\"flush-collapse_7\">\n            Mosaico hidr\u00e1ulico\n          <\/button>\n        <\/h2>\n        <div id=\"flush-collapse_7\" class=\"accordion-collapse collapse\" data-bs-parent=\"#accordionAplicaciones\">\n          <div class=\"accordion-body\">\n            <div class=\"row g-0 g-md-3\">\n              <div class=\"col-6\">\n                <div class=\"sc-img-wrap\">\n                  <img decoding=\"async\" src=\"https:\/\/www.serraciments.com\/wp-content\/uploads\/2024\/06\/mosaicohidraulico1.jpg\" class=\"img-fluid\"\n                    alt=\"Aplicaciones mosaico hidr\u00e1ulico\" \/>\n                <\/div>\n              <\/div>\n              <div class=\"col-6\">\n                <div class=\"sc-img-wrap\">\n                  <img decoding=\"async\" src=\"https:\/\/www.serraciments.com\/wp-content\/uploads\/2024\/06\/baldosahidraulica2.jpg\" class=\"img-fluid\"\n                    alt=\"Aplicaciones mosaico hidr\u00e1ulico\" \/>\n                <\/div>\n              <\/div>\n            <\/div>\n          <\/div>\n        <\/div>\n      <\/div>\n        \n        \n          <div class=\"accordion-item\">\n        <h2 class=\"accordion-header\">\n          <button class=\"accordion-button collapsed\" type=\"button\" data-bs-toggle=\"collapse\"\n            data-bs-target=\"#flush-collapse_8\" aria-expanded=\"false\" aria-controls=\"flush-collapse_8\">\n            Mortero obra vista \n          <\/button>\n        <\/h2>\n        <div id=\"flush-collapse_8\" class=\"accordion-collapse collapse\" data-bs-parent=\"#accordionAplicaciones\">\n          <div class=\"accordion-body\">\n            <div class=\"row g-0 g-md-3\">\n              <div class=\"col-6\">\n                <div class=\"sc-img-wrap\">\n                  <img decoding=\"async\" src=\"https:\/\/www.serraciments.com\/wp-content\/uploads\/2024\/06\/obravista1.jpg\" class=\"img-fluid\"\n                    alt=\"Aplicaciones Mortero obra vista\" \/>\n                <\/div>\n              <\/div>\n              <div class=\"col-6\">\n                <div class=\"sc-img-wrap\">\n                  <img decoding=\"async\" src=\"https:\/\/www.serraciments.com\/wp-content\/uploads\/2024\/06\/obravista2.jpg\" class=\"img-fluid\"\n                    alt=\"Aplicaciones Mortero obra vista\" \/>\n                <\/div>\n              <\/div>\n            <\/div>\n          <\/div>\n        <\/div>\n      <\/div>\n        \n          <div class=\"accordion-item\">\n        <h2 class=\"accordion-header\">\n          <button class=\"accordion-button collapsed\" type=\"button\" data-bs-toggle=\"collapse\"\n            data-bs-target=\"#flush-collapse_9\" aria-expanded=\"false\" aria-controls=\"flush-collapse_9\">\n            Skateparks\n          <\/button>\n        <\/h2>\n        <div id=\"flush-collapse_9\" class=\"accordion-collapse collapse\" data-bs-parent=\"#accordionAplicaciones\">\n          <div class=\"accordion-body\">\n            <div class=\"row g-0 g-md-3\">\n              <div class=\"col-6\">\n                <div class=\"sc-img-wrap\">\n                  <img decoding=\"async\" src=\"https:\/\/www.serraciments.com\/wp-content\/uploads\/2024\/06\/skateparks1.jpg\" class=\"img-fluid\"\n                    alt=\"Aplicaciones skateparks\" \/>\n                <\/div>\n              <\/div>\n              <div class=\"col-6\">\n                <div class=\"sc-img-wrap\">\n                  <img decoding=\"async\" src=\"https:\/\/www.serraciments.com\/wp-content\/uploads\/2024\/06\/skateparks2.jpg\" class=\"img-fluid\"\n                    alt=\"Aplicaciones skateparks\" \/>\n                <\/div>\n              <\/div>\n            <\/div>\n          <\/div>\n        <\/div>\n      <\/div>\n        \n          <div class=\"accordion-item\">\n        <h2 class=\"accordion-header\">\n          <button class=\"accordion-button collapsed\" type=\"button\" data-bs-toggle=\"collapse\"\n            data-bs-target=\"#flush-collapse_10\" aria-expanded=\"false\" aria-controls=\"flush-collapse_10\">\n            Muros de hormig\u00f3n pigmentado\n          <\/button>\n        <\/h2>\n        <div id=\"flush-collapse_10\" class=\"accordion-collapse collapse\" data-bs-parent=\"#accordionAplicaciones\">\n          <div class=\"accordion-body\">\n            <div class=\"row g-0 g-md-3\">\n              <div class=\"col-6\">\n                <div class=\"sc-img-wrap\">\n                  <img decoding=\"async\" src=\"https:\/\/www.serraciments.com\/wp-content\/uploads\/2024\/06\/murosdehormigonpigmentado1.jpg\" class=\"img-fluid\"\n                    alt=\"Aplicaciones muros de hormig\u00f3n pigmentado\" \/>\n                <\/div>\n              <\/div>\n              <div class=\"col-6\">\n                <div class=\"sc-img-wrap\">\n                  <img decoding=\"async\" src=\"https:\/\/www.serraciments.com\/wp-content\/uploads\/2024\/06\/murosdehormigonpigmentado2.jpg\" class=\"img-fluid\"\n                    alt=\"Aplicaciones muros de hormig\u00f3n pigmentado\" \/>\n                <\/div>\n              <\/div>\n            <\/div>\n          <\/div>\n        <\/div>\n      <\/div>\n        \n          <div class=\"accordion-item\">\n        <h2 class=\"accordion-header\">\n          <button class=\"accordion-button collapsed\" type=\"button\" data-bs-toggle=\"collapse\"\n            data-bs-target=\"#flush-collapse_11\" aria-expanded=\"false\" aria-controls=\"flush-collapse_11\">\n            Microcemento\n          <\/button>\n        <\/h2>\n        <div id=\"flush-collapse_11\" class=\"accordion-collapse collapse\" data-bs-parent=\"#accordionAplicaciones\">\n          <div class=\"accordion-body\">\n            <div class=\"row g-0 g-md-3\">\n              <div class=\"col-6\">\n                <div class=\"sc-img-wrap\">\n                  <img decoding=\"async\" src=\"https:\/\/www.serraciments.com\/wp-content\/uploads\/2024\/06\/microcemento1-scaled-1.jpg\" class=\"img-fluid\"\n                    alt=\"Aplicaciones microcemento\" \/>\n                <\/div>\n              <\/div>\n              <div class=\"col-6\">\n                <div class=\"sc-img-wrap\">\n                  <img decoding=\"async\" src=\"https:\/\/www.serraciments.com\/wp-content\/uploads\/2024\/06\/microcemento2.jpg\" class=\"img-fluid\"\n                    alt=\"Aplicaciones microcemento\" \/>\n                <\/div>\n              <\/div>\n            <\/div>\n          <\/div>\n        <\/div>\n      <\/div>\n        \n          <div class=\"accordion-item\">\n        <h2 class=\"accordion-header\">\n          <button class=\"accordion-button collapsed\" type=\"button\" data-bs-toggle=\"collapse\"\n            data-bs-target=\"#flush-collapse_12\" aria-expanded=\"false\" aria-controls=\"flush-collapse_12\">\n            Mobiliario urbano\n          <\/button>\n        <\/h2>\n        <div id=\"flush-collapse_12\" class=\"accordion-collapse collapse\" data-bs-parent=\"#accordionAplicaciones\">\n          <div class=\"accordion-body\">\n            <div class=\"row g-0 g-md-3\">\n              <div class=\"col-6\">\n                <div class=\"sc-img-wrap\">\n                  <img decoding=\"async\" src=\"https:\/\/www.serraciments.com\/wp-content\/uploads\/2024\/06\/mobiliariourbano1.jpg\" class=\"img-fluid\"\n                    alt=\"Aplicaciones mobiliario urbano\" \/>\n                <\/div>\n              <\/div>\n              <div class=\"col-6\">\n                <div class=\"sc-img-wrap\">\n                  <img decoding=\"async\" src=\"https:\/\/www.serraciments.com\/wp-content\/uploads\/2024\/06\/mobiliariourbano2.jpg\" class=\"img-fluid\"\n                    alt=\"Aplicaciones mobiliario urbano\" \/>\n                <\/div>\n              <\/div>\n            <\/div>\n          <\/div>\n        <\/div>\n      <\/div>\n        \n              <div class=\"accordion-item\">\n        <h2 class=\"accordion-header\">\n          <button class=\"accordion-button collapsed\" type=\"button\" data-bs-toggle=\"collapse\"\n            data-bs-target=\"#flush-collapse_13\" aria-expanded=\"false\" aria-controls=\"flush-collapse_13\">\n            Objectos de dise\u00f1o\n          <\/button>\n        <\/h2>\n        <div id=\"flush-collapse_13\" class=\"accordion-collapse collapse\" data-bs-parent=\"#accordionAplicaciones\">\n          <div class=\"accordion-body\">\n            <div class=\"row g-0 g-md-3\">\n              <div class=\"col-6\">\n                <div class=\"sc-img-wrap\">\n                  <img decoding=\"async\" src=\"https:\/\/www.serraciments.com\/wp-content\/uploads\/2024\/06\/objetosdediseno.jpg\" class=\"img-fluid\"\n                    alt=\"Aplicaciones objectos de dise\u00f1o\" \/>\n                <\/div>\n              <\/div>\n              <div class=\"col-6\">\n                <div class=\"sc-img-wrap\">\n                  <img decoding=\"async\" src=\"https:\/\/www.serraciments.com\/wp-content\/uploads\/2024\/06\/objetosdediseno2.jpg\" class=\"img-fluid\"\n                    alt=\"Aplicaciones objectos de dise\u00f1o\" \/>\n                <\/div>\n              <\/div>\n            <\/div>\n          <\/div>\n        <\/div>\n      <\/div>\n    <\/div>\n\n    <div class=\"mt-4\">&nbsp;<\/div>\n    <div class=\"mt-4\">&nbsp;<\/div>\n\n  <\/div>\n<\/section>\n","protected":false},"excerpt":{"rendered":"<p>Aplicaciones Descubre las m\u00faltiples aplicaciones de la l\u00ednea SC Pigments para dar color al cemento, mortero y hormig\u00f3n. Usos de [&hellip;]<\/p>\n","protected":false},"author":1,"featured_media":0,"parent":0,"menu_order":6,"comment_status":"closed","ping_status":"closed","template":"aplicaciones.php","meta":{"footnotes":""},"class_list":["post-4403","page","type-page","status-publish","hentry"],"yoast_head":"<!-- This site is optimized with the Yoast SEO plugin v23.3 - https:\/\/yoast.com\/wordpress\/plugins\/seo\/ -->\n<title>Aplicaciones - Serra Ciments<\/title>\n<meta name=\"description\" content=\"Los pigmentos tienen muchas aplicaciones en el sector de la construcci\u00f3n.\" \/>\n<meta name=\"robots\" content=\"index, follow, max-snippet:-1, max-image-preview:large, max-video-preview:-1\" \/>\n<link rel=\"canonical\" href=\"https:\/\/www.serraciments.com\/es\/aplicaciones\/\" \/>\n<meta name=\"twitter:label1\" content=\"Tiempo de lectura\" \/>\n\t<meta name=\"twitter:data1\" content=\"6 minutos\" \/>\n<script type=\"application\/ld+json\" class=\"yoast-schema-graph\">{\"@context\":\"https:\/\/schema.org\",\"@graph\":[{\"@type\":\"WebPage\",\"@id\":\"https:\/\/www.serraciments.com\/es\/aplicaciones\/\",\"url\":\"https:\/\/www.serraciments.com\/es\/aplicaciones\/\",\"name\":\"Aplicaciones - Serra Ciments\",\"isPartOf\":{\"@id\":\"https:\/\/www.serraciments.com\/es\/#website\"},\"primaryImageOfPage\":{\"@id\":\"https:\/\/www.serraciments.com\/es\/aplicaciones\/#primaryimage\"},\"image\":{\"@id\":\"https:\/\/www.serraciments.com\/es\/aplicaciones\/#primaryimage\"},\"thumbnailUrl\":\"https:\/\/www.serraciments.com\/wp-content\/uploads\/2024\/06\/pavimentosdehormigonenmasa2.jpg\",\"datePublished\":\"2024-05-02T10:50:17+00:00\",\"dateModified\":\"2026-02-02T16:24:47+00:00\",\"description\":\"Los pigmentos tienen muchas aplicaciones en el sector de la construcci\u00f3n.\",\"breadcrumb\":{\"@id\":\"https:\/\/www.serraciments.com\/es\/aplicaciones\/#breadcrumb\"},\"inLanguage\":\"es\",\"potentialAction\":[{\"@type\":\"ReadAction\",\"target\":[\"https:\/\/www.serraciments.com\/es\/aplicaciones\/\"]}]},{\"@type\":\"ImageObject\",\"inLanguage\":\"es\",\"@id\":\"https:\/\/www.serraciments.com\/es\/aplicaciones\/#primaryimage\",\"url\":\"https:\/\/www.serraciments.com\/wp-content\/uploads\/2024\/06\/pavimentosdehormigonenmasa2.jpg\",\"contentUrl\":\"https:\/\/www.serraciments.com\/wp-content\/uploads\/2024\/06\/pavimentosdehormigonenmasa2.jpg\"},{\"@type\":\"BreadcrumbList\",\"@id\":\"https:\/\/www.serraciments.com\/es\/aplicaciones\/#breadcrumb\",\"itemListElement\":[{\"@type\":\"ListItem\",\"position\":1,\"name\":\"Home\",\"item\":\"https:\/\/www.serraciments.com\/es\/\"},{\"@type\":\"ListItem\",\"position\":2,\"name\":\"Aplicaciones\"}]},{\"@type\":\"WebSite\",\"@id\":\"https:\/\/www.serraciments.com\/es\/#website\",\"url\":\"https:\/\/www.serraciments.com\/es\/\",\"name\":\"Serra Ciments\",\"description\":\"Productos para el hormig\u00f3n\",\"potentialAction\":[{\"@type\":\"SearchAction\",\"target\":{\"@type\":\"EntryPoint\",\"urlTemplate\":\"https:\/\/www.serraciments.com\/es\/?s={search_term_string}\"},\"query-input\":\"required name=search_term_string\"}],\"inLanguage\":\"es\"}]}<\/script>\n<!-- \/ Yoast SEO plugin. -->","yoast_head_json":{"title":"Aplicaciones - Serra Ciments","description":"Los pigmentos tienen muchas aplicaciones en el sector de la construcci\u00f3n.","robots":{"index":"index","follow":"follow","max-snippet":"max-snippet:-1","max-image-preview":"max-image-preview:large","max-video-preview":"max-video-preview:-1"},"canonical":"https:\/\/www.serraciments.com\/es\/aplicaciones\/","twitter_misc":{"Tiempo de lectura":"6 minutos"},"schema":{"@context":"https:\/\/schema.org","@graph":[{"@type":"WebPage","@id":"https:\/\/www.serraciments.com\/es\/aplicaciones\/","url":"https:\/\/www.serraciments.com\/es\/aplicaciones\/","name":"Aplicaciones - Serra Ciments","isPartOf":{"@id":"https:\/\/www.serraciments.com\/es\/#website"},"primaryImageOfPage":{"@id":"https:\/\/www.serraciments.com\/es\/aplicaciones\/#primaryimage"},"image":{"@id":"https:\/\/www.serraciments.com\/es\/aplicaciones\/#primaryimage"},"thumbnailUrl":"https:\/\/www.serraciments.com\/wp-content\/uploads\/2024\/06\/pavimentosdehormigonenmasa2.jpg","datePublished":"2024-05-02T10:50:17+00:00","dateModified":"2026-02-02T16:24:47+00:00","description":"Los pigmentos tienen muchas aplicaciones en el sector de la construcci\u00f3n.","breadcrumb":{"@id":"https:\/\/www.serraciments.com\/es\/aplicaciones\/#breadcrumb"},"inLanguage":"es","potentialAction":[{"@type":"ReadAction","target":["https:\/\/www.serraciments.com\/es\/aplicaciones\/"]}]},{"@type":"ImageObject","inLanguage":"es","@id":"https:\/\/www.serraciments.com\/es\/aplicaciones\/#primaryimage","url":"https:\/\/www.serraciments.com\/wp-content\/uploads\/2024\/06\/pavimentosdehormigonenmasa2.jpg","contentUrl":"https:\/\/www.serraciments.com\/wp-content\/uploads\/2024\/06\/pavimentosdehormigonenmasa2.jpg"},{"@type":"BreadcrumbList","@id":"https:\/\/www.serraciments.com\/es\/aplicaciones\/#breadcrumb","itemListElement":[{"@type":"ListItem","position":1,"name":"Home","item":"https:\/\/www.serraciments.com\/es\/"},{"@type":"ListItem","position":2,"name":"Aplicaciones"}]},{"@type":"WebSite","@id":"https:\/\/www.serraciments.com\/es\/#website","url":"https:\/\/www.serraciments.com\/es\/","name":"Serra Ciments","description":"Productos para el hormig\u00f3n","potentialAction":[{"@type":"SearchAction","target":{"@type":"EntryPoint","urlTemplate":"https:\/\/www.serraciments.com\/es\/?s={search_term_string}"},"query-input":"required name=search_term_string"}],"inLanguage":"es"}]}},"_links":{"self":[{"href":"https:\/\/www.serraciments.com\/es\/wp-json\/wp\/v2\/pages\/4403"}],"collection":[{"href":"https:\/\/www.serraciments.com\/es\/wp-json\/wp\/v2\/pages"}],"about":[{"href":"https:\/\/www.serraciments.com\/es\/wp-json\/wp\/v2\/types\/page"}],"author":[{"embeddable":true,"href":"https:\/\/www.serraciments.com\/es\/wp-json\/wp\/v2\/users\/1"}],"replies":[{"embeddable":true,"href":"https:\/\/www.serraciments.com\/es\/wp-json\/wp\/v2\/comments?post=4403"}],"version-history":[{"count":33,"href":"https:\/\/www.serraciments.com\/es\/wp-json\/wp\/v2\/pages\/4403\/revisions"}],"predecessor-version":[{"id":10314,"href":"https:\/\/www.serraciments.com\/es\/wp-json\/wp\/v2\/pages\/4403\/revisions\/10314"}],"wp:attachment":[{"href":"https:\/\/www.serraciments.com\/es\/wp-json\/wp\/v2\/media?parent=4403"}],"curies":[{"name":"wp","href":"https:\/\/api.w.org\/{rel}","templated":true}]}}