{"id":4406,"date":"2024-05-03T18:45:04","date_gmt":"2024-05-03T16:45:04","guid":{"rendered":"https:\/\/www.serraciments.com\/?page_id=4406"},"modified":"2024-08-04T17:21:03","modified_gmt":"2024-08-04T15:21:03","slug":"botes-bricolaje","status":"publish","type":"page","link":"https:\/\/www.serraciments.com\/es\/botes-bricolaje\/","title":{"rendered":"Pigmento en botes"},"content":{"rendered":"\n<section class=\"sc-inner-banner light\">\n    <div class=\"container\">\n      <div class=\"row\">\n        <div class=\"col-md-6 order-sm-2 p-0 sc-img-wrapper\">\n          <img decoding=\"async\" src=\"https:\/\/www.serraciments.com\/wp-content\/uploads\/2024\/05\/botes-bricolaje-banner.jpg\" alt=\"Serra Ciments\" class=\"img-fluid w-100\" \/>\n        <\/div>\n        <div class=\"col-md-6 my-auto\">    \n          <div class=\"sc-inner-caption ms-auto\">\n            <h1>Pigmento en botes<\/h1>\n            <p>Gama de pigmentos para todo tipo de morteros y cementos, cal y yeso envasados en peque\u00f1o formato disponibles en Amazon.<\/p>\n            <a href=\"https:\/\/www.amazon.es\/stores\/SCPigments%C2%AE\/page\/B563F0B7-9B18-4FB5-8AA7-634FAD1D340B\" target=\"_blank\" class=\"btn btn-default w-auto\" rel=\"noopener\">Visitar la tienda en Amazon<\/a>\n          <\/div> \n        <\/div>\n      <\/div>       \n    <\/div>\n  <\/section>\n\n  <section class=\"sc-section-middle sc-section-Blog-middle pb-5 my-5\">\n    <div class=\"container\">\n      <div class=\"row\">\n        <div class=\"col-md-6\">\n          <div class=\"sc-productDetails-gellery\">\n            <div class=\"sc-blog-img-wrap\">\n              <img decoding=\"async\" src=\"https:\/\/www.serraciments.com\/wp-content\/uploads\/2024\/08\/botes.jpg\" alt=\"Serra Ciments\" class=\"img-fluid w-100\" \/>\n              <div class=\"footer\">Presentaci\u00f3n pigmento en bote<\/div>\n            <\/div>\n            <div class=\"sc-blog-img-wrap\">\n              <img decoding=\"async\" src=\"https:\/\/www.serraciments.com\/wp-content\/uploads\/2024\/05\/botes-bricolaje-banner-img-02.jpg\" alt=\"Serra Ciments\" class=\"img-fluid w-100\" \/>\n              <div class=\"footer\">Amazon store<\/div>\n            <\/div>\n          <\/div>\n        <\/div>\n        <div class=\"col-md-5\">\n          <div class=\"sc-blog-content\">\n            <b>Informaci\u00f3n del formato<\/b>\n            <p>Pigmento en polvo para te\u00f1ir cemento, mortero y hormig\u00f3n, en formato bote de 500 a 800 gr . para trabajos de bricolaje y dise\u00f1o. <\/p>\n\n            <b>Aplicaciones<\/b>\n            <p>Para trabajos de reparaci\u00f3n y bricolaje, pavimentos de hormig\u00f3n, prefabricados de hormig\u00f3n, piedra artificial, mobiliario urbano, terrazo, jardineras, mosaico hidr\u00e1ulico, pavimentos de hormig\u00f3n pigmentado, morteros monocapa,  junta fachadas de obra vista, gunitado de color, entre otros.  <br>\n            <\/p>\n\n            <b>Presentaci\u00f3n<\/b>\n            <p>Bote transparente con tapa de rosca, con un conteniendo de 500 a 800 g. seg\u00fan la densidad del pigmento. Este formato permite la perfecta conservaci\u00f3n del material.<\/p>\n          <\/div>\n        <\/div>\n      <\/div>\n    <\/div>\n  <\/section>\n\n  <section class=\"sc-section-middle sc-section-product-wrap sc-section-interesting-wrap container-fluid-infinite-related-products dark m-0\">\n    <div class=\"container\">\n      <div class=\"row\">\n        <div class=\"col-12\">  \n          <div class=\"sc-section-head pb-4 pt-5\">\n            <h2  class=\"sc-section-title\">Tambi\u00e9n disponible en nuestra Amazon Store<\/h2>\n          <\/div>\n        <\/div>\n      <\/div>\n      <div class=\"row interesting-links row-related-products\">\n        <div class=\"col-md-4\">\n          <div class=\"col-products-item sc-interesting-card\">\n            <div class=\"sc-product-img\">\n              <a href=\"https:\/\/www.amazon.es\/estructural-hormig\u00f3n-Macrofibra-DURUFORT-refuerzo\/dp\/B0BG3BPL85?ref_=ast_sto_dp\" target=\"_blank\" rel=\"noopener\">\n                <figure class=\"fixed-aspect figure\" style=\"padding-top: 66.666666666667%\">\n                  <img width=\"1200\" height=\"1219\" src=\"https:\/\/www.serraciments.com\/wp-content\/uploads\/2024\/05\/macrofibra-durufort.jpg\" class=\"narrower\" alt=\"\" decoding=\"async\" loading=\"lazy\" \/>\n                <\/figure>\n              <\/a>\n            <\/div>\n            <h3>Macrofibra Durufort<\/h3>\n          <\/div>\n        <\/div>\n        <div class=\"col-md-4\">\n          <div class=\"col-products-item sc-interesting-card\">\n            <div class=\"sc-product-img\">\n              <a href=\"https:\/\/www.amazon.es\/Ciments%C2%AE-VIDRIO-HORMIG%C3%93N-REFUERZO-Formatos\/dp\/B0BXPL19XC?ref_=ast_sto_dp&#038;th=1\" target=\"_blank\" rel=\"noopener\">\n                <figure class=\"fixed-aspect figure\" style=\"padding-top: 66.666666666667%\">\n                  <img width=\"1200\" height=\"1219\" src=\"https:\/\/www.serraciments.com\/wp-content\/uploads\/2024\/05\/Fibra-de-Vidrio-AR.jpg\" class=\"narrower\" alt=\"\" decoding=\"async\" loading=\"lazy\" \/>\n                <\/figure>\n              <\/a>\n            <\/div>\n            <h3>Fibra de Vidrio AR<\/h3>\n          <\/div>\n        <\/div>\n        <div class=\"col-md-4\">\n          <div class=\"col-products-item sc-interesting-card\">\n            <div class=\"sc-product-img\">\n              <a href=\"https:\/\/www.amazon.es\/pigmentos-hormig%C3%B3n-Pigments%C2%AE-Amarillo-Terracota\/dp\/B08WPDBXVV?ref_=ast_sto_dp\" target=\"_blank\" rel=\"noopener\">\n                <figure class=\"fixed-aspect figure\" style=\"padding-top: 66.666666666667%\">\n                  <img width=\"1200\" height=\"1219\" src=\"https:\/\/www.serraciments.com\/wp-content\/uploads\/2024\/05\/Pack-10-pigmentos.jpg\" class=\"narrower\" alt=\"\" decoding=\"async\" loading=\"lazy\" \/>\n                <\/figure>\n              <\/a>\n            <\/div>\n            <h3>Pack 10 pigmentos<\/h3>\n          <\/div>\n        <\/div>\n      <\/div>\n    <\/div>\n  <\/section>\n","protected":false},"excerpt":{"rendered":"<p>Pigmento en botes Gama de pigmentos para todo tipo de morteros y cementos, cal y yeso envasados en peque\u00f1o formato [&hellip;]<\/p>\n","protected":false},"author":1,"featured_media":0,"parent":0,"menu_order":17,"comment_status":"closed","ping_status":"closed","template":"formatos.php","meta":{"footnotes":""},"class_list":["post-4406","page","type-page","status-publish","hentry"],"yoast_head":"<!-- This site is optimized with the Yoast SEO plugin v23.3 - https:\/\/yoast.com\/wordpress\/plugins\/seo\/ -->\n<title>Pigmento en botes - Serra Ciments<\/title>\n<meta name=\"description\" content=\"Pigmento en polvo para te\u00f1ir cemento, mortero y hormig\u00f3n, en formato bote de 500 a 800 gr . para trabajos de bricolaje y dise\u00f1o.\" \/>\n<meta name=\"robots\" content=\"index, follow, max-snippet:-1, max-image-preview:large, max-video-preview:-1\" \/>\n<link rel=\"canonical\" href=\"https:\/\/www.serraciments.com\/es\/botes-bricolaje\/\" \/>\n<meta name=\"twitter:label1\" content=\"Tiempo de lectura\" \/>\n\t<meta name=\"twitter:data1\" content=\"2 minutos\" \/>\n<script type=\"application\/ld+json\" class=\"yoast-schema-graph\">{\"@context\":\"https:\/\/schema.org\",\"@graph\":[{\"@type\":\"WebPage\",\"@id\":\"https:\/\/www.serraciments.com\/es\/botes-bricolaje\/\",\"url\":\"https:\/\/www.serraciments.com\/es\/botes-bricolaje\/\",\"name\":\"Pigmento en botes - Serra Ciments\",\"isPartOf\":{\"@id\":\"https:\/\/www.serraciments.com\/es\/#website\"},\"primaryImageOfPage\":{\"@id\":\"https:\/\/www.serraciments.com\/es\/botes-bricolaje\/#primaryimage\"},\"image\":{\"@id\":\"https:\/\/www.serraciments.com\/es\/botes-bricolaje\/#primaryimage\"},\"thumbnailUrl\":\"https:\/\/www.serraciments.com\/wp-content\/uploads\/2024\/05\/botes-bricolaje-banner.jpg\",\"datePublished\":\"2024-05-03T16:45:04+00:00\",\"dateModified\":\"2024-08-04T15:21:03+00:00\",\"description\":\"Pigmento en polvo para te\u00f1ir cemento, mortero y hormig\u00f3n, en formato bote de 500 a 800 gr . para trabajos de bricolaje y dise\u00f1o.\",\"breadcrumb\":{\"@id\":\"https:\/\/www.serraciments.com\/es\/botes-bricolaje\/#breadcrumb\"},\"inLanguage\":\"es\",\"potentialAction\":[{\"@type\":\"ReadAction\",\"target\":[\"https:\/\/www.serraciments.com\/es\/botes-bricolaje\/\"]}]},{\"@type\":\"ImageObject\",\"inLanguage\":\"es\",\"@id\":\"https:\/\/www.serraciments.com\/es\/botes-bricolaje\/#primaryimage\",\"url\":\"https:\/\/www.serraciments.com\/wp-content\/uploads\/2024\/05\/botes-bricolaje-banner.jpg\",\"contentUrl\":\"https:\/\/www.serraciments.com\/wp-content\/uploads\/2024\/05\/botes-bricolaje-banner.jpg\"},{\"@type\":\"BreadcrumbList\",\"@id\":\"https:\/\/www.serraciments.com\/es\/botes-bricolaje\/#breadcrumb\",\"itemListElement\":[{\"@type\":\"ListItem\",\"position\":1,\"name\":\"Home\",\"item\":\"https:\/\/www.serraciments.com\/es\/\"},{\"@type\":\"ListItem\",\"position\":2,\"name\":\"Pigmento en botes\"}]},{\"@type\":\"WebSite\",\"@id\":\"https:\/\/www.serraciments.com\/es\/#website\",\"url\":\"https:\/\/www.serraciments.com\/es\/\",\"name\":\"Serra Ciments\",\"description\":\"Productos para el hormig\u00f3n\",\"potentialAction\":[{\"@type\":\"SearchAction\",\"target\":{\"@type\":\"EntryPoint\",\"urlTemplate\":\"https:\/\/www.serraciments.com\/es\/?s={search_term_string}\"},\"query-input\":\"required name=search_term_string\"}],\"inLanguage\":\"es\"}]}<\/script>\n<!-- \/ Yoast SEO plugin. -->","yoast_head_json":{"title":"Pigmento en botes - Serra Ciments","description":"Pigmento en polvo para te\u00f1ir cemento, mortero y hormig\u00f3n, en formato bote de 500 a 800 gr . para trabajos de bricolaje y dise\u00f1o.","robots":{"index":"index","follow":"follow","max-snippet":"max-snippet:-1","max-image-preview":"max-image-preview:large","max-video-preview":"max-video-preview:-1"},"canonical":"https:\/\/www.serraciments.com\/es\/botes-bricolaje\/","twitter_misc":{"Tiempo de lectura":"2 minutos"},"schema":{"@context":"https:\/\/schema.org","@graph":[{"@type":"WebPage","@id":"https:\/\/www.serraciments.com\/es\/botes-bricolaje\/","url":"https:\/\/www.serraciments.com\/es\/botes-bricolaje\/","name":"Pigmento en botes - Serra Ciments","isPartOf":{"@id":"https:\/\/www.serraciments.com\/es\/#website"},"primaryImageOfPage":{"@id":"https:\/\/www.serraciments.com\/es\/botes-bricolaje\/#primaryimage"},"image":{"@id":"https:\/\/www.serraciments.com\/es\/botes-bricolaje\/#primaryimage"},"thumbnailUrl":"https:\/\/www.serraciments.com\/wp-content\/uploads\/2024\/05\/botes-bricolaje-banner.jpg","datePublished":"2024-05-03T16:45:04+00:00","dateModified":"2024-08-04T15:21:03+00:00","description":"Pigmento en polvo para te\u00f1ir cemento, mortero y hormig\u00f3n, en formato bote de 500 a 800 gr . para trabajos de bricolaje y dise\u00f1o.","breadcrumb":{"@id":"https:\/\/www.serraciments.com\/es\/botes-bricolaje\/#breadcrumb"},"inLanguage":"es","potentialAction":[{"@type":"ReadAction","target":["https:\/\/www.serraciments.com\/es\/botes-bricolaje\/"]}]},{"@type":"ImageObject","inLanguage":"es","@id":"https:\/\/www.serraciments.com\/es\/botes-bricolaje\/#primaryimage","url":"https:\/\/www.serraciments.com\/wp-content\/uploads\/2024\/05\/botes-bricolaje-banner.jpg","contentUrl":"https:\/\/www.serraciments.com\/wp-content\/uploads\/2024\/05\/botes-bricolaje-banner.jpg"},{"@type":"BreadcrumbList","@id":"https:\/\/www.serraciments.com\/es\/botes-bricolaje\/#breadcrumb","itemListElement":[{"@type":"ListItem","position":1,"name":"Home","item":"https:\/\/www.serraciments.com\/es\/"},{"@type":"ListItem","position":2,"name":"Pigmento en botes"}]},{"@type":"WebSite","@id":"https:\/\/www.serraciments.com\/es\/#website","url":"https:\/\/www.serraciments.com\/es\/","name":"Serra Ciments","description":"Productos para el hormig\u00f3n","potentialAction":[{"@type":"SearchAction","target":{"@type":"EntryPoint","urlTemplate":"https:\/\/www.serraciments.com\/es\/?s={search_term_string}"},"query-input":"required name=search_term_string"}],"inLanguage":"es"}]}},"_links":{"self":[{"href":"https:\/\/www.serraciments.com\/es\/wp-json\/wp\/v2\/pages\/4406"}],"collection":[{"href":"https:\/\/www.serraciments.com\/es\/wp-json\/wp\/v2\/pages"}],"about":[{"href":"https:\/\/www.serraciments.com\/es\/wp-json\/wp\/v2\/types\/page"}],"author":[{"embeddable":true,"href":"https:\/\/www.serraciments.com\/es\/wp-json\/wp\/v2\/users\/1"}],"replies":[{"embeddable":true,"href":"https:\/\/www.serraciments.com\/es\/wp-json\/wp\/v2\/comments?post=4406"}],"version-history":[{"count":20,"href":"https:\/\/www.serraciments.com\/es\/wp-json\/wp\/v2\/pages\/4406\/revisions"}],"predecessor-version":[{"id":7958,"href":"https:\/\/www.serraciments.com\/es\/wp-json\/wp\/v2\/pages\/4406\/revisions\/7958"}],"wp:attachment":[{"href":"https:\/\/www.serraciments.com\/es\/wp-json\/wp\/v2\/media?parent=4406"}],"curies":[{"name":"wp","href":"https:\/\/api.w.org\/{rel}","templated":true}]}}