{"id":4411,"date":"2024-05-03T19:15:38","date_gmt":"2024-05-03T17:15:38","guid":{"rendered":"https:\/\/www.serraciments.com\/?page_id=4411"},"modified":"2026-02-12T16:15:55","modified_gmt":"2026-02-12T15:15:55","slug":"pigmento-en-bolsas-hidrosolubles","status":"publish","type":"page","link":"https:\/\/www.serraciments.com\/es\/pigmento-en-bolsas-hidrosolubles\/","title":{"rendered":"Pigmento en bolsas hidrosolubles"},"content":{"rendered":"\n<section class=\"sc-inner-banner light\">\n    <div class=\"container\">\n      <div class=\"row\">\n        <div class=\"col-md-6 order-sm-2 p-0 sc-img-wrapper\">\n          <img decoding=\"async\" src=\"https:\/\/www.serraciments.com\/wp-content\/uploads\/2024\/05\/pigmento-en-bolsas-hidrosolubles.jpg\" alt=\"Serra Ciments\" class=\"img-fluid w-100\" \/>\n        <\/div>\n        <div class=\"col-md-6 my-auto\">    \n          <div class=\"sc-inner-caption ms-auto\">\n            <h1>Serie H. Bolsas hidrosolubles<\/h1>\n            <p>Serie H. Pigmentos envasados en bolsas hidrosolubles para introducir directamente al cami\u00f3n hormigonera, facilitando el trabajo de ejecuci\u00f3n y dosificaci\u00f3n y eliminando el residuo de pl\u00e1stico. <\/p>\n          <\/div> \n        <\/div>\n      <\/div>       \n    <\/div>\n  <\/section>\n\n  <section class=\"sc-section-middle sc-section-Blog-middle pt-5 pb-5 my-5\">\n    <div class=\"container\">\n      <div class=\"row\">\n        <div class=\"col-md-6\">\n          <div class=\"sc-productDetails-gellery\">\n            <div class=\"sc-blog-img-wrap\">\n              <img decoding=\"async\" src=\"https:\/\/www.serraciments.com\/wp-content\/uploads\/2024\/05\/pigmento-en-bolsas-hidrosolubles__img-01.jpg\" alt=\"Serra Ciments\" class=\"img-fluid w-100\" \/>\n              <div class=\"footer\">Formato biodegradable<\/div>\n            <\/div>\n            <div class=\"sc-blog-img-wrap\">\n              <img decoding=\"async\" src=\"https:\/\/www.serraciments.com\/wp-content\/uploads\/2024\/05\/pigmento-en-bolsas-hidrosolubles__img-02.jpg\" alt=\"Serra Ciments\" class=\"img-fluid w-100\" \/>\n              <div class=\"footer\">Serie H. Pigmento en bolsas hidrosolubles para plantas de hormig\u00f3n<\/div>\n            <\/div>\n          <\/div>\n        <\/div>\n        <div class=\"col-md-5\">\n          <div class=\"sc-blog-content\">\n            <b>Serie H\u00a9 Informaci\u00f3n<\/b>\n            <p>Pigmento envasado en formato biodegradable en bolsas de 5kg. y 10 kg. Este formato est\u00e1 especialmente dise\u00f1ado para plantas de hormig\u00f3n o trabajos en obra donde se introduzca el pigmento en un cami\u00f3n hormigonera. Las bolsas hidrosolubles, al introducirse en el cami\u00f3n hormigonera, se deshacen rapidamente sin dejar ning\u00fan residuo y el pigmento se dispersa por toda la masa. Este formato facilita mucho la puesta en obra y la dosificaci\u00f3n por cuba de hormig\u00f3n. <\/p>\n\n            \n<b>Caracter\u00edsticas pigmentos Serie H\u00a9<\/b>\n          \n <li> Bolsas hidrosolubles de 5 o 10 kg.<\/li>\n        <li> No alteran las resistencias ni tiempos de fraguado.<\/li>\n        <li> M\u00e1s comodidad y higiene.<\/li>\n        <li> M\u00e1xima limpieza.<\/li>\n        <li> Ya viene dosificado.<\/li>\n        <li> Disminuci\u00f3n de residuos.<\/li>\n        <li> La bolsa biodegradable ayuda al medio ambiente.<\/li>\n            <\/p>\n\n            \n          <\/div>\n        <\/div>\n      <\/div>\n    <\/div>\n  <\/section>\n","protected":false},"excerpt":{"rendered":"<p>Serie H. Bolsas hidrosolubles Serie H. Pigmentos envasados en bolsas hidrosolubles para introducir directamente al cami\u00f3n hormigonera, facilitando el trabajo [&hellip;]<\/p>\n","protected":false},"author":1,"featured_media":0,"parent":0,"menu_order":44,"comment_status":"closed","ping_status":"closed","template":"formatos.php","meta":{"footnotes":""},"class_list":["post-4411","page","type-page","status-publish","hentry"],"yoast_head":"<!-- This site is optimized with the Yoast SEO plugin v23.3 - https:\/\/yoast.com\/wordpress\/plugins\/seo\/ -->\n<title>Pigmento para hormig\u00f3n en bolsas hidrosolubles \/ Serie H<\/title>\n<meta name=\"description\" content=\"Pigmento envasado en formato bolsas biodegradables de 5kg. y 10 kg. Este formato est\u00e1 especialmente dise\u00f1ado para plantas de hormig\u00f3n.\" \/>\n<meta name=\"robots\" content=\"index, follow, max-snippet:-1, max-image-preview:large, max-video-preview:-1\" \/>\n<link rel=\"canonical\" href=\"https:\/\/www.serraciments.com\/es\/pigmento-en-bolsas-hidrosolubles\/\" \/>\n<meta name=\"twitter:label1\" content=\"Tiempo de lectura\" \/>\n\t<meta name=\"twitter:data1\" content=\"2 minutos\" \/>\n<script type=\"application\/ld+json\" class=\"yoast-schema-graph\">{\"@context\":\"https:\/\/schema.org\",\"@graph\":[{\"@type\":\"WebPage\",\"@id\":\"https:\/\/www.serraciments.com\/es\/pigmento-en-bolsas-hidrosolubles\/\",\"url\":\"https:\/\/www.serraciments.com\/es\/pigmento-en-bolsas-hidrosolubles\/\",\"name\":\"Pigmento para hormig\u00f3n en bolsas hidrosolubles \/ Serie H\",\"isPartOf\":{\"@id\":\"https:\/\/www.serraciments.com\/es\/#website\"},\"primaryImageOfPage\":{\"@id\":\"https:\/\/www.serraciments.com\/es\/pigmento-en-bolsas-hidrosolubles\/#primaryimage\"},\"image\":{\"@id\":\"https:\/\/www.serraciments.com\/es\/pigmento-en-bolsas-hidrosolubles\/#primaryimage\"},\"thumbnailUrl\":\"https:\/\/www.serraciments.com\/wp-content\/uploads\/2024\/05\/pigmento-en-bolsas-hidrosolubles.jpg\",\"datePublished\":\"2024-05-03T17:15:38+00:00\",\"dateModified\":\"2026-02-12T15:15:55+00:00\",\"description\":\"Pigmento envasado en formato bolsas biodegradables de 5kg. y 10 kg. Este formato est\u00e1 especialmente dise\u00f1ado para plantas de hormig\u00f3n.\",\"breadcrumb\":{\"@id\":\"https:\/\/www.serraciments.com\/es\/pigmento-en-bolsas-hidrosolubles\/#breadcrumb\"},\"inLanguage\":\"es\",\"potentialAction\":[{\"@type\":\"ReadAction\",\"target\":[\"https:\/\/www.serraciments.com\/es\/pigmento-en-bolsas-hidrosolubles\/\"]}]},{\"@type\":\"ImageObject\",\"inLanguage\":\"es\",\"@id\":\"https:\/\/www.serraciments.com\/es\/pigmento-en-bolsas-hidrosolubles\/#primaryimage\",\"url\":\"https:\/\/www.serraciments.com\/wp-content\/uploads\/2024\/05\/pigmento-en-bolsas-hidrosolubles.jpg\",\"contentUrl\":\"https:\/\/www.serraciments.com\/wp-content\/uploads\/2024\/05\/pigmento-en-bolsas-hidrosolubles.jpg\"},{\"@type\":\"BreadcrumbList\",\"@id\":\"https:\/\/www.serraciments.com\/es\/pigmento-en-bolsas-hidrosolubles\/#breadcrumb\",\"itemListElement\":[{\"@type\":\"ListItem\",\"position\":1,\"name\":\"Home\",\"item\":\"https:\/\/www.serraciments.com\/es\/\"},{\"@type\":\"ListItem\",\"position\":2,\"name\":\"Pigmento en bolsas hidrosolubles\"}]},{\"@type\":\"WebSite\",\"@id\":\"https:\/\/www.serraciments.com\/es\/#website\",\"url\":\"https:\/\/www.serraciments.com\/es\/\",\"name\":\"Serra Ciments\",\"description\":\"Productos para el hormig\u00f3n\",\"potentialAction\":[{\"@type\":\"SearchAction\",\"target\":{\"@type\":\"EntryPoint\",\"urlTemplate\":\"https:\/\/www.serraciments.com\/es\/?s={search_term_string}\"},\"query-input\":\"required name=search_term_string\"}],\"inLanguage\":\"es\"}]}<\/script>\n<!-- \/ Yoast SEO plugin. -->","yoast_head_json":{"title":"Pigmento para hormig\u00f3n en bolsas hidrosolubles \/ Serie H","description":"Pigmento envasado en formato bolsas biodegradables de 5kg. y 10 kg. Este formato est\u00e1 especialmente dise\u00f1ado para plantas de hormig\u00f3n.","robots":{"index":"index","follow":"follow","max-snippet":"max-snippet:-1","max-image-preview":"max-image-preview:large","max-video-preview":"max-video-preview:-1"},"canonical":"https:\/\/www.serraciments.com\/es\/pigmento-en-bolsas-hidrosolubles\/","twitter_misc":{"Tiempo de lectura":"2 minutos"},"schema":{"@context":"https:\/\/schema.org","@graph":[{"@type":"WebPage","@id":"https:\/\/www.serraciments.com\/es\/pigmento-en-bolsas-hidrosolubles\/","url":"https:\/\/www.serraciments.com\/es\/pigmento-en-bolsas-hidrosolubles\/","name":"Pigmento para hormig\u00f3n en bolsas hidrosolubles \/ Serie H","isPartOf":{"@id":"https:\/\/www.serraciments.com\/es\/#website"},"primaryImageOfPage":{"@id":"https:\/\/www.serraciments.com\/es\/pigmento-en-bolsas-hidrosolubles\/#primaryimage"},"image":{"@id":"https:\/\/www.serraciments.com\/es\/pigmento-en-bolsas-hidrosolubles\/#primaryimage"},"thumbnailUrl":"https:\/\/www.serraciments.com\/wp-content\/uploads\/2024\/05\/pigmento-en-bolsas-hidrosolubles.jpg","datePublished":"2024-05-03T17:15:38+00:00","dateModified":"2026-02-12T15:15:55+00:00","description":"Pigmento envasado en formato bolsas biodegradables de 5kg. y 10 kg. Este formato est\u00e1 especialmente dise\u00f1ado para plantas de hormig\u00f3n.","breadcrumb":{"@id":"https:\/\/www.serraciments.com\/es\/pigmento-en-bolsas-hidrosolubles\/#breadcrumb"},"inLanguage":"es","potentialAction":[{"@type":"ReadAction","target":["https:\/\/www.serraciments.com\/es\/pigmento-en-bolsas-hidrosolubles\/"]}]},{"@type":"ImageObject","inLanguage":"es","@id":"https:\/\/www.serraciments.com\/es\/pigmento-en-bolsas-hidrosolubles\/#primaryimage","url":"https:\/\/www.serraciments.com\/wp-content\/uploads\/2024\/05\/pigmento-en-bolsas-hidrosolubles.jpg","contentUrl":"https:\/\/www.serraciments.com\/wp-content\/uploads\/2024\/05\/pigmento-en-bolsas-hidrosolubles.jpg"},{"@type":"BreadcrumbList","@id":"https:\/\/www.serraciments.com\/es\/pigmento-en-bolsas-hidrosolubles\/#breadcrumb","itemListElement":[{"@type":"ListItem","position":1,"name":"Home","item":"https:\/\/www.serraciments.com\/es\/"},{"@type":"ListItem","position":2,"name":"Pigmento en bolsas hidrosolubles"}]},{"@type":"WebSite","@id":"https:\/\/www.serraciments.com\/es\/#website","url":"https:\/\/www.serraciments.com\/es\/","name":"Serra Ciments","description":"Productos para el hormig\u00f3n","potentialAction":[{"@type":"SearchAction","target":{"@type":"EntryPoint","urlTemplate":"https:\/\/www.serraciments.com\/es\/?s={search_term_string}"},"query-input":"required name=search_term_string"}],"inLanguage":"es"}]}},"_links":{"self":[{"href":"https:\/\/www.serraciments.com\/es\/wp-json\/wp\/v2\/pages\/4411"}],"collection":[{"href":"https:\/\/www.serraciments.com\/es\/wp-json\/wp\/v2\/pages"}],"about":[{"href":"https:\/\/www.serraciments.com\/es\/wp-json\/wp\/v2\/types\/page"}],"author":[{"embeddable":true,"href":"https:\/\/www.serraciments.com\/es\/wp-json\/wp\/v2\/users\/1"}],"replies":[{"embeddable":true,"href":"https:\/\/www.serraciments.com\/es\/wp-json\/wp\/v2\/comments?post=4411"}],"version-history":[{"count":24,"href":"https:\/\/www.serraciments.com\/es\/wp-json\/wp\/v2\/pages\/4411\/revisions"}],"predecessor-version":[{"id":10414,"href":"https:\/\/www.serraciments.com\/es\/wp-json\/wp\/v2\/pages\/4411\/revisions\/10414"}],"wp:attachment":[{"href":"https:\/\/www.serraciments.com\/es\/wp-json\/wp\/v2\/media?parent=4411"}],"curies":[{"name":"wp","href":"https:\/\/api.w.org\/{rel}","templated":true}]}}