{"id":4413,"date":"2024-05-03T19:17:15","date_gmt":"2024-05-03T17:17:15","guid":{"rendered":"https:\/\/www.serraciments.com\/?page_id=4413"},"modified":"2025-11-07T09:23:36","modified_gmt":"2025-11-07T08:23:36","slug":"pigmento-en-formato-sacos","status":"publish","type":"page","link":"https:\/\/www.serraciments.com\/es\/pigmento-en-formato-sacos\/","title":{"rendered":"Pigmento en formato sacos"},"content":{"rendered":"\n<section class=\"sc-inner-banner light\">\n    <div class=\"container\">\n      <div class=\"row\">\n        <div class=\"col-md-6 order-sm-2 p-0 sc-img-wrapper\">\n          <img decoding=\"async\" src=\"https:\/\/www.serraciments.com\/wp-content\/uploads\/2017\/10\/Diciembre-2013-727bb.jpg\" alt=\"Serra Ciments\" class=\"img-fluid w-100\" \/>\n        <\/div>\n        <div class=\"col-md-6 my-auto\">    \n          <div class=\"sc-inner-caption ms-auto\">\n            <h1>Pigmento en formato sacos<\/h1>\n            <p>Formato en saco de papel que contiene 20 \/ 25 kg. seg\u00fan la referencia de color. <\/p>\n          <\/div> \n        <\/div>\n      <\/div>       \n    <\/div>\n  <\/section>\n\n  <section class=\"sc-section-middle sc-section-Blog-middle pt-5 pb-5 my-5\">\n    <div class=\"container\">\n      <div class=\"row\">\n        <div class=\"col-md-6\">\n          <div class=\"sc-productDetails-gellery\">\n            <div class=\"sc-blog-img-wrap\">\n              <img decoding=\"async\" src=\"https:\/\/www.serraciments.com\/wp-content\/uploads\/2024\/05\/pigmento-en-formato-sacos__img-01.jpg\" alt=\"Serra Ciments\" class=\"img-fluid w-100\" \/>\n              <div class=\"footer\">Formato saco<\/div>\n            <\/div>\n            <div class=\"sc-blog-img-wrap\">\n              \n            <\/div>\n          <\/div>\n        <\/div>\n        <div class=\"col-md-5\">\n          <div class=\"sc-blog-content\">\n            <b>Caracter\u00edsticas<\/b>\n            <p> Nuestros pigmentos en polvo est\u00e1n disponibles en formato en saco de papel que contiene 20 \/ 25 kg en palets de 600 a 1000 kg seg\u00fan la referencia de color, dise\u00f1ados para satisfacer las diversas necesidades de nuestros clientes en diferentes aplicaciones industriales. Los sacos est\u00e1n dise\u00f1ados para ser f\u00e1cilmente manipulables, facilitando su transporte y almacenamiento. El tama\u00f1o estandarizado permite una apilaci\u00f3n segura y eficiente en almacenes y \u00e1reas de trabajo. <\/p>\n\n            <b>Aplicaciones<\/b>\n            <p>Todo tipo de aplicaciones con cemento, mortero y hormig\u00f3n. <br>\n            <\/p>\n\n          \n          <\/div>\n        <\/div>\n      <\/div>\n    <\/div>\n  <\/section>\n","protected":false},"excerpt":{"rendered":"<p>Pigmento en formato sacos Formato en saco de papel que contiene 20 \/ 25 kg. seg\u00fan la referencia de color. [&hellip;]<\/p>\n","protected":false},"author":1,"featured_media":0,"parent":0,"menu_order":50,"comment_status":"closed","ping_status":"closed","template":"formatos.php","meta":{"footnotes":""},"class_list":["post-4413","page","type-page","status-publish","hentry"],"yoast_head":"<!-- This site is optimized with the Yoast SEO plugin v23.3 - https:\/\/yoast.com\/wordpress\/plugins\/seo\/ -->\n<title>Pigmento en formato sacos - Serra Ciments<\/title>\n<meta name=\"robots\" content=\"index, follow, max-snippet:-1, max-image-preview:large, max-video-preview:-1\" \/>\n<link rel=\"canonical\" href=\"https:\/\/www.serraciments.com\/es\/pigmento-en-formato-sacos\/\" \/>\n<meta name=\"twitter:label1\" content=\"Tiempo de lectura\" \/>\n\t<meta name=\"twitter:data1\" content=\"1 minuto\" \/>\n<script type=\"application\/ld+json\" class=\"yoast-schema-graph\">{\"@context\":\"https:\/\/schema.org\",\"@graph\":[{\"@type\":\"WebPage\",\"@id\":\"https:\/\/www.serraciments.com\/es\/pigmento-en-formato-sacos\/\",\"url\":\"https:\/\/www.serraciments.com\/es\/pigmento-en-formato-sacos\/\",\"name\":\"Pigmento en formato sacos - Serra Ciments\",\"isPartOf\":{\"@id\":\"https:\/\/www.serraciments.com\/es\/#website\"},\"primaryImageOfPage\":{\"@id\":\"https:\/\/www.serraciments.com\/es\/pigmento-en-formato-sacos\/#primaryimage\"},\"image\":{\"@id\":\"https:\/\/www.serraciments.com\/es\/pigmento-en-formato-sacos\/#primaryimage\"},\"thumbnailUrl\":\"https:\/\/www.serraciments.com\/wp-content\/uploads\/2017\/10\/Diciembre-2013-727bb.jpg\",\"datePublished\":\"2024-05-03T17:17:15+00:00\",\"dateModified\":\"2025-11-07T08:23:36+00:00\",\"breadcrumb\":{\"@id\":\"https:\/\/www.serraciments.com\/es\/pigmento-en-formato-sacos\/#breadcrumb\"},\"inLanguage\":\"es\",\"potentialAction\":[{\"@type\":\"ReadAction\",\"target\":[\"https:\/\/www.serraciments.com\/es\/pigmento-en-formato-sacos\/\"]}]},{\"@type\":\"ImageObject\",\"inLanguage\":\"es\",\"@id\":\"https:\/\/www.serraciments.com\/es\/pigmento-en-formato-sacos\/#primaryimage\",\"url\":\"https:\/\/www.serraciments.com\/wp-content\/uploads\/2017\/10\/Diciembre-2013-727bb.jpg\",\"contentUrl\":\"https:\/\/www.serraciments.com\/wp-content\/uploads\/2017\/10\/Diciembre-2013-727bb.jpg\"},{\"@type\":\"BreadcrumbList\",\"@id\":\"https:\/\/www.serraciments.com\/es\/pigmento-en-formato-sacos\/#breadcrumb\",\"itemListElement\":[{\"@type\":\"ListItem\",\"position\":1,\"name\":\"Home\",\"item\":\"https:\/\/www.serraciments.com\/es\/\"},{\"@type\":\"ListItem\",\"position\":2,\"name\":\"Pigmento en formato sacos\"}]},{\"@type\":\"WebSite\",\"@id\":\"https:\/\/www.serraciments.com\/es\/#website\",\"url\":\"https:\/\/www.serraciments.com\/es\/\",\"name\":\"Serra Ciments\",\"description\":\"Productos para el hormig\u00f3n\",\"potentialAction\":[{\"@type\":\"SearchAction\",\"target\":{\"@type\":\"EntryPoint\",\"urlTemplate\":\"https:\/\/www.serraciments.com\/es\/?s={search_term_string}\"},\"query-input\":\"required name=search_term_string\"}],\"inLanguage\":\"es\"}]}<\/script>\n<!-- \/ Yoast SEO plugin. -->","yoast_head_json":{"title":"Pigmento en formato sacos - Serra Ciments","robots":{"index":"index","follow":"follow","max-snippet":"max-snippet:-1","max-image-preview":"max-image-preview:large","max-video-preview":"max-video-preview:-1"},"canonical":"https:\/\/www.serraciments.com\/es\/pigmento-en-formato-sacos\/","twitter_misc":{"Tiempo de lectura":"1 minuto"},"schema":{"@context":"https:\/\/schema.org","@graph":[{"@type":"WebPage","@id":"https:\/\/www.serraciments.com\/es\/pigmento-en-formato-sacos\/","url":"https:\/\/www.serraciments.com\/es\/pigmento-en-formato-sacos\/","name":"Pigmento en formato sacos - Serra Ciments","isPartOf":{"@id":"https:\/\/www.serraciments.com\/es\/#website"},"primaryImageOfPage":{"@id":"https:\/\/www.serraciments.com\/es\/pigmento-en-formato-sacos\/#primaryimage"},"image":{"@id":"https:\/\/www.serraciments.com\/es\/pigmento-en-formato-sacos\/#primaryimage"},"thumbnailUrl":"https:\/\/www.serraciments.com\/wp-content\/uploads\/2017\/10\/Diciembre-2013-727bb.jpg","datePublished":"2024-05-03T17:17:15+00:00","dateModified":"2025-11-07T08:23:36+00:00","breadcrumb":{"@id":"https:\/\/www.serraciments.com\/es\/pigmento-en-formato-sacos\/#breadcrumb"},"inLanguage":"es","potentialAction":[{"@type":"ReadAction","target":["https:\/\/www.serraciments.com\/es\/pigmento-en-formato-sacos\/"]}]},{"@type":"ImageObject","inLanguage":"es","@id":"https:\/\/www.serraciments.com\/es\/pigmento-en-formato-sacos\/#primaryimage","url":"https:\/\/www.serraciments.com\/wp-content\/uploads\/2017\/10\/Diciembre-2013-727bb.jpg","contentUrl":"https:\/\/www.serraciments.com\/wp-content\/uploads\/2017\/10\/Diciembre-2013-727bb.jpg"},{"@type":"BreadcrumbList","@id":"https:\/\/www.serraciments.com\/es\/pigmento-en-formato-sacos\/#breadcrumb","itemListElement":[{"@type":"ListItem","position":1,"name":"Home","item":"https:\/\/www.serraciments.com\/es\/"},{"@type":"ListItem","position":2,"name":"Pigmento en formato sacos"}]},{"@type":"WebSite","@id":"https:\/\/www.serraciments.com\/es\/#website","url":"https:\/\/www.serraciments.com\/es\/","name":"Serra Ciments","description":"Productos para el hormig\u00f3n","potentialAction":[{"@type":"SearchAction","target":{"@type":"EntryPoint","urlTemplate":"https:\/\/www.serraciments.com\/es\/?s={search_term_string}"},"query-input":"required name=search_term_string"}],"inLanguage":"es"}]}},"_links":{"self":[{"href":"https:\/\/www.serraciments.com\/es\/wp-json\/wp\/v2\/pages\/4413"}],"collection":[{"href":"https:\/\/www.serraciments.com\/es\/wp-json\/wp\/v2\/pages"}],"about":[{"href":"https:\/\/www.serraciments.com\/es\/wp-json\/wp\/v2\/types\/page"}],"author":[{"embeddable":true,"href":"https:\/\/www.serraciments.com\/es\/wp-json\/wp\/v2\/users\/1"}],"replies":[{"embeddable":true,"href":"https:\/\/www.serraciments.com\/es\/wp-json\/wp\/v2\/comments?post=4413"}],"version-history":[{"count":13,"href":"https:\/\/www.serraciments.com\/es\/wp-json\/wp\/v2\/pages\/4413\/revisions"}],"predecessor-version":[{"id":9908,"href":"https:\/\/www.serraciments.com\/es\/wp-json\/wp\/v2\/pages\/4413\/revisions\/9908"}],"wp:attachment":[{"href":"https:\/\/www.serraciments.com\/es\/wp-json\/wp\/v2\/media?parent=4413"}],"curies":[{"name":"wp","href":"https:\/\/api.w.org\/{rel}","templated":true}]}}