{"id":9,"date":"2017-07-25T22:15:54","date_gmt":"2017-07-25T22:15:54","guid":{"rendered":"https:\/\/www.www.serraciments.com\/?page_id=9\/"},"modified":"2021-03-01T17:12:30","modified_gmt":"2021-03-01T16:12:30","slug":"pigmentos-para-hormigon-serra-ciments","status":"publish","type":"page","link":"https:\/\/www.serraciments.com\/es\/","title":{"rendered":"Inicio"},"content":{"rendered":"<h3>Serra Ciments es una empresa especializada en la fabricaci\u00f3n y distribuci\u00f3n de productos para el hormig\u00f3n. Los principales productos son pigmentos para hormig\u00f3n, fibras para la construcci\u00f3n, y otros productos para el hormig\u00f3n como aditivos o productos de acabado.<\/h3>\n<ul>\n<li>Pigmentos para la construcci\u00f3n.<\/li>\n<li>Fibras para la construcci\u00f3n como fibras de vidrio, fibras de polipropileno o fibras met\u00e1licas.<\/li>\n<li>Aditivos para hormig\u00f3n como hidrofufantes, superplastificantes, acelerantes &#8230;<\/li>\n<li>Productos de acabado para el hormig\u00f3n como desencofrantes, decapante &#8230;<\/li>\n<li>Pintura anticarteles para aplicar en elementos urbanos<\/li>\n<li>Diferentes clases y resistencias de cementos blancos y grises<\/li>\n<\/ul>\n<ul>\n<li>Ver informaci\u00f3n de cada pigmento en \u201c<a href=\"https:\/\/www.serraciments.com\/es\/products\/pigmentos-cemento-mortero-hormigon\/gama-pigmentos-hormigon\/\">Gama de pigmentos para hormig\u00f3n<\/a>\u201c<\/li>\n<li>Ver obras realizadas con pigmentos Serra Ciments\u00ae en : <a href=\"https:\/\/www.serraciments.com\/es\/obras-pigmentos-para-hormigon\/\">\u201cObras realizadas\u201d<\/a><\/li>\n<li><a href=\"http:\/\/colorantesparahormig\u00f3n.com\">colorantesparahormig\u00f3n.com\u00a0<\/a><\/li>\n<\/ul>\n<p><img loading=\"lazy\" decoding=\"async\" class=\"size-full wp-image-2543\" src=\"https:\/\/www.serraciments.com\/wp-content\/uploads\/2017\/10\/instagram-3-fotos-seguides2-1.jpg\" alt=\"pigmentos para hormig\u00f3n\" width=\"3000\" height=\"1000\" data-wp-pid=\"2543\" srcset=\"https:\/\/www.serraciments.com\/wp-content\/uploads\/2017\/10\/instagram-3-fotos-seguides2-1.jpg 3000w, https:\/\/www.serraciments.com\/wp-content\/uploads\/2017\/10\/instagram-3-fotos-seguides2-1-300x100.jpg 300w, https:\/\/www.serraciments.com\/wp-content\/uploads\/2017\/10\/instagram-3-fotos-seguides2-1-768x256.jpg 768w, https:\/\/www.serraciments.com\/wp-content\/uploads\/2017\/10\/instagram-3-fotos-seguides2-1-1024x341.jpg 1024w, https:\/\/www.serraciments.com\/wp-content\/uploads\/2017\/10\/instagram-3-fotos-seguides2-1-800x267.jpg 800w\" sizes=\"(max-width: 3000px) 100vw, 3000px\" \/><\/p>\n<p><img loading=\"lazy\" decoding=\"async\" class=\"alignnone size-full wp-image-2565\" src=\"https:\/\/www.serraciments.com\/wp-content\/uploads\/2017\/10\/Diciembre-2013-163b.jpg\" alt=\"\" width=\"1800\" height=\"1200\" data-wp-pid=\"2565\" srcset=\"https:\/\/www.serraciments.com\/wp-content\/uploads\/2017\/10\/Diciembre-2013-163b.jpg 1800w, https:\/\/www.serraciments.com\/wp-content\/uploads\/2017\/10\/Diciembre-2013-163b-300x200.jpg 300w, https:\/\/www.serraciments.com\/wp-content\/uploads\/2017\/10\/Diciembre-2013-163b-768x512.jpg 768w, https:\/\/www.serraciments.com\/wp-content\/uploads\/2017\/10\/Diciembre-2013-163b-1024x683.jpg 1024w, https:\/\/www.serraciments.com\/wp-content\/uploads\/2017\/10\/Diciembre-2013-163b-800x533.jpg 800w\" sizes=\"(max-width: 1800px) 100vw, 1800px\" \/><\/p>\n","protected":false},"excerpt":{"rendered":"<p>Serra Ciments es una empresa especializada en la fabricaci\u00f3n y distribuci\u00f3n de productos para el hormig\u00f3n. Los principales productos son [&hellip;]<\/p>\n","protected":false},"author":1,"featured_media":511,"parent":0,"menu_order":34,"comment_status":"closed","ping_status":"open","template":"homepage.php","meta":{"footnotes":""},"class_list":["post-9","page","type-page","status-publish","has-post-thumbnail","hentry"],"yoast_head":"<!-- This site is optimized with the Yoast SEO plugin v23.3 - https:\/\/yoast.com\/wordpress\/plugins\/seo\/ -->\n<title>Pigmentos para hormig\u00f3n \/ Fibras \/ Aditivos \/ Cementos<\/title>\n<meta name=\"description\" content=\"Pigmentos para hormig\u00f3n, mortero y cemento, fibras para la construcci\u00f3n, aditivos, productos de acabado, cementos y otros productos para la construcci\u00f3n.\" \/>\n<meta name=\"robots\" content=\"index, follow, max-snippet:-1, max-image-preview:large, max-video-preview:-1\" \/>\n<link rel=\"canonical\" href=\"https:\/\/www.serraciments.com\/es\/\" \/>\n<meta name=\"twitter:label1\" content=\"Tiempo de lectura\" \/>\n\t<meta name=\"twitter:data1\" content=\"1 minuto\" \/>\n<script type=\"application\/ld+json\" class=\"yoast-schema-graph\">{\"@context\":\"https:\/\/schema.org\",\"@graph\":[{\"@type\":\"WebPage\",\"@id\":\"https:\/\/www.serraciments.com\/es\/\",\"url\":\"https:\/\/www.serraciments.com\/es\/\",\"name\":\"Pigmentos para hormig\u00f3n \/ Fibras \/ Aditivos \/ Cementos\",\"isPartOf\":{\"@id\":\"https:\/\/www.serraciments.com\/es\/#website\"},\"primaryImageOfPage\":{\"@id\":\"https:\/\/www.serraciments.com\/es\/#primaryimage\"},\"image\":{\"@id\":\"https:\/\/www.serraciments.com\/es\/#primaryimage\"},\"thumbnailUrl\":\"https:\/\/www.serraciments.com\/wp-content\/uploads\/2017\/07\/4web.jpg\",\"datePublished\":\"2017-07-25T22:15:54+00:00\",\"dateModified\":\"2021-03-01T16:12:30+00:00\",\"description\":\"Pigmentos para hormig\u00f3n, mortero y cemento, fibras para la construcci\u00f3n, aditivos, productos de acabado, cementos y otros productos para la construcci\u00f3n.\",\"breadcrumb\":{\"@id\":\"https:\/\/www.serraciments.com\/es\/#breadcrumb\"},\"inLanguage\":\"es\",\"potentialAction\":[{\"@type\":\"ReadAction\",\"target\":[\"https:\/\/www.serraciments.com\/es\/\"]}]},{\"@type\":\"ImageObject\",\"inLanguage\":\"es\",\"@id\":\"https:\/\/www.serraciments.com\/es\/#primaryimage\",\"url\":\"https:\/\/www.serraciments.com\/wp-content\/uploads\/2017\/07\/4web.jpg\",\"contentUrl\":\"https:\/\/www.serraciments.com\/wp-content\/uploads\/2017\/07\/4web.jpg\",\"width\":2205,\"height\":1356,\"caption\":\"Pigmentos para hormig\u00f3n\"},{\"@type\":\"BreadcrumbList\",\"@id\":\"https:\/\/www.serraciments.com\/es\/#breadcrumb\",\"itemListElement\":[{\"@type\":\"ListItem\",\"position\":1,\"name\":\"Home\",\"item\":\"https:\/\/www.serraciments.com\/es\/\"},{\"@type\":\"ListItem\",\"position\":2,\"name\":\"Inicio\"}]},{\"@type\":\"WebSite\",\"@id\":\"https:\/\/www.serraciments.com\/es\/#website\",\"url\":\"https:\/\/www.serraciments.com\/es\/\",\"name\":\"Serra Ciments\",\"description\":\"Productos para el hormig\u00f3n\",\"potentialAction\":[{\"@type\":\"SearchAction\",\"target\":{\"@type\":\"EntryPoint\",\"urlTemplate\":\"https:\/\/www.serraciments.com\/es\/?s={search_term_string}\"},\"query-input\":\"required name=search_term_string\"}],\"inLanguage\":\"es\"}]}<\/script>\n<!-- \/ Yoast SEO plugin. -->","yoast_head_json":{"title":"Pigmentos para hormig\u00f3n \/ Fibras \/ Aditivos \/ Cementos","description":"Pigmentos para hormig\u00f3n, mortero y cemento, fibras para la construcci\u00f3n, aditivos, productos de acabado, cementos y otros productos para la construcci\u00f3n.","robots":{"index":"index","follow":"follow","max-snippet":"max-snippet:-1","max-image-preview":"max-image-preview:large","max-video-preview":"max-video-preview:-1"},"canonical":"https:\/\/www.serraciments.com\/es\/","twitter_misc":{"Tiempo de lectura":"1 minuto"},"schema":{"@context":"https:\/\/schema.org","@graph":[{"@type":"WebPage","@id":"https:\/\/www.serraciments.com\/es\/","url":"https:\/\/www.serraciments.com\/es\/","name":"Pigmentos para hormig\u00f3n \/ Fibras \/ Aditivos \/ Cementos","isPartOf":{"@id":"https:\/\/www.serraciments.com\/es\/#website"},"primaryImageOfPage":{"@id":"https:\/\/www.serraciments.com\/es\/#primaryimage"},"image":{"@id":"https:\/\/www.serraciments.com\/es\/#primaryimage"},"thumbnailUrl":"https:\/\/www.serraciments.com\/wp-content\/uploads\/2017\/07\/4web.jpg","datePublished":"2017-07-25T22:15:54+00:00","dateModified":"2021-03-01T16:12:30+00:00","description":"Pigmentos para hormig\u00f3n, mortero y cemento, fibras para la construcci\u00f3n, aditivos, productos de acabado, cementos y otros productos para la construcci\u00f3n.","breadcrumb":{"@id":"https:\/\/www.serraciments.com\/es\/#breadcrumb"},"inLanguage":"es","potentialAction":[{"@type":"ReadAction","target":["https:\/\/www.serraciments.com\/es\/"]}]},{"@type":"ImageObject","inLanguage":"es","@id":"https:\/\/www.serraciments.com\/es\/#primaryimage","url":"https:\/\/www.serraciments.com\/wp-content\/uploads\/2017\/07\/4web.jpg","contentUrl":"https:\/\/www.serraciments.com\/wp-content\/uploads\/2017\/07\/4web.jpg","width":2205,"height":1356,"caption":"Pigmentos para hormig\u00f3n"},{"@type":"BreadcrumbList","@id":"https:\/\/www.serraciments.com\/es\/#breadcrumb","itemListElement":[{"@type":"ListItem","position":1,"name":"Home","item":"https:\/\/www.serraciments.com\/es\/"},{"@type":"ListItem","position":2,"name":"Inicio"}]},{"@type":"WebSite","@id":"https:\/\/www.serraciments.com\/es\/#website","url":"https:\/\/www.serraciments.com\/es\/","name":"Serra Ciments","description":"Productos para el hormig\u00f3n","potentialAction":[{"@type":"SearchAction","target":{"@type":"EntryPoint","urlTemplate":"https:\/\/www.serraciments.com\/es\/?s={search_term_string}"},"query-input":"required name=search_term_string"}],"inLanguage":"es"}]}},"_links":{"self":[{"href":"https:\/\/www.serraciments.com\/es\/wp-json\/wp\/v2\/pages\/9"}],"collection":[{"href":"https:\/\/www.serraciments.com\/es\/wp-json\/wp\/v2\/pages"}],"about":[{"href":"https:\/\/www.serraciments.com\/es\/wp-json\/wp\/v2\/types\/page"}],"author":[{"embeddable":true,"href":"https:\/\/www.serraciments.com\/es\/wp-json\/wp\/v2\/users\/1"}],"replies":[{"embeddable":true,"href":"https:\/\/www.serraciments.com\/es\/wp-json\/wp\/v2\/comments?post=9"}],"version-history":[{"count":9,"href":"https:\/\/www.serraciments.com\/es\/wp-json\/wp\/v2\/pages\/9\/revisions"}],"predecessor-version":[{"id":3392,"href":"https:\/\/www.serraciments.com\/es\/wp-json\/wp\/v2\/pages\/9\/revisions\/3392"}],"wp:featuredmedia":[{"embeddable":true,"href":"https:\/\/www.serraciments.com\/es\/wp-json\/wp\/v2\/media\/511"}],"wp:attachment":[{"href":"https:\/\/www.serraciments.com\/es\/wp-json\/wp\/v2\/media?parent=9"}],"curies":[{"name":"wp","href":"https:\/\/api.w.org\/{rel}","templated":true}]}}