{"id":7877,"date":"2025-06-18T16:46:06","date_gmt":"2025-06-18T14:46:06","guid":{"rendered":"https:\/\/www.serraciments.com\/?page_id=7877"},"modified":"2025-06-20T10:50:50","modified_gmt":"2025-06-20T08:50:50","slug":"empresa","status":"publish","type":"page","link":"https:\/\/www.serraciments.com\/fr\/empresa\/","title":{"rendered":"Entreprise"},"content":{"rendered":"\n<section class=\"sc-inner-banner\">\n    <div class=\"container\">\n      <div class=\"row\">\n        <div class=\"col-md-6 order-md-2 p-0\">\n          <img decoding=\"async\" src=\"https:\/\/www.serraciments.com\/wp-content\/uploads\/2024\/05\/embresa-banner.jpg\" alt=\"Serra Ciments\" class=\"img-fluid\">\n        <\/div>\n        <div class=\"col-md-6 my-auto\">    \n          <div class=\"sc-inner-caption ms-md-auto\">\n            <h1>Serra Ciments<\/h1>\n            <p>Serra Ciments \u2013 Plus de 80 ans d\u2019exp\u00e9rience.\nSp\u00e9cialis\u00e9e dans la fourniture de pigments pour b\u00e9ton et de produits destin\u00e9s \u00e0 la fabrication et \u00e0 la mise en valeur de tous types d\u2019ouvrages en mortier et b\u00e9ton.<\/p>\n          <\/div> \n        <\/div>\n      <\/div>       \n    <\/div>\n  <\/section>\n\n  <section class=\"se-embresa-grid\">\n    <div class=\"container\">\n      <div class=\"row\">\n        <div class=\"col-lg-4 col-sm-6\">\n          <div class=\"se-embresa-item\">\n            <img decoding=\"async\" src=\"https:\/\/www.serraciments.com\/wp-content\/uploads\/2024\/05\/80.png\" alt=\"\" class=\"img-fluid\">\n            <h2>Histoire de Serra Ciments<\/h2>\n            <p>Serra Ciments est une entreprise forte de plus de 80 ans d\u2019activit\u00e9. Elle concentre son savoir-faire sur la fourniture de produits destin\u00e9s \u00e0 la fabrication et \u00e0 la finition esth\u00e9tique de tous types d\u2019applications en mortier et b\u00e9ton.<\/p>\n          <\/div>\n        <\/div>\n        <div class=\"col-lg-4 col-sm-6\">\n          <div class=\"se-embresa-item\">\n            <img decoding=\"async\" src=\"https:\/\/www.serraciments.com\/wp-content\/uploads\/2024\/05\/sc-placa.png\" alt=\"SC Pigments\" class=\"img-fluid\">\n            <h2>SC Pigments \u00ae<\/h2>\n            <p>Nous fabriquons et distribuons notre propre marque de pigments inorganiques pour ciment, mortier et b\u00e9ton : SC Pigments. Large gamme de pigments \u00e0 base d\u2019oxydes de fer, oxydes de chrome, dioxyde de titane, bleus de cobalt et noirs de carbone.\n<\/p>\n          <\/div>\n        <\/div>\n        <div class=\"col-lg-4 col-sm-6\">\n          <div class=\"se-embresa-item\">\n            <img decoding=\"async\" src=\"https:\/\/www.serraciments.com\/wp-content\/uploads\/2024\/05\/pastilla.png\" alt=\"\" class=\"img-fluid\">\n            <h2>Serie H\u00ae (hidrosoluble).<\/h2>\n            <p>Engag\u00e9s pour la durabilit\u00e9. Nous conditionnons nos pigments dans des sachets biod\u00e9gradables, \u00e0 introduire directement dans la cuve du malaxeur, ce qui \u00e9limine les d\u00e9chets plastiques et facilite la mise en \u0153uvre.<\/p>\n          <\/div>\n        <\/div>\n        <div class=\"col-lg-4 col-sm-6\">\n          <div class=\"se-embresa-item\">\n            <img decoding=\"async\" src=\"https:\/\/www.serraciments.com\/wp-content\/uploads\/2024\/05\/pin.png\" alt=\"Ubicados en Barcelona\" class=\"img-fluid\">\n            <h2>Situ\u00e9s \u00e0 Barcelone<\/h2>\n            <p>Serra Ciments Pigments, S.L.<br>C\/ Monturiol, 8 Polg. Ind. Sud<br>08754 El Papiol, Barcelona.<\/p>\n          <\/div>\n        <\/div>\n        <div class=\"col-lg-4 col-sm-6\">\n          <div class=\"se-embresa-item\">\n            <img decoding=\"async\" src=\"https:\/\/www.serraciments.com\/wp-content\/uploads\/2024\/05\/CE.png\" alt=\"Certificado CE\" class=\"img-fluid\">\n            <h2>Certification CE<\/h2>\n            <p>Tous nos produits destin\u00e9s au b\u00e9ton sont conformes au marquage CE et \u00e0 la norme UNE-EN 12878:200, assurant leur qualit\u00e9 et performance.<\/p>\n          <\/div>\n        <\/div>\n        <div class=\"col-lg-4 col-sm-6\">\n          <div class=\"se-embresa-item\">\n            <img decoding=\"async\" src=\"https:\/\/www.serraciments.com\/wp-content\/uploads\/2024\/05\/id.png\" alt=\"Investigaci\u00f3n y desarrollo\" class=\"img-fluid\">\n            <h2>Recherche et d\u00e9veloppement<\/h2>\n            <p>Nous investissons dans la recherche de mat\u00e9riaux avanc\u00e9s, l\u2019\u00e9co-innovation et les nouvelles technologies appliqu\u00e9es au secteur de la construction.<\/p>\n          <\/div>\n        <\/div>\n      <\/div>\n    <\/div>\n  <\/section>\n\n  <section class=\"sc-embresa-bottom\">\n    <div class=\"sc-embresa-bottom-row\">\n      <div class=\"sc-embresa-bot-col\">\n        <div class=\"sc-embresa-bot-content\">\n          <h2>Nous fabriquons<\/h2>\n          <p>Formulation et fabrication propres des r\u00e9f\u00e9rences de couleur des pigments pour ciment, mortier et b\u00e9ton SC Pigments. <\/p>\n        <\/div>\n      <\/div>\n      <div class=\"sc-embresa-bot-col\">\n        <div class=\"sc-embresa-bot-content\">\n          <h2>Nous distribuons<\/h2>\n          <p>Distribution de produits sp\u00e9cialis\u00e9s issus des marques les plus reconnues du secteur, pour garantir les meilleurs r\u00e9sultats sur chantier.<\/p>\n        <\/div>\n      <\/div>\n      <div class=\"sc-embresa-bot-col\">\n        <div class=\"sc-embresa-bot-content\">\n          <h2>Nous accompagnons <\/h2>\n          <p>Nous r\u00e9alisons des essais de teinte personnalis\u00e9s pour trouver la couleur souhait\u00e9e et conseillons sur le produit le plus adapt\u00e9 \u00e0 chaque application. <\/p>\n        <\/div>\n      <\/div>\n      <div class=\"sc-embresa-bot-col\">\n        <div class=\"sc-embresa-bot-content\">\n          <h2>Contact <\/h2>\n          <p>Tel\u00e9fono: <a href=\"tel:+34 93 673 20 73\">+34 93 673 20 73<\/a><br>Mail: <a href=\"mailto:info@serraciments.com\">info@serraciments.com<\/a><\/p>\n          <a href=\"https:\/\/www.serraciments.com\/es\/contacto\/\" class=\"btn btn-default white outline\">Contactez-nous<\/a>\n        <\/div>\n      <\/div>\n    <\/div>\n  <\/section>\n","protected":false},"excerpt":{"rendered":"<p>Serra Ciments Serra Ciments \u2013 Plus de 80 ans d\u2019exp\u00e9rience. Sp\u00e9cialis\u00e9e dans la fourniture de pigments pour b\u00e9ton et de [&hellip;]<\/p>\n","protected":false},"author":1,"featured_media":0,"parent":0,"menu_order":31,"comment_status":"closed","ping_status":"closed","template":"empresa.php","meta":{"footnotes":""},"class_list":["post-7877","page","type-page","status-publish","hentry"],"yoast_head":"<!-- This site is optimized with the Yoast SEO plugin v23.3 - https:\/\/yoast.com\/wordpress\/plugins\/seo\/ -->\n<title>Entreprise - Serra Ciments<\/title>\n<meta name=\"robots\" content=\"index, follow, max-snippet:-1, max-image-preview:large, max-video-preview:-1\" \/>\n<link rel=\"canonical\" href=\"https:\/\/www.serraciments.com\/fr\/empresa\/\" \/>\n<meta name=\"twitter:label1\" content=\"Dur\u00e9e de lecture estim\u00e9e\" \/>\n\t<meta name=\"twitter:data1\" content=\"3 minutes\" \/>\n<script type=\"application\/ld+json\" class=\"yoast-schema-graph\">{\"@context\":\"https:\/\/schema.org\",\"@graph\":[{\"@type\":\"WebPage\",\"@id\":\"https:\/\/www.serraciments.com\/fr\/empresa\/\",\"url\":\"https:\/\/www.serraciments.com\/fr\/empresa\/\",\"name\":\"Entreprise - Serra Ciments\",\"isPartOf\":{\"@id\":\"https:\/\/www.serraciments.com\/es\/#website\"},\"primaryImageOfPage\":{\"@id\":\"https:\/\/www.serraciments.com\/fr\/empresa\/#primaryimage\"},\"image\":{\"@id\":\"https:\/\/www.serraciments.com\/fr\/empresa\/#primaryimage\"},\"thumbnailUrl\":\"https:\/\/www.serraciments.com\/wp-content\/uploads\/2024\/05\/embresa-banner.jpg\",\"datePublished\":\"2025-06-18T14:46:06+00:00\",\"dateModified\":\"2025-06-20T08:50:50+00:00\",\"breadcrumb\":{\"@id\":\"https:\/\/www.serraciments.com\/fr\/empresa\/#breadcrumb\"},\"inLanguage\":\"fr-FR\",\"potentialAction\":[{\"@type\":\"ReadAction\",\"target\":[\"https:\/\/www.serraciments.com\/fr\/empresa\/\"]}]},{\"@type\":\"ImageObject\",\"inLanguage\":\"fr-FR\",\"@id\":\"https:\/\/www.serraciments.com\/fr\/empresa\/#primaryimage\",\"url\":\"https:\/\/www.serraciments.com\/wp-content\/uploads\/2024\/05\/embresa-banner.jpg\",\"contentUrl\":\"https:\/\/www.serraciments.com\/wp-content\/uploads\/2024\/05\/embresa-banner.jpg\"},{\"@type\":\"BreadcrumbList\",\"@id\":\"https:\/\/www.serraciments.com\/fr\/empresa\/#breadcrumb\",\"itemListElement\":[{\"@type\":\"ListItem\",\"position\":1,\"name\":\"Home\",\"item\":\"https:\/\/www.serraciments.com\/fr\/\"},{\"@type\":\"ListItem\",\"position\":2,\"name\":\"Entreprise\"}]},{\"@type\":\"WebSite\",\"@id\":\"https:\/\/www.serraciments.com\/es\/#website\",\"url\":\"https:\/\/www.serraciments.com\/es\/\",\"name\":\"Serra Ciments\",\"description\":\"Productos para el hormig\u00f3n\",\"potentialAction\":[{\"@type\":\"SearchAction\",\"target\":{\"@type\":\"EntryPoint\",\"urlTemplate\":\"https:\/\/www.serraciments.com\/es\/?s={search_term_string}\"},\"query-input\":\"required name=search_term_string\"}],\"inLanguage\":\"fr-FR\"}]}<\/script>\n<!-- \/ Yoast SEO plugin. -->","yoast_head_json":{"title":"Entreprise - Serra Ciments","robots":{"index":"index","follow":"follow","max-snippet":"max-snippet:-1","max-image-preview":"max-image-preview:large","max-video-preview":"max-video-preview:-1"},"canonical":"https:\/\/www.serraciments.com\/fr\/empresa\/","twitter_misc":{"Dur\u00e9e de lecture estim\u00e9e":"3 minutes"},"schema":{"@context":"https:\/\/schema.org","@graph":[{"@type":"WebPage","@id":"https:\/\/www.serraciments.com\/fr\/empresa\/","url":"https:\/\/www.serraciments.com\/fr\/empresa\/","name":"Entreprise - Serra Ciments","isPartOf":{"@id":"https:\/\/www.serraciments.com\/es\/#website"},"primaryImageOfPage":{"@id":"https:\/\/www.serraciments.com\/fr\/empresa\/#primaryimage"},"image":{"@id":"https:\/\/www.serraciments.com\/fr\/empresa\/#primaryimage"},"thumbnailUrl":"https:\/\/www.serraciments.com\/wp-content\/uploads\/2024\/05\/embresa-banner.jpg","datePublished":"2025-06-18T14:46:06+00:00","dateModified":"2025-06-20T08:50:50+00:00","breadcrumb":{"@id":"https:\/\/www.serraciments.com\/fr\/empresa\/#breadcrumb"},"inLanguage":"fr-FR","potentialAction":[{"@type":"ReadAction","target":["https:\/\/www.serraciments.com\/fr\/empresa\/"]}]},{"@type":"ImageObject","inLanguage":"fr-FR","@id":"https:\/\/www.serraciments.com\/fr\/empresa\/#primaryimage","url":"https:\/\/www.serraciments.com\/wp-content\/uploads\/2024\/05\/embresa-banner.jpg","contentUrl":"https:\/\/www.serraciments.com\/wp-content\/uploads\/2024\/05\/embresa-banner.jpg"},{"@type":"BreadcrumbList","@id":"https:\/\/www.serraciments.com\/fr\/empresa\/#breadcrumb","itemListElement":[{"@type":"ListItem","position":1,"name":"Home","item":"https:\/\/www.serraciments.com\/fr\/"},{"@type":"ListItem","position":2,"name":"Entreprise"}]},{"@type":"WebSite","@id":"https:\/\/www.serraciments.com\/es\/#website","url":"https:\/\/www.serraciments.com\/es\/","name":"Serra Ciments","description":"Productos para el hormig\u00f3n","potentialAction":[{"@type":"SearchAction","target":{"@type":"EntryPoint","urlTemplate":"https:\/\/www.serraciments.com\/es\/?s={search_term_string}"},"query-input":"required name=search_term_string"}],"inLanguage":"fr-FR"}]}},"_links":{"self":[{"href":"https:\/\/www.serraciments.com\/fr\/wp-json\/wp\/v2\/pages\/7877"}],"collection":[{"href":"https:\/\/www.serraciments.com\/fr\/wp-json\/wp\/v2\/pages"}],"about":[{"href":"https:\/\/www.serraciments.com\/fr\/wp-json\/wp\/v2\/types\/page"}],"author":[{"embeddable":true,"href":"https:\/\/www.serraciments.com\/fr\/wp-json\/wp\/v2\/users\/1"}],"replies":[{"embeddable":true,"href":"https:\/\/www.serraciments.com\/fr\/wp-json\/wp\/v2\/comments?post=7877"}],"version-history":[{"count":5,"href":"https:\/\/www.serraciments.com\/fr\/wp-json\/wp\/v2\/pages\/7877\/revisions"}],"predecessor-version":[{"id":7986,"href":"https:\/\/www.serraciments.com\/fr\/wp-json\/wp\/v2\/pages\/7877\/revisions\/7986"}],"wp:attachment":[{"href":"https:\/\/www.serraciments.com\/fr\/wp-json\/wp\/v2\/media?parent=7877"}],"curies":[{"name":"wp","href":"https:\/\/api.w.org\/{rel}","templated":true}]}}