{"id":7944,"date":"2025-06-20T10:50:19","date_gmt":"2025-06-20T08:50:19","guid":{"rendered":"https:\/\/www.serraciments.com\/?page_id=7944"},"modified":"2026-02-02T17:30:50","modified_gmt":"2026-02-02T16:30:50","slug":"applications","status":"publish","type":"page","link":"https:\/\/www.serraciments.com\/fr\/applications\/","title":{"rendered":"Applications"},"content":{"rendered":"\n<section class=\"sc-inner-banner light\">\n  <div class=\"container\">\n    <div class=\"row\">\n      <div class=\"col-md-6 order-sm-2 p-0\">\n<figure class=\"fixed-aspect-aplicaciones figure\">\n        <img decoding=\"async\" src=\"https:\/\/www.serraciments.com\/wp-content\/uploads\/2024\/06\/pavimentosdehormigonenmasa2.jpg\"\n          class=\"img-fluid w-100\">\n<\/figure>\n      <\/div>\n      <div class=\"col-md-6 my-auto\">\n        <div class=\"sc-inner-caption ms-auto\">\n          <h1>Applications<\/h1>\n          <p>D\u00e9couvrez les multiples applications de la gamme SC Pigments pour colorer le ciment, le mortier et le b\u00e9ton.<\/p>\n        <\/div>\n      <\/div>\n    <\/div>\n  <\/div>\n<\/section>\n\n<section class=\"sc-color-middle sc-Aplicaciones-wrap\">\n  <div class=\"container\">\n    <div class=\"sc-section-head\">\n      <h2 class=\"sc-section-title\">Utilisation des pigments dans diff\u00e9rentes applications<\/h2>\n    <\/div>\n\n    <div class=\"accordion accordion-flush \" id=\"accordionAplicaciones\">\n      <div class=\"accordion-item\">\n        <h2 class=\"accordion-header\">\n          <button class=\"accordion-button collapsed\" type=\"button\" data-bs-toggle=\"collapse\"\n            data-bs-target=\"#flush-collapse_1\" aria-expanded=\"false\" aria-controls=\"flush-collapse_1\">\n            Centrales \u00e0 b\u00e9ton\n          <\/button>\n        <\/h2>\n        <div id=\"flush-collapse_1\" class=\"accordion-collapse collapse\" data-bs-parent=\"#accordionAplicaciones\">\n          <div class=\"accordion-body\">\n            <div class=\"row g-0 g-md-3\">\n              <div class=\"col-6\">\n                <div class=\"sc-img-wrap\">\n                  <img decoding=\"async\" src=\"https:\/\/www.serraciments.com\/wp-content\/uploads\/2024\/06\/plantasdehormigon1.jpg\" class=\"img-fluid\"\n                    alt=\"Applications centrales \u00e0 b\u00e9ton\" \/>\n                <\/div>\n              <\/div>\n              <div class=\"col-6\">\n                <div class=\"sc-img-wrap\">\n                  <img decoding=\"async\" src=\"https:\/\/www.serraciments.com\/wp-content\/uploads\/2024\/06\/plantasdehormigon2.jpg\" class=\"img-fluid\"\n                    alt=\"Applications centrales \u00e0 b\u00e9ton\" \/>\n                <\/div>\n              <\/div>\n            <\/div>\n          <\/div>\n        <\/div>\n      <\/div>\n\n      <div class=\"accordion-item\">\n        <h2 class=\"accordion-header\">\n          <button class=\"accordion-button collapsed\" type=\"button\" data-bs-toggle=\"collapse\"\n            data-bs-target=\"#flush-collapse_2\" aria-expanded=\"false\" aria-controls=\"flush-collapse_2\">\n            Rev\u00eatements en b\u00e9ton\n          <\/button>\n        <\/h2>\n        <div id=\"flush-collapse_2\" class=\"accordion-collapse collapse\" data-bs-parent=\"#accordionAplicaciones\">\n          <div class=\"accordion-body\">\n            <div class=\"row g-0 g-md-3\">\n              <div class=\"col-6\">\n                <div class=\"sc-img-wrap\">\n                  <img decoding=\"async\" src=\"https:\/\/www.serraciments.com\/wp-content\/uploads\/2024\/06\/pavimentosdehormigonenmasa.jpg\" class=\"img-fluid\"\n                    alt=\"Applications rev\u00eatements en b\u00e9ton\" \/>\n                <\/div>\n              <\/div>\n              <div class=\"col-6\">\n                <div class=\"sc-img-wrap\">\n                  <img decoding=\"async\" src=\"https:\/\/www.serraciments.com\/wp-content\/uploads\/2024\/06\/pavimentosdehormigonenmasa2.jpg\" class=\"img-fluid\"\n                    alt=\"Applications rev\u00eatements en b\u00e9ton\" \/>\n                <\/div>\n              <\/div>\n            <\/div>\n          <\/div>\n        <\/div>\n      <\/div>\n\n      <div class=\"accordion-item\">\n        <h2 class=\"accordion-header\">\n          <button class=\"accordion-button collapsed\" type=\"button\" data-bs-toggle=\"collapse\"\n            data-bs-target=\"#flush-collapse_3\" aria-expanded=\"false\" aria-controls=\"flush-collapse_3\">\n            B\u00e9tons d\u00e9sactiv\u00e9s\n          <\/button>\n        <\/h2>\n        <div id=\"flush-collapse_3\" class=\"accordion-collapse collapse\" data-bs-parent=\"#accordionAplicaciones\">\n          <div class=\"accordion-body\">\n            <div class=\"row g-0 g-md-3\">\n              <div class=\"col-6\">\n                <div class=\"sc-img-wrap\">\n                  <img decoding=\"async\" src=\"https:\/\/www.serraciments.com\/wp-content\/uploads\/2024\/06\/pavimentodesactivado1.jpg\" class=\"img-fluid\"\n                    alt=\"Applications b\u00e9tons d\u00e9sactiv\u00e9s\" \/>\n                <\/div>\n              <\/div>\n              <div class=\"col-6\">\n                <div class=\"sc-img-wrap\">\n                  <img decoding=\"async\" src=\"https:\/\/www.serraciments.com\/wp-content\/uploads\/2024\/06\/pavimentodesactivado2.jpg\" class=\"img-fluid\"\n                    alt=\"Applications b\u00e9tons d\u00e9sactiv\u00e9s\" \/>\n                <\/div>\n              <\/div>\n            <\/div>\n          <\/div>\n        <\/div>\n      <\/div>\n\n      <div class=\"accordion-item\">\n        <h2 class=\"accordion-header\">\n          <button class=\"accordion-button collapsed\" type=\"button\" data-bs-toggle=\"collapse\"\n            data-bs-target=\"#flush-collapse_4\" aria-expanded=\"false\" aria-controls=\"flush-collapse_4\">\n            B\u00e9tons projet\u00e9s color\u00e9s\n          <\/button>\n        <\/h2>\n        <div id=\"flush-collapse_4\" class=\"accordion-collapse collapse\" data-bs-parent=\"#accordionAplicaciones\">\n          <div class=\"accordion-body\">\n            <div class=\"row g-0 g-md-3\">\n              <div class=\"col-6\">\n                <div class=\"sc-img-wrap\">\n                  <img decoding=\"async\" src=\"https:\/\/www.serraciments.com\/wp-content\/uploads\/2024\/06\/gunitadodecolor.jpg\" class=\"img-fluid\"\n                    alt=\"Applications b\u00e9tons projet\u00e9s color\u00e9s\" \/>\n                <\/div>\n              <\/div>\n              <div class=\"col-6\">\n                <div class=\"sc-img-wrap\">\n                  <img decoding=\"async\" src=\"https:\/\/www.serraciments.com\/wp-content\/uploads\/2024\/06\/gunitadodecolor2.jpg\" class=\"img-fluid\"\n                    alt=\"Applications b\u00e9tons projet\u00e9s color\u00e9s\" \/>\n                <\/div>\n              <\/div>\n            <\/div>\n          <\/div>\n        <\/div>\n      <\/div>\n\n      <div class=\"accordion-item\">\n        <h2 class=\"accordion-header\">\n          <button class=\"accordion-button collapsed\" type=\"button\" data-bs-toggle=\"collapse\"\n            data-bs-target=\"#flush-collapse_5\" aria-expanded=\"false\" aria-controls=\"flush-collapse_5\">\n            Pr\u00e9fabriqu\u00e9s en b\u00e9ton\n          <\/button>\n        <\/h2>\n        <div id=\"flush-collapse_5\" class=\"accordion-collapse collapse\" data-bs-parent=\"#accordionAplicaciones\">\n          <div class=\"accordion-body\">\n            <div class=\"row g-0 g-md-3\">\n              <div class=\"col-6\">\n                <div class=\"sc-img-wrap\">\n                  <img decoding=\"async\" src=\"https:\/\/www.serraciments.com\/wp-content\/uploads\/2024\/06\/prefabricadosdehormigon1.jpg\" class=\"img-fluid\"\n                    alt=\"Applications pr\u00e9fabriqu\u00e9s en b\u00e9ton\" \/>\n                <\/div>\n              <\/div>\n              <div class=\"col-6\">\n                <div class=\"sc-img-wrap\">\n                  <img decoding=\"async\" src=\"https:\/\/www.serraciments.com\/wp-content\/uploads\/2024\/06\/71716ef3981bc97d7dcb71b3f473153980173aff.jpg\"\n                    alt=\"Applications pr\u00e9fabriqu\u00e9s en b\u00e9ton\" \/>\n                <\/div>\n              <\/div>\n            <\/div>\n          <\/div>\n        <\/div>\n      <\/div>\n\n      <div class=\"accordion-item\">\n        <h2 class=\"accordion-header\">\n          <button class=\"accordion-button collapsed\" type=\"button\" data-bs-toggle=\"collapse\"\n            data-bs-target=\"#flush-collapse_6\" aria-expanded=\"false\" aria-controls=\"flush-collapse_6\">\n            Blocs en b\u00e9ton\n          <\/button>\n        <\/h2>\n        <div id=\"flush-collapse_6\" class=\"accordion-collapse collapse\" data-bs-parent=\"#accordionAplicaciones\">\n          <div class=\"accordion-body\">\n            <div class=\"row g-0 g-md-3\">\n              <div class=\"col-6\">\n                <div class=\"sc-img-wrap\">\n                  <img decoding=\"async\" src=\"https:\/\/www.serraciments.com\/wp-content\/uploads\/2024\/06\/bloquesdehormigon1.jpg\" class=\"img-fluid\"\n                    alt=\"Applications blocs en b\u00e9ton\" \/>\n                <\/div>\n              <\/div>\n              <div class=\"col-6\">\n                <div class=\"sc-img-wrap\">\n                  <img decoding=\"async\" src=\"https:\/\/www.serraciments.com\/wp-content\/uploads\/2024\/06\/bloquesdehormigon2.jpg\" class=\"img-fluid\"\n                    alt=\"Applications blocs en b\u00e9ton\" \/>\n                <\/div>\n              <\/div>\n            <\/div>\n          <\/div>\n        <\/div>\n      <\/div>\n\n      <div class=\"accordion-item\">\n        <h2 class=\"accordion-header\">\n          <button class=\"accordion-button collapsed\" type=\"button\" data-bs-toggle=\"collapse\"\n            data-bs-target=\"#flush-collapse_7\" aria-expanded=\"false\" aria-controls=\"flush-collapse_7\">\n            Carreaux de ciment\n          <\/button>\n        <\/h2>\n        <div id=\"flush-collapse_7\" class=\"accordion-collapse collapse\" data-bs-parent=\"#accordionAplicaciones\">\n          <div class=\"accordion-body\">\n            <div class=\"row g-0 g-md-3\">\n              <div class=\"col-6\">\n                <div class=\"sc-img-wrap\">\n                  <img decoding=\"async\" src=\"https:\/\/www.serraciments.com\/wp-content\/uploads\/2024\/06\/mosaicohidraulico1.jpg\" class=\"img-fluid\"\n                    alt=\"Applications carreaux de ciment\" \/>\n                <\/div>\n              <\/div>\n              <div class=\"col-6\">\n                <div class=\"sc-img-wrap\">\n                  <img decoding=\"async\" src=\"https:\/\/www.serraciments.com\/wp-content\/uploads\/2024\/06\/baldosahidraulica2.jpg\" class=\"img-fluid\"\n                    alt=\"Applications carreaux de ciment\" \/>\n                <\/div>\n              <\/div>\n            <\/div>\n          <\/div>\n        <\/div>\n      <\/div>\n\n      <div class=\"accordion-item\">\n        <h2 class=\"accordion-header\">\n          <button class=\"accordion-button collapsed\" type=\"button\" data-bs-toggle=\"collapse\"\n            data-bs-target=\"#flush-collapse_8\" aria-expanded=\"false\" aria-controls=\"flush-collapse_8\">\n            Mortier \u00e0 parement\n          <\/button>\n        <\/h2>\n        <div id=\"flush-collapse_8\" class=\"accordion-collapse collapse\" data-bs-parent=\"#accordionAplicaciones\">\n          <div class=\"accordion-body\">\n            <div class=\"row g-0 g-md-3\">\n              <div class=\"col-6\">\n                <div class=\"sc-img-wrap\">\n                  <img decoding=\"async\" src=\"https:\/\/www.serraciments.com\/wp-content\/uploads\/2024\/06\/obravista1.jpg\" class=\"img-fluid\"\n                    alt=\"Applications mortier \u00e0 parement\" \/>\n                <\/div>\n              <\/div>\n              <div class=\"col-6\">\n                <div class=\"sc-img-wrap\">\n                  <img decoding=\"async\" src=\"https:\/\/www.serraciments.com\/wp-content\/uploads\/2024\/06\/obravista2.jpg\" class=\"img-fluid\"\n                    alt=\"Applications mortier \u00e0 parement\" \/>\n                <\/div>\n              <\/div>\n            <\/div>\n          <\/div>\n        <\/div>\n      <\/div>\n\n      <div class=\"accordion-item\">\n        <h2 class=\"accordion-header\">\n          <button class=\"accordion-button collapsed\" type=\"button\" data-bs-toggle=\"collapse\"\n            data-bs-target=\"#flush-collapse_9\" aria-expanded=\"false\" aria-controls=\"flush-collapse_9\">\n            Skateparks\n          <\/button>\n        <\/h2>\n        <div id=\"flush-collapse_9\" class=\"accordion-collapse collapse\" data-bs-parent=\"#accordionAplicaciones\">\n          <div class=\"accordion-body\">\n            <div class=\"row g-0 g-md-3\">\n              <div class=\"col-6\">\n                <div class=\"sc-img-wrap\">\n                  <img decoding=\"async\" src=\"https:\/\/www.serraciments.com\/wp-content\/uploads\/2024\/06\/skateparks1.jpg\" class=\"img-fluid\"\n                    alt=\"Applications skateparks\" \/>\n                <\/div>\n              <\/div>\n              <div class=\"col-6\">\n                <div class=\"sc-img-wrap\">\n                  <img decoding=\"async\" src=\"https:\/\/www.serraciments.com\/wp-content\/uploads\/2024\/06\/skateparks2.jpg\" class=\"img-fluid\"\n                    alt=\"Applications skateparks\" \/>\n                <\/div>\n              <\/div>\n            <\/div>\n          <\/div>\n        <\/div>\n      <\/div>\n\n      <div class=\"accordion-item\">\n        <h2 class=\"accordion-header\">\n          <button class=\"accordion-button collapsed\" type=\"button\" data-bs-toggle=\"collapse\"\n            data-bs-target=\"#flush-collapse_10\" aria-expanded=\"false\" aria-controls=\"flush-collapse_10\">\n            Murs en b\u00e9ton pigment\u00e9\n          <\/button>\n        <\/h2>\n        <div id=\"flush-collapse_10\" class=\"accordion-collapse collapse\" data-bs-parent=\"#accordionAplicaciones\">\n          <div class=\"accordion-body\">\n            <div class=\"row g-0 g-md-3\">\n              <div class=\"col-6\">\n                <div class=\"sc-img-wrap\">\n                  <img decoding=\"async\" src=\"https:\/\/www.serraciments.com\/wp-content\/uploads\/2024\/06\/murosdehormigonpigmentado1.jpg\" class=\"img-fluid\"\n                    alt=\"Applications murs en b\u00e9ton pigment\u00e9\" \/>\n                <\/div>\n              <\/div>\n              <div class=\"col-6\">\n                <div class=\"sc-img-wrap\">\n                  <img decoding=\"async\" src=\"https:\/\/www.serraciments.com\/wp-content\/uploads\/2024\/06\/murosdehormigonpigmentado2.jpg\" class=\"img-fluid\"\n                    alt=\"Applications murs en b\u00e9ton pigment\u00e9\" \/>\n                <\/div>\n              <\/div>\n            <\/div>\n          <\/div>\n        <\/div>\n      <\/div>\n\n      <div class=\"accordion-item\">\n        <h2 class=\"accordion-header\">\n          <button class=\"accordion-button collapsed\" type=\"button\" data-bs-toggle=\"collapse\"\n            data-bs-target=\"#flush-collapse_11\" aria-expanded=\"false\" aria-controls=\"flush-collapse_11\">\n            Microciment\n          <\/button>\n        <\/h2>\n        <div id=\"flush-collapse_11\" class=\"accordion-collapse collapse\" data-bs-parent=\"#accordionAplicaciones\">\n          <div class=\"accordion-body\">\n            <div class=\"row g-0 g-md-3\">\n              <div class=\"col-6\">\n                <div class=\"sc-img-wrap\">\n                  <img decoding=\"async\" src=\"https:\/\/www.serraciments.com\/wp-content\/uploads\/2024\/06\/microcemento1-scaled-1.jpg\" class=\"img-fluid\"\n                    alt=\"Applications microciment\" \/>\n                <\/div>\n              <\/div>\n              <div class=\"col-6\">\n                <div class=\"sc-img-wrap\">\n                  <img decoding=\"async\" src=\"https:\/\/www.serraciments.com\/wp-content\/uploads\/2024\/06\/microcemento2.jpg\" class=\"img-fluid\"\n                    alt=\"Applications microciment\" \/>\n                <\/div>\n              <\/div>\n            <\/div>\n          <\/div>\n        <\/div>\n      <\/div>\n\n      <div class=\"accordion-item\">\n        <h2 class=\"accordion-header\">\n          <button class=\"accordion-button collapsed\" type=\"button\" data-bs-toggle=\"collapse\"\n            data-bs-target=\"#flush-collapse_12\" aria-expanded=\"false\" aria-controls=\"flush-collapse_12\">\n            Mobilier urbain\n          <\/button>\n        <\/h2>\n        <div id=\"flush-collapse_12\" class=\"accordion-collapse collapse\" data-bs-parent=\"#accordionAplicaciones\">\n          <div class=\"accordion-body\">\n            <div class=\"row g-0 g-md-3\">\n              <div class=\"col-6\">\n                <div class=\"sc-img-wrap\">\n                  <img decoding=\"async\" src=\"https:\/\/www.serraciments.com\/wp-content\/uploads\/2024\/06\/mobiliariourbano1.jpg\" class=\"img-fluid\"\n                    alt=\"Applications mobilier urbain\" \/>\n                <\/div>\n              <\/div>\n              <div class=\"col-6\">\n                <div class=\"sc-img-wrap\">\n                  <img decoding=\"async\" src=\"https:\/\/www.serraciments.com\/wp-content\/uploads\/2024\/06\/mobiliariourbano2.jpg\" class=\"img-fluid\"\n                    alt=\"Applications mobilier urbain\" \/>\n                <\/div>\n              <\/div>\n            <\/div>\n          <\/div>\n        <\/div>\n      <\/div>\n\n      <div class=\"accordion-item\">\n        <h2 class=\"accordion-header\">\n          <button class=\"accordion-button collapsed\" type=\"button\" data-bs-toggle=\"collapse\"\n            data-bs-target=\"#flush-collapse_13\" aria-expanded=\"false\" aria-controls=\"flush-collapse_13\">\n            Objets de design\n          <\/button>\n        <\/h2>\n        <div id=\"flush-collapse_13\" class=\"accordion-collapse collapse\" data-bs-parent=\"#accordionAplicaciones\">\n          <div class=\"accordion-body\">\n            <div class=\"row g-0 g-md-3\">\n              <div class=\"col-6\">\n                <div class=\"sc-img-wrap\">\n                  <img decoding=\"async\" src=\"https:\/\/www.serraciments.com\/wp-content\/uploads\/2024\/06\/objetosdediseno.jpg\" class=\"img-fluid\"\n                    alt=\"Applications objets de design\" \/>\n                <\/div>\n              <\/div>\n              <div class=\"col-6\">\n                <div class=\"sc-img-wrap\">\n                  <img decoding=\"async\" src=\"https:\/\/www.serraciments.com\/wp-content\/uploads\/2024\/06\/objetosdediseno2.jpg\" class=\"img-fluid\"\n                    alt=\"Applications objets de design\" \/>\n                <\/div>\n              <\/div>\n            <\/div>\n          <\/div>\n        <\/div>\n      <\/div>\n    <\/div>\n\n    <div class=\"mt-4\">&nbsp;<\/div>\n    <div class=\"mt-4\">&nbsp;<\/div>\n\n  <\/div>\n<\/section>\n\n","protected":false},"excerpt":{"rendered":"<p>Applications D\u00e9couvrez les multiples applications de la gamme SC Pigments pour colorer le ciment, le mortier et le b\u00e9ton. Utilisation [&hellip;]<\/p>\n","protected":false},"author":1,"featured_media":0,"parent":0,"menu_order":6,"comment_status":"closed","ping_status":"closed","template":"aplicaciones.php","meta":{"footnotes":""},"class_list":["post-7944","page","type-page","status-publish","hentry"],"yoast_head":"<!-- This site is optimized with the Yoast SEO plugin v23.3 - https:\/\/yoast.com\/wordpress\/plugins\/seo\/ -->\n<title>Applications - Serra Ciments<\/title>\n<meta name=\"description\" content=\"Les pigments ont de nombreuses applications dans le secteur de la construction.\" \/>\n<meta name=\"robots\" content=\"index, follow, max-snippet:-1, max-image-preview:large, max-video-preview:-1\" \/>\n<link rel=\"canonical\" href=\"https:\/\/www.serraciments.com\/fr\/applications\/\" \/>\n<meta name=\"twitter:label1\" content=\"Dur\u00e9e de lecture estim\u00e9e\" \/>\n\t<meta name=\"twitter:data1\" content=\"6 minutes\" \/>\n<script type=\"application\/ld+json\" class=\"yoast-schema-graph\">{\"@context\":\"https:\/\/schema.org\",\"@graph\":[{\"@type\":\"WebPage\",\"@id\":\"https:\/\/www.serraciments.com\/fr\/applications\/\",\"url\":\"https:\/\/www.serraciments.com\/fr\/applications\/\",\"name\":\"Applications - Serra Ciments\",\"isPartOf\":{\"@id\":\"https:\/\/www.serraciments.com\/es\/#website\"},\"primaryImageOfPage\":{\"@id\":\"https:\/\/www.serraciments.com\/fr\/applications\/#primaryimage\"},\"image\":{\"@id\":\"https:\/\/www.serraciments.com\/fr\/applications\/#primaryimage\"},\"thumbnailUrl\":\"https:\/\/www.serraciments.com\/wp-content\/uploads\/2024\/06\/pavimentosdehormigonenmasa2.jpg\",\"datePublished\":\"2025-06-20T08:50:19+00:00\",\"dateModified\":\"2026-02-02T16:30:50+00:00\",\"description\":\"Les pigments ont de nombreuses applications dans le secteur de la construction.\",\"breadcrumb\":{\"@id\":\"https:\/\/www.serraciments.com\/fr\/applications\/#breadcrumb\"},\"inLanguage\":\"fr-FR\",\"potentialAction\":[{\"@type\":\"ReadAction\",\"target\":[\"https:\/\/www.serraciments.com\/fr\/applications\/\"]}]},{\"@type\":\"ImageObject\",\"inLanguage\":\"fr-FR\",\"@id\":\"https:\/\/www.serraciments.com\/fr\/applications\/#primaryimage\",\"url\":\"https:\/\/www.serraciments.com\/wp-content\/uploads\/2024\/06\/pavimentosdehormigonenmasa2.jpg\",\"contentUrl\":\"https:\/\/www.serraciments.com\/wp-content\/uploads\/2024\/06\/pavimentosdehormigonenmasa2.jpg\"},{\"@type\":\"BreadcrumbList\",\"@id\":\"https:\/\/www.serraciments.com\/fr\/applications\/#breadcrumb\",\"itemListElement\":[{\"@type\":\"ListItem\",\"position\":1,\"name\":\"Home\",\"item\":\"https:\/\/www.serraciments.com\/fr\/\"},{\"@type\":\"ListItem\",\"position\":2,\"name\":\"Applications\"}]},{\"@type\":\"WebSite\",\"@id\":\"https:\/\/www.serraciments.com\/es\/#website\",\"url\":\"https:\/\/www.serraciments.com\/es\/\",\"name\":\"Serra Ciments\",\"description\":\"Productos para el hormig\u00f3n\",\"potentialAction\":[{\"@type\":\"SearchAction\",\"target\":{\"@type\":\"EntryPoint\",\"urlTemplate\":\"https:\/\/www.serraciments.com\/es\/?s={search_term_string}\"},\"query-input\":\"required name=search_term_string\"}],\"inLanguage\":\"fr-FR\"}]}<\/script>\n<!-- \/ Yoast SEO plugin. -->","yoast_head_json":{"title":"Applications - Serra Ciments","description":"Les pigments ont de nombreuses applications dans le secteur de la construction.","robots":{"index":"index","follow":"follow","max-snippet":"max-snippet:-1","max-image-preview":"max-image-preview:large","max-video-preview":"max-video-preview:-1"},"canonical":"https:\/\/www.serraciments.com\/fr\/applications\/","twitter_misc":{"Dur\u00e9e de lecture estim\u00e9e":"6 minutes"},"schema":{"@context":"https:\/\/schema.org","@graph":[{"@type":"WebPage","@id":"https:\/\/www.serraciments.com\/fr\/applications\/","url":"https:\/\/www.serraciments.com\/fr\/applications\/","name":"Applications - Serra Ciments","isPartOf":{"@id":"https:\/\/www.serraciments.com\/es\/#website"},"primaryImageOfPage":{"@id":"https:\/\/www.serraciments.com\/fr\/applications\/#primaryimage"},"image":{"@id":"https:\/\/www.serraciments.com\/fr\/applications\/#primaryimage"},"thumbnailUrl":"https:\/\/www.serraciments.com\/wp-content\/uploads\/2024\/06\/pavimentosdehormigonenmasa2.jpg","datePublished":"2025-06-20T08:50:19+00:00","dateModified":"2026-02-02T16:30:50+00:00","description":"Les pigments ont de nombreuses applications dans le secteur de la construction.","breadcrumb":{"@id":"https:\/\/www.serraciments.com\/fr\/applications\/#breadcrumb"},"inLanguage":"fr-FR","potentialAction":[{"@type":"ReadAction","target":["https:\/\/www.serraciments.com\/fr\/applications\/"]}]},{"@type":"ImageObject","inLanguage":"fr-FR","@id":"https:\/\/www.serraciments.com\/fr\/applications\/#primaryimage","url":"https:\/\/www.serraciments.com\/wp-content\/uploads\/2024\/06\/pavimentosdehormigonenmasa2.jpg","contentUrl":"https:\/\/www.serraciments.com\/wp-content\/uploads\/2024\/06\/pavimentosdehormigonenmasa2.jpg"},{"@type":"BreadcrumbList","@id":"https:\/\/www.serraciments.com\/fr\/applications\/#breadcrumb","itemListElement":[{"@type":"ListItem","position":1,"name":"Home","item":"https:\/\/www.serraciments.com\/fr\/"},{"@type":"ListItem","position":2,"name":"Applications"}]},{"@type":"WebSite","@id":"https:\/\/www.serraciments.com\/es\/#website","url":"https:\/\/www.serraciments.com\/es\/","name":"Serra Ciments","description":"Productos para el hormig\u00f3n","potentialAction":[{"@type":"SearchAction","target":{"@type":"EntryPoint","urlTemplate":"https:\/\/www.serraciments.com\/es\/?s={search_term_string}"},"query-input":"required name=search_term_string"}],"inLanguage":"fr-FR"}]}},"_links":{"self":[{"href":"https:\/\/www.serraciments.com\/fr\/wp-json\/wp\/v2\/pages\/7944"}],"collection":[{"href":"https:\/\/www.serraciments.com\/fr\/wp-json\/wp\/v2\/pages"}],"about":[{"href":"https:\/\/www.serraciments.com\/fr\/wp-json\/wp\/v2\/types\/page"}],"author":[{"embeddable":true,"href":"https:\/\/www.serraciments.com\/fr\/wp-json\/wp\/v2\/users\/1"}],"replies":[{"embeddable":true,"href":"https:\/\/www.serraciments.com\/fr\/wp-json\/wp\/v2\/comments?post=7944"}],"version-history":[{"count":4,"href":"https:\/\/www.serraciments.com\/fr\/wp-json\/wp\/v2\/pages\/7944\/revisions"}],"predecessor-version":[{"id":10321,"href":"https:\/\/www.serraciments.com\/fr\/wp-json\/wp\/v2\/pages\/7944\/revisions\/10321"}],"wp:attachment":[{"href":"https:\/\/www.serraciments.com\/fr\/wp-json\/wp\/v2\/media?parent=7944"}],"curies":[{"name":"wp","href":"https:\/\/api.w.org\/{rel}","templated":true}]}}