{"id":7947,"date":"2025-06-20T10:50:28","date_gmt":"2025-06-20T08:50:28","guid":{"rendered":"https:\/\/www.serraciments.com\/?page_id=7947"},"modified":"2025-10-27T17:56:44","modified_gmt":"2025-10-27T16:56:44","slug":"pots-bricolage","status":"publish","type":"page","link":"https:\/\/www.serraciments.com\/fr\/pots-bricolage\/","title":{"rendered":"Pigment en pots"},"content":{"rendered":"\n<section class=\"sc-inner-banner light\">\n    <div class=\"container\">\n      <div class=\"row\">\n        <div class=\"col-md-6 order-sm-2 p-0 sc-img-wrapper\">\n          <img decoding=\"async\" src=\"https:\/\/www.serraciments.com\/wp-content\/uploads\/2024\/05\/botes-bricolaje-banner.jpg\" alt=\"Serra Ciments\" class=\"img-fluid w-100\" \/>\n        <\/div>\n        <div class=\"col-md-6 my-auto\">    \n          <div class=\"sc-inner-caption ms-auto\">\n            <h1>Pigment en pots<\/h1>\n            <p>Gamme de pigments pour tous types de mortiers et ciments, chaux et pl\u00e2tre, conditionn\u00e9s en petits formats disponibles sur Amazon.<\/p>\n            <a href=\"https:\/\/www.amazon.es\/stores\/SCPigments%C2%AE\/page\/B563F0B7-9B18-4FB5-8AA7-634FAD1D340B\" target=\"_blank\" class=\"btn btn-default w-auto\" rel=\"noopener\">Visiter la boutique sur Amazon<\/a>\n          <\/div> \n        <\/div>\n      <\/div>       \n    <\/div>\n<\/section>\n\n<section class=\"sc-section-middle sc-section-Blog-middle pb-5 my-5\">\n    <div class=\"container\">\n      <div class=\"row\">\n        <div class=\"col-md-6\">\n          <div class=\"sc-productDetails-gellery\">\n            <div class=\"sc-blog-img-wrap\">\n              <img decoding=\"async\" src=\"https:\/\/www.serraciments.com\/wp-content\/uploads\/2024\/08\/botes-scaled.jpg\" alt=\"Serra Ciments\" class=\"img-fluid w-100\" \/>\n              <div class=\"footer\">Pr\u00e9sentation du pigment en pot<\/div>\n            <\/div>\n            <div class=\"sc-blog-img-wrap\">\n              <img decoding=\"async\" src=\"https:\/\/www.serraciments.com\/wp-content\/uploads\/2024\/05\/botes-bricolaje-banner-img-02.jpg\" alt=\"Serra Ciments\" class=\"img-fluid w-100\" \/>\n              <div class=\"footer\">Boutique Amazon<\/div>\n            <\/div>\n          <\/div>\n        <\/div>\n        <div class=\"col-md-5\">\n          <div class=\"sc-blog-content\">\n            <b>Informations sur le format<\/b>\n            <p>Pigment en poudre pour teinter le ciment, le mortier et le b\u00e9ton, en format pot de 500 \u00e0 800 g pour travaux de bricolage et de design.<\/p>\n\n            <b>Applications<\/b>\n            <p>Pour travaux de r\u00e9paration et bricolage, sols en b\u00e9ton, pr\u00e9fabrications en b\u00e9ton, pierre artificielle, mobilier urbain, terrazzo, jardini\u00e8res, carreaux de ciment, sols en b\u00e9ton pigment\u00e9, mortiers monocouches, joints de fa\u00e7ades apparentes, b\u00e9tons projet\u00e9s color\u00e9s, entre autres.<br>\n            <\/p>\n\n            <b>Pr\u00e9sentation<\/b>\n            <p>Pot transparent avec bouchon \u00e0 vis, contenant de 500 \u00e0 800 g selon la densit\u00e9 du pigment. Ce format permet une conservation optimale du mat\u00e9riau.<\/p>\n          <\/div>\n        <\/div>\n      <\/div>\n    <\/div>\n<\/section>\n\n<section class=\"sc-section-middle sc-section-product-wrap sc-section-interesting-wrap container-fluid-infinite-related-products dark m-0\">\n    <div class=\"container\">\n      <div class=\"row\">\n        <div class=\"col-12\">  \n          <div class=\"sc-section-head pb-4 pt-5\">\n            <h2  class=\"sc-section-title\">\u00c9galement disponible dans notre Amazon Store<\/h2>\n          <\/div>\n        <\/div>\n      <\/div>\n      <div class=\"row interesting-links row-related-products\">\n        <div class=\"col-md-4\">\n          <div class=\"col-products-item sc-interesting-card\">\n            <div class=\"sc-product-img\">\n              <a href=\"https:\/\/www.amazon.es\/estructural-hormig\u00f3n-Macrofibra-DURUFORT-refuerzo\/dp\/B0BG3BPL85?ref_=ast_sto_dp\" target=\"_blank\" rel=\"noopener\">\n                <figure class=\"fixed-aspect figure\" style=\"padding-top: 66.666666666667%\">\n                  <img width=\"1200\" height=\"1219\" src=\"https:\/\/www.serraciments.com\/wp-content\/uploads\/2024\/05\/macrofibra-durufort.jpg\" class=\"narrower\" alt=\"\" decoding=\"async\" loading=\"lazy\" \/>\n                <\/figure>\n              <\/a>\n            <\/div>\n            <h3>Macrofibra Durufort<\/h3>\n          <\/div>\n        <\/div>\n        <div class=\"col-md-4\">\n          <div class=\"col-products-item sc-interesting-card\">\n            <div class=\"sc-product-img\">\n              <a href=\"https:\/\/www.amazon.es\/Ciments%C2%AE-VIDRIO-HORMIG%C3%93N-REFUERZO-Formatos\/dp\/B0BXPL19XC?ref_=ast_sto_dp&#038;th=1\" target=\"_blank\" rel=\"noopener\">\n                <figure class=\"fixed-aspect figure\" style=\"padding-top: 66.666666666667%\">\n                  <img width=\"1200\" height=\"1219\" src=\"https:\/\/www.serraciments.com\/wp-content\/uploads\/2024\/05\/Fibra-de-Vidrio-AR.jpg\" class=\"narrower\" alt=\"\" decoding=\"async\" loading=\"lazy\" \/>\n                <\/figure>\n              <\/a>\n            <\/div>\n            <h3>Fibra de Vidrio AR<\/h3>\n          <\/div>\n        <\/div>\n        <div class=\"col-md-4\">\n          <div class=\"col-products-item sc-interesting-card\">\n            <div class=\"sc-product-img\">\n              <a href=\"https:\/\/www.amazon.es\/pigmentos-hormig%C3%B3n-Pigments%C2%AE-Amarillo-Terracota\/dp\/B08WPDBXVV?ref_=ast_sto_dp\" target=\"_blank\" rel=\"noopener\">\n                <figure class=\"fixed-aspect figure\" style=\"padding-top: 66.666666666667%\">\n                  <img width=\"1200\" height=\"1219\" src=\"https:\/\/www.serraciments.com\/wp-content\/uploads\/2024\/05\/Pack-10-pigmentos.jpg\" class=\"narrower\" alt=\"\" decoding=\"async\" loading=\"lazy\" \/>\n                <\/figure>\n              <\/a>\n            <\/div>\n            <h3>Pack 10 pigments<\/h3>\n          <\/div>\n        <\/div>\n      <\/div>\n    <\/div>\n<\/section>\n","protected":false},"excerpt":{"rendered":"<p>Pigment en pots Gamme de pigments pour tous types de mortiers et ciments, chaux et pl\u00e2tre, conditionn\u00e9s en petits formats [&hellip;]<\/p>\n","protected":false},"author":1,"featured_media":0,"parent":0,"menu_order":15,"comment_status":"closed","ping_status":"closed","template":"formatos.php","meta":{"footnotes":""},"class_list":["post-7947","page","type-page","status-publish","hentry"],"yoast_head":"<!-- This site is optimized with the Yoast SEO plugin v23.3 - https:\/\/yoast.com\/wordpress\/plugins\/seo\/ -->\n<title>Pigment en pots - Serra Ciments<\/title>\n<meta name=\"description\" content=\"Pigment en poudre pour teinter le ciment, le mortier et le b\u00e9ton, conditionn\u00e9 en pots de 500 \u00e0 800 g, id\u00e9al pour les travaux de bricolage et de design.\" \/>\n<meta name=\"robots\" content=\"index, follow, max-snippet:-1, max-image-preview:large, max-video-preview:-1\" \/>\n<link rel=\"canonical\" href=\"https:\/\/www.serraciments.com\/fr\/pots-bricolage\/\" \/>\n<meta name=\"twitter:label1\" content=\"Dur\u00e9e de lecture estim\u00e9e\" \/>\n\t<meta name=\"twitter:data1\" content=\"2 minutes\" \/>\n<script type=\"application\/ld+json\" class=\"yoast-schema-graph\">{\"@context\":\"https:\/\/schema.org\",\"@graph\":[{\"@type\":\"WebPage\",\"@id\":\"https:\/\/www.serraciments.com\/fr\/pots-bricolage\/\",\"url\":\"https:\/\/www.serraciments.com\/fr\/pots-bricolage\/\",\"name\":\"Pigment en pots - Serra Ciments\",\"isPartOf\":{\"@id\":\"https:\/\/www.serraciments.com\/es\/#website\"},\"primaryImageOfPage\":{\"@id\":\"https:\/\/www.serraciments.com\/fr\/pots-bricolage\/#primaryimage\"},\"image\":{\"@id\":\"https:\/\/www.serraciments.com\/fr\/pots-bricolage\/#primaryimage\"},\"thumbnailUrl\":\"https:\/\/www.serraciments.com\/wp-content\/uploads\/2024\/05\/botes-bricolaje-banner.jpg\",\"datePublished\":\"2025-06-20T08:50:28+00:00\",\"dateModified\":\"2025-10-27T16:56:44+00:00\",\"description\":\"Pigment en poudre pour teinter le ciment, le mortier et le b\u00e9ton, conditionn\u00e9 en pots de 500 \u00e0 800 g, id\u00e9al pour les travaux de bricolage et de design.\",\"breadcrumb\":{\"@id\":\"https:\/\/www.serraciments.com\/fr\/pots-bricolage\/#breadcrumb\"},\"inLanguage\":\"fr-FR\",\"potentialAction\":[{\"@type\":\"ReadAction\",\"target\":[\"https:\/\/www.serraciments.com\/fr\/pots-bricolage\/\"]}]},{\"@type\":\"ImageObject\",\"inLanguage\":\"fr-FR\",\"@id\":\"https:\/\/www.serraciments.com\/fr\/pots-bricolage\/#primaryimage\",\"url\":\"https:\/\/www.serraciments.com\/wp-content\/uploads\/2024\/05\/botes-bricolaje-banner.jpg\",\"contentUrl\":\"https:\/\/www.serraciments.com\/wp-content\/uploads\/2024\/05\/botes-bricolaje-banner.jpg\"},{\"@type\":\"BreadcrumbList\",\"@id\":\"https:\/\/www.serraciments.com\/fr\/pots-bricolage\/#breadcrumb\",\"itemListElement\":[{\"@type\":\"ListItem\",\"position\":1,\"name\":\"Home\",\"item\":\"https:\/\/www.serraciments.com\/fr\/\"},{\"@type\":\"ListItem\",\"position\":2,\"name\":\"Pigment en pots\"}]},{\"@type\":\"WebSite\",\"@id\":\"https:\/\/www.serraciments.com\/es\/#website\",\"url\":\"https:\/\/www.serraciments.com\/es\/\",\"name\":\"Serra Ciments\",\"description\":\"Productos para el hormig\u00f3n\",\"potentialAction\":[{\"@type\":\"SearchAction\",\"target\":{\"@type\":\"EntryPoint\",\"urlTemplate\":\"https:\/\/www.serraciments.com\/es\/?s={search_term_string}\"},\"query-input\":\"required name=search_term_string\"}],\"inLanguage\":\"fr-FR\"}]}<\/script>\n<!-- \/ Yoast SEO plugin. -->","yoast_head_json":{"title":"Pigment en pots - Serra Ciments","description":"Pigment en poudre pour teinter le ciment, le mortier et le b\u00e9ton, conditionn\u00e9 en pots de 500 \u00e0 800 g, id\u00e9al pour les travaux de bricolage et de design.","robots":{"index":"index","follow":"follow","max-snippet":"max-snippet:-1","max-image-preview":"max-image-preview:large","max-video-preview":"max-video-preview:-1"},"canonical":"https:\/\/www.serraciments.com\/fr\/pots-bricolage\/","twitter_misc":{"Dur\u00e9e de lecture estim\u00e9e":"2 minutes"},"schema":{"@context":"https:\/\/schema.org","@graph":[{"@type":"WebPage","@id":"https:\/\/www.serraciments.com\/fr\/pots-bricolage\/","url":"https:\/\/www.serraciments.com\/fr\/pots-bricolage\/","name":"Pigment en pots - Serra Ciments","isPartOf":{"@id":"https:\/\/www.serraciments.com\/es\/#website"},"primaryImageOfPage":{"@id":"https:\/\/www.serraciments.com\/fr\/pots-bricolage\/#primaryimage"},"image":{"@id":"https:\/\/www.serraciments.com\/fr\/pots-bricolage\/#primaryimage"},"thumbnailUrl":"https:\/\/www.serraciments.com\/wp-content\/uploads\/2024\/05\/botes-bricolaje-banner.jpg","datePublished":"2025-06-20T08:50:28+00:00","dateModified":"2025-10-27T16:56:44+00:00","description":"Pigment en poudre pour teinter le ciment, le mortier et le b\u00e9ton, conditionn\u00e9 en pots de 500 \u00e0 800 g, id\u00e9al pour les travaux de bricolage et de design.","breadcrumb":{"@id":"https:\/\/www.serraciments.com\/fr\/pots-bricolage\/#breadcrumb"},"inLanguage":"fr-FR","potentialAction":[{"@type":"ReadAction","target":["https:\/\/www.serraciments.com\/fr\/pots-bricolage\/"]}]},{"@type":"ImageObject","inLanguage":"fr-FR","@id":"https:\/\/www.serraciments.com\/fr\/pots-bricolage\/#primaryimage","url":"https:\/\/www.serraciments.com\/wp-content\/uploads\/2024\/05\/botes-bricolaje-banner.jpg","contentUrl":"https:\/\/www.serraciments.com\/wp-content\/uploads\/2024\/05\/botes-bricolaje-banner.jpg"},{"@type":"BreadcrumbList","@id":"https:\/\/www.serraciments.com\/fr\/pots-bricolage\/#breadcrumb","itemListElement":[{"@type":"ListItem","position":1,"name":"Home","item":"https:\/\/www.serraciments.com\/fr\/"},{"@type":"ListItem","position":2,"name":"Pigment en pots"}]},{"@type":"WebSite","@id":"https:\/\/www.serraciments.com\/es\/#website","url":"https:\/\/www.serraciments.com\/es\/","name":"Serra Ciments","description":"Productos para el hormig\u00f3n","potentialAction":[{"@type":"SearchAction","target":{"@type":"EntryPoint","urlTemplate":"https:\/\/www.serraciments.com\/es\/?s={search_term_string}"},"query-input":"required name=search_term_string"}],"inLanguage":"fr-FR"}]}},"_links":{"self":[{"href":"https:\/\/www.serraciments.com\/fr\/wp-json\/wp\/v2\/pages\/7947"}],"collection":[{"href":"https:\/\/www.serraciments.com\/fr\/wp-json\/wp\/v2\/pages"}],"about":[{"href":"https:\/\/www.serraciments.com\/fr\/wp-json\/wp\/v2\/types\/page"}],"author":[{"embeddable":true,"href":"https:\/\/www.serraciments.com\/fr\/wp-json\/wp\/v2\/users\/1"}],"replies":[{"embeddable":true,"href":"https:\/\/www.serraciments.com\/fr\/wp-json\/wp\/v2\/comments?post=7947"}],"version-history":[{"count":3,"href":"https:\/\/www.serraciments.com\/fr\/wp-json\/wp\/v2\/pages\/7947\/revisions"}],"predecessor-version":[{"id":9791,"href":"https:\/\/www.serraciments.com\/fr\/wp-json\/wp\/v2\/pages\/7947\/revisions\/9791"}],"wp:attachment":[{"href":"https:\/\/www.serraciments.com\/fr\/wp-json\/wp\/v2\/media?parent=7947"}],"curies":[{"name":"wp","href":"https:\/\/api.w.org\/{rel}","templated":true}]}}