{"id":7968,"date":"2025-06-19T16:21:47","date_gmt":"2025-06-19T14:21:47","guid":{"rendered":"https:\/\/www.serraciments.com\/?page_id=7968"},"modified":"2025-06-19T16:44:25","modified_gmt":"2025-06-19T14:44:25","slug":"pigment-en-sachets-hydrosolubles","status":"publish","type":"page","link":"https:\/\/www.serraciments.com\/fr\/pigment-en-sachets-hydrosolubles\/","title":{"rendered":"Pigment en sachets hydrosolubles"},"content":{"rendered":"\n<section class=\"sc-inner-banner light\">\n    <div class=\"container\">\n      <div class=\"row\">\n        <div class=\"col-md-6 order-sm-2 p-0 sc-img-wrapper\">\n          <img decoding=\"async\" src=\"https:\/\/www.serraciments.com\/wp-content\/uploads\/2024\/05\/pigmento-en-bolsas-hidrosolubles.jpg\" alt=\"Serra Ciments\" class=\"img-fluid w-100\" \/>\n        <\/div>\n        <div class=\"col-md-6 my-auto\">    \n          <div class=\"sc-inner-caption ms-auto\">\n            <h1>Pigment en sachets hydrosolubles<\/h1>\n            <p>S\u00e9rie H. Pigments conditionn\u00e9s en sachets hydrosolubles, \u00e0 introduire directement dans le camion malaxeur, facilitant le travail de mise en \u0153uvre et de dosage, tout en \u00e9liminant les d\u00e9chets plastiques. <\/p>\n          <\/div> \n        <\/div>\n      <\/div>       \n    <\/div>\n  <\/section>\n\n  <section class=\"sc-section-middle sc-section-Blog-middle pt-5 pb-5 my-5\">\n    <div class=\"container\">\n      <div class=\"row\">\n        <div class=\"col-md-6\">\n          <div class=\"sc-productDetails-gellery\">\n            <div class=\"sc-blog-img-wrap\">\n              <img decoding=\"async\" src=\"https:\/\/www.serraciments.com\/wp-content\/uploads\/2024\/05\/pigmento-en-bolsas-hidrosolubles__img-01.jpg\" alt=\"Serra Ciments\" class=\"img-fluid w-100\" \/>\n              <div class=\"footer\">Format biod\u00e9gradable<\/div>\n            <\/div>\n            <div class=\"sc-blog-img-wrap\">\n              <img decoding=\"async\" src=\"https:\/\/www.serraciments.com\/wp-content\/uploads\/2024\/05\/pigmento-en-bolsas-hidrosolubles__img-02.jpg\" alt=\"Serra Ciments\" class=\"img-fluid w-100\" \/>\n              <div class=\"footer\">S\u00e9rie H. Pigment en sachets hydrosolubles pour centrales \u00e0 b\u00e9ton<\/div>\n            <\/div>\n          <\/div>\n        <\/div>\n        <div class=\"col-md-5\">\n          <div class=\"sc-blog-content\">\n            <b>S\u00e9rie H\u00a9 Informations<\/b>\n            <p>Pigment conditionn\u00e9 en format biod\u00e9gradable, en sachets de 5 kg et 10 kg. Ce format est sp\u00e9cialement con\u00e7u pour les centrales \u00e0 b\u00e9ton ou les chantiers o\u00f9 le pigment est introduit directement dans un camion malaxeur. Les sachets hydrosolubles se dissolvent rapidement une fois introduits dans le malaxeur, sans laisser aucun r\u00e9sidu, permettant ainsi une dispersion homog\u00e8ne du pigment dans toute la masse. Ce conditionnement facilite grandement la mise en \u0153uvre sur site et le dosage par camion-toupie. <\/p>\n\n            \n<b>Caract\u00e9ristiques des pigments S\u00e9rie H\u00a9<\/b>\n          \n <li> Sachets hydrosolubles de 5 ou 10 kg<\/li>\n        <li> N\u2019alt\u00e8re ni les r\u00e9sistances m\u00e9caniques ni les temps de prise.<\/li>\n        <li> Plus de confort et d\u2019hygi\u00e8ne.<\/li>\n        <li> Propret\u00e9 maximale.<\/li>\n        <li> Pr\u00e9dos\u00e9.<\/li>\n        <li> R\u00e9duction des d\u00e9chets.<\/li>\n        <li> Le sachet biod\u00e9gradable respecte l\u2019environnement.<\/li>\n            <\/p>\n\n            \n          <\/div>\n        <\/div>\n      <\/div>\n    <\/div>\n  <\/section>\n\n\n\n<p><\/p>\n","protected":false},"excerpt":{"rendered":"<p>Pigment en sachets hydrosolubles S\u00e9rie H. Pigments conditionn\u00e9s en sachets hydrosolubles, \u00e0 introduire directement dans le camion malaxeur, facilitant le [&hellip;]<\/p>\n","protected":false},"author":1,"featured_media":0,"parent":0,"menu_order":44,"comment_status":"closed","ping_status":"closed","template":"formatos.php","meta":{"footnotes":""},"class_list":["post-7968","page","type-page","status-publish","hentry"],"yoast_head":"<!-- This site is optimized with the Yoast SEO plugin v23.3 - https:\/\/yoast.com\/wordpress\/plugins\/seo\/ -->\n<title>Pigment pour b\u00e9ton en sachets hydrosolubles \/ S\u00e9rie H<\/title>\n<meta name=\"description\" content=\"Pigment conditionn\u00e9 en sachets biod\u00e9gradables de 5 kg et 10 kg.Ce format est sp\u00e9cialement con\u00e7u pour les centrales \u00e0 b\u00e9ton.\" \/>\n<meta name=\"robots\" content=\"index, follow, max-snippet:-1, max-image-preview:large, max-video-preview:-1\" \/>\n<link rel=\"canonical\" href=\"https:\/\/www.serraciments.com\/fr\/pigment-en-sachets-hydrosolubles\/\" \/>\n<meta name=\"twitter:label1\" content=\"Dur\u00e9e de lecture estim\u00e9e\" \/>\n\t<meta name=\"twitter:data1\" content=\"2 minutes\" \/>\n<script type=\"application\/ld+json\" class=\"yoast-schema-graph\">{\"@context\":\"https:\/\/schema.org\",\"@graph\":[{\"@type\":\"WebPage\",\"@id\":\"https:\/\/www.serraciments.com\/fr\/pigment-en-sachets-hydrosolubles\/\",\"url\":\"https:\/\/www.serraciments.com\/fr\/pigment-en-sachets-hydrosolubles\/\",\"name\":\"Pigment pour b\u00e9ton en sachets hydrosolubles \/ S\u00e9rie H\",\"isPartOf\":{\"@id\":\"https:\/\/www.serraciments.com\/es\/#website\"},\"primaryImageOfPage\":{\"@id\":\"https:\/\/www.serraciments.com\/fr\/pigment-en-sachets-hydrosolubles\/#primaryimage\"},\"image\":{\"@id\":\"https:\/\/www.serraciments.com\/fr\/pigment-en-sachets-hydrosolubles\/#primaryimage\"},\"thumbnailUrl\":\"https:\/\/www.serraciments.com\/wp-content\/uploads\/2024\/05\/pigmento-en-bolsas-hidrosolubles.jpg\",\"datePublished\":\"2025-06-19T14:21:47+00:00\",\"dateModified\":\"2025-06-19T14:44:25+00:00\",\"description\":\"Pigment conditionn\u00e9 en sachets biod\u00e9gradables de 5 kg et 10 kg.Ce format est sp\u00e9cialement con\u00e7u pour les centrales \u00e0 b\u00e9ton.\",\"breadcrumb\":{\"@id\":\"https:\/\/www.serraciments.com\/fr\/pigment-en-sachets-hydrosolubles\/#breadcrumb\"},\"inLanguage\":\"fr-FR\",\"potentialAction\":[{\"@type\":\"ReadAction\",\"target\":[\"https:\/\/www.serraciments.com\/fr\/pigment-en-sachets-hydrosolubles\/\"]}]},{\"@type\":\"ImageObject\",\"inLanguage\":\"fr-FR\",\"@id\":\"https:\/\/www.serraciments.com\/fr\/pigment-en-sachets-hydrosolubles\/#primaryimage\",\"url\":\"https:\/\/www.serraciments.com\/wp-content\/uploads\/2024\/05\/pigmento-en-bolsas-hidrosolubles.jpg\",\"contentUrl\":\"https:\/\/www.serraciments.com\/wp-content\/uploads\/2024\/05\/pigmento-en-bolsas-hidrosolubles.jpg\"},{\"@type\":\"BreadcrumbList\",\"@id\":\"https:\/\/www.serraciments.com\/fr\/pigment-en-sachets-hydrosolubles\/#breadcrumb\",\"itemListElement\":[{\"@type\":\"ListItem\",\"position\":1,\"name\":\"Home\",\"item\":\"https:\/\/www.serraciments.com\/fr\/\"},{\"@type\":\"ListItem\",\"position\":2,\"name\":\"Pigment en sachets hydrosolubles\"}]},{\"@type\":\"WebSite\",\"@id\":\"https:\/\/www.serraciments.com\/es\/#website\",\"url\":\"https:\/\/www.serraciments.com\/es\/\",\"name\":\"Serra Ciments\",\"description\":\"Productos para el hormig\u00f3n\",\"potentialAction\":[{\"@type\":\"SearchAction\",\"target\":{\"@type\":\"EntryPoint\",\"urlTemplate\":\"https:\/\/www.serraciments.com\/es\/?s={search_term_string}\"},\"query-input\":\"required name=search_term_string\"}],\"inLanguage\":\"fr-FR\"}]}<\/script>\n<!-- \/ Yoast SEO plugin. -->","yoast_head_json":{"title":"Pigment pour b\u00e9ton en sachets hydrosolubles \/ S\u00e9rie H","description":"Pigment conditionn\u00e9 en sachets biod\u00e9gradables de 5 kg et 10 kg.Ce format est sp\u00e9cialement con\u00e7u pour les centrales \u00e0 b\u00e9ton.","robots":{"index":"index","follow":"follow","max-snippet":"max-snippet:-1","max-image-preview":"max-image-preview:large","max-video-preview":"max-video-preview:-1"},"canonical":"https:\/\/www.serraciments.com\/fr\/pigment-en-sachets-hydrosolubles\/","twitter_misc":{"Dur\u00e9e de lecture estim\u00e9e":"2 minutes"},"schema":{"@context":"https:\/\/schema.org","@graph":[{"@type":"WebPage","@id":"https:\/\/www.serraciments.com\/fr\/pigment-en-sachets-hydrosolubles\/","url":"https:\/\/www.serraciments.com\/fr\/pigment-en-sachets-hydrosolubles\/","name":"Pigment pour b\u00e9ton en sachets hydrosolubles \/ S\u00e9rie H","isPartOf":{"@id":"https:\/\/www.serraciments.com\/es\/#website"},"primaryImageOfPage":{"@id":"https:\/\/www.serraciments.com\/fr\/pigment-en-sachets-hydrosolubles\/#primaryimage"},"image":{"@id":"https:\/\/www.serraciments.com\/fr\/pigment-en-sachets-hydrosolubles\/#primaryimage"},"thumbnailUrl":"https:\/\/www.serraciments.com\/wp-content\/uploads\/2024\/05\/pigmento-en-bolsas-hidrosolubles.jpg","datePublished":"2025-06-19T14:21:47+00:00","dateModified":"2025-06-19T14:44:25+00:00","description":"Pigment conditionn\u00e9 en sachets biod\u00e9gradables de 5 kg et 10 kg.Ce format est sp\u00e9cialement con\u00e7u pour les centrales \u00e0 b\u00e9ton.","breadcrumb":{"@id":"https:\/\/www.serraciments.com\/fr\/pigment-en-sachets-hydrosolubles\/#breadcrumb"},"inLanguage":"fr-FR","potentialAction":[{"@type":"ReadAction","target":["https:\/\/www.serraciments.com\/fr\/pigment-en-sachets-hydrosolubles\/"]}]},{"@type":"ImageObject","inLanguage":"fr-FR","@id":"https:\/\/www.serraciments.com\/fr\/pigment-en-sachets-hydrosolubles\/#primaryimage","url":"https:\/\/www.serraciments.com\/wp-content\/uploads\/2024\/05\/pigmento-en-bolsas-hidrosolubles.jpg","contentUrl":"https:\/\/www.serraciments.com\/wp-content\/uploads\/2024\/05\/pigmento-en-bolsas-hidrosolubles.jpg"},{"@type":"BreadcrumbList","@id":"https:\/\/www.serraciments.com\/fr\/pigment-en-sachets-hydrosolubles\/#breadcrumb","itemListElement":[{"@type":"ListItem","position":1,"name":"Home","item":"https:\/\/www.serraciments.com\/fr\/"},{"@type":"ListItem","position":2,"name":"Pigment en sachets hydrosolubles"}]},{"@type":"WebSite","@id":"https:\/\/www.serraciments.com\/es\/#website","url":"https:\/\/www.serraciments.com\/es\/","name":"Serra Ciments","description":"Productos para el hormig\u00f3n","potentialAction":[{"@type":"SearchAction","target":{"@type":"EntryPoint","urlTemplate":"https:\/\/www.serraciments.com\/es\/?s={search_term_string}"},"query-input":"required name=search_term_string"}],"inLanguage":"fr-FR"}]}},"_links":{"self":[{"href":"https:\/\/www.serraciments.com\/fr\/wp-json\/wp\/v2\/pages\/7968"}],"collection":[{"href":"https:\/\/www.serraciments.com\/fr\/wp-json\/wp\/v2\/pages"}],"about":[{"href":"https:\/\/www.serraciments.com\/fr\/wp-json\/wp\/v2\/types\/page"}],"author":[{"embeddable":true,"href":"https:\/\/www.serraciments.com\/fr\/wp-json\/wp\/v2\/users\/1"}],"replies":[{"embeddable":true,"href":"https:\/\/www.serraciments.com\/fr\/wp-json\/wp\/v2\/comments?post=7968"}],"version-history":[{"count":5,"href":"https:\/\/www.serraciments.com\/fr\/wp-json\/wp\/v2\/pages\/7968\/revisions"}],"predecessor-version":[{"id":7978,"href":"https:\/\/www.serraciments.com\/fr\/wp-json\/wp\/v2\/pages\/7968\/revisions\/7978"}],"wp:attachment":[{"href":"https:\/\/www.serraciments.com\/fr\/wp-json\/wp\/v2\/media?parent=7968"}],"curies":[{"name":"wp","href":"https:\/\/api.w.org\/{rel}","templated":true}]}}