{"id":7979,"date":"2025-06-20T10:51:03","date_gmt":"2025-06-20T08:51:03","guid":{"rendered":"https:\/\/www.serraciments.com\/?page_id=7979"},"modified":"2025-06-20T10:51:03","modified_gmt":"2025-06-20T08:51:03","slug":"pigmento-en-formato-sacos","status":"publish","type":"page","link":"https:\/\/www.serraciments.com\/fr\/pigmento-en-formato-sacos\/","title":{"rendered":"Pigmento en formato sacos"},"content":{"rendered":"\n<section class=\"sc-inner-banner light\">\n    <div class=\"container\">\n      <div class=\"row\">\n        <div class=\"col-md-6 order-sm-2 p-0 sc-img-wrapper\">\n          <img decoding=\"async\" src=\"https:\/\/www.serraciments.com\/wp-content\/uploads\/2017\/10\/Diciembre-2013-727bb.jpg\" alt=\"Serra Ciments\" class=\"img-fluid w-100\" \/>\n        <\/div>\n        <div class=\"col-md-6 my-auto\">    \n          <div class=\"sc-inner-caption ms-auto\">\n            <h1>Pigment en format sac<\/h1>\n            <p>Format en sac en papier contenant 20 ou 25 kg selon la r\u00e9f\u00e9rence couleur. <\/p>\n          <\/div> \n        <\/div>\n      <\/div>       \n    <\/div>\n  <\/section>\n\n  <section class=\"sc-section-middle sc-section-Blog-middle pt-5 pb-5 my-5\">\n    <div class=\"container\">\n      <div class=\"row\">\n        <div class=\"col-md-6\">\n          <div class=\"sc-productDetails-gellery\">\n            <div class=\"sc-blog-img-wrap\">\n              <img decoding=\"async\" src=\"https:\/\/www.serraciments.com\/wp-content\/uploads\/2024\/05\/pigmento-en-formato-sacos__img-01.jpg\" alt=\"Serra Ciments\" class=\"img-fluid w-100\" \/>\n              <div class=\"footer\">Format sac<\/div>\n            <\/div>\n            <div class=\"sc-blog-img-wrap\">\n              \n            <\/div>\n          <\/div>\n        <\/div>\n        <div class=\"col-md-5\">\n          <div class=\"sc-blog-content\">\n            <b>Caract\u00e9ristiques<\/b>\n            <p> Nos pigments en poudre sont disponibles en formats de 20 kg et 25 kg, con\u00e7us pour r\u00e9pondre aux diff\u00e9rents besoins de nos clients dans diverses applications industrielles.\nLes sacs sont pens\u00e9s pour \u00eatre facilement manipulables, facilitant ainsi leur transport et leur stockage.\nLe format standardis\u00e9 permet un empilement s\u00fbr et efficace dans les entrep\u00f4ts et sur les zones de travail. <\/p>\n\n            <b>Applications<\/b>\n            <p>Convient \u00e0 tous types d&rsquo;applications avec du ciment, du mortier et du b\u00e9ton. <br>\n            <\/p>\n\n          \n          <\/div>\n        <\/div>\n      <\/div>\n    <\/div>\n  <\/section>\n","protected":false},"excerpt":{"rendered":"<p>Pigment en format sac Format en sac en papier contenant 20 ou 25 kg selon la r\u00e9f\u00e9rence couleur. Format sac [&hellip;]<\/p>\n","protected":false},"author":1,"featured_media":0,"parent":0,"menu_order":50,"comment_status":"closed","ping_status":"closed","template":"formatos.php","meta":{"footnotes":""},"class_list":["post-7979","page","type-page","status-publish","hentry"],"yoast_head":"<!-- This site is optimized with the Yoast SEO plugin v23.3 - https:\/\/yoast.com\/wordpress\/plugins\/seo\/ -->\n<title>Pigmento en formato sacos - Serra Ciments<\/title>\n<meta name=\"robots\" content=\"index, follow, max-snippet:-1, max-image-preview:large, max-video-preview:-1\" \/>\n<link rel=\"canonical\" href=\"https:\/\/www.serraciments.com\/fr\/pigmento-en-formato-sacos\/\" \/>\n<script type=\"application\/ld+json\" class=\"yoast-schema-graph\">{\"@context\":\"https:\/\/schema.org\",\"@graph\":[{\"@type\":\"WebPage\",\"@id\":\"https:\/\/www.serraciments.com\/fr\/pigmento-en-formato-sacos\/\",\"url\":\"https:\/\/www.serraciments.com\/fr\/pigmento-en-formato-sacos\/\",\"name\":\"Pigmento en formato sacos - Serra Ciments\",\"isPartOf\":{\"@id\":\"https:\/\/www.serraciments.com\/es\/#website\"},\"primaryImageOfPage\":{\"@id\":\"https:\/\/www.serraciments.com\/fr\/pigmento-en-formato-sacos\/#primaryimage\"},\"image\":{\"@id\":\"https:\/\/www.serraciments.com\/fr\/pigmento-en-formato-sacos\/#primaryimage\"},\"thumbnailUrl\":\"https:\/\/www.serraciments.com\/wp-content\/uploads\/2017\/10\/Diciembre-2013-727bb.jpg\",\"datePublished\":\"2025-06-20T08:51:03+00:00\",\"dateModified\":\"2025-06-20T08:51:03+00:00\",\"breadcrumb\":{\"@id\":\"https:\/\/www.serraciments.com\/fr\/pigmento-en-formato-sacos\/#breadcrumb\"},\"inLanguage\":\"fr-FR\",\"potentialAction\":[{\"@type\":\"ReadAction\",\"target\":[\"https:\/\/www.serraciments.com\/fr\/pigmento-en-formato-sacos\/\"]}]},{\"@type\":\"ImageObject\",\"inLanguage\":\"fr-FR\",\"@id\":\"https:\/\/www.serraciments.com\/fr\/pigmento-en-formato-sacos\/#primaryimage\",\"url\":\"https:\/\/www.serraciments.com\/wp-content\/uploads\/2017\/10\/Diciembre-2013-727bb.jpg\",\"contentUrl\":\"https:\/\/www.serraciments.com\/wp-content\/uploads\/2017\/10\/Diciembre-2013-727bb.jpg\"},{\"@type\":\"BreadcrumbList\",\"@id\":\"https:\/\/www.serraciments.com\/fr\/pigmento-en-formato-sacos\/#breadcrumb\",\"itemListElement\":[{\"@type\":\"ListItem\",\"position\":1,\"name\":\"Home\",\"item\":\"https:\/\/www.serraciments.com\/fr\/\"},{\"@type\":\"ListItem\",\"position\":2,\"name\":\"Pigmento en formato sacos\"}]},{\"@type\":\"WebSite\",\"@id\":\"https:\/\/www.serraciments.com\/es\/#website\",\"url\":\"https:\/\/www.serraciments.com\/es\/\",\"name\":\"Serra Ciments\",\"description\":\"Productos para el hormig\u00f3n\",\"potentialAction\":[{\"@type\":\"SearchAction\",\"target\":{\"@type\":\"EntryPoint\",\"urlTemplate\":\"https:\/\/www.serraciments.com\/es\/?s={search_term_string}\"},\"query-input\":\"required name=search_term_string\"}],\"inLanguage\":\"fr-FR\"}]}<\/script>\n<!-- \/ Yoast SEO plugin. -->","yoast_head_json":{"title":"Pigmento en formato sacos - Serra Ciments","robots":{"index":"index","follow":"follow","max-snippet":"max-snippet:-1","max-image-preview":"max-image-preview:large","max-video-preview":"max-video-preview:-1"},"canonical":"https:\/\/www.serraciments.com\/fr\/pigmento-en-formato-sacos\/","schema":{"@context":"https:\/\/schema.org","@graph":[{"@type":"WebPage","@id":"https:\/\/www.serraciments.com\/fr\/pigmento-en-formato-sacos\/","url":"https:\/\/www.serraciments.com\/fr\/pigmento-en-formato-sacos\/","name":"Pigmento en formato sacos - Serra Ciments","isPartOf":{"@id":"https:\/\/www.serraciments.com\/es\/#website"},"primaryImageOfPage":{"@id":"https:\/\/www.serraciments.com\/fr\/pigmento-en-formato-sacos\/#primaryimage"},"image":{"@id":"https:\/\/www.serraciments.com\/fr\/pigmento-en-formato-sacos\/#primaryimage"},"thumbnailUrl":"https:\/\/www.serraciments.com\/wp-content\/uploads\/2017\/10\/Diciembre-2013-727bb.jpg","datePublished":"2025-06-20T08:51:03+00:00","dateModified":"2025-06-20T08:51:03+00:00","breadcrumb":{"@id":"https:\/\/www.serraciments.com\/fr\/pigmento-en-formato-sacos\/#breadcrumb"},"inLanguage":"fr-FR","potentialAction":[{"@type":"ReadAction","target":["https:\/\/www.serraciments.com\/fr\/pigmento-en-formato-sacos\/"]}]},{"@type":"ImageObject","inLanguage":"fr-FR","@id":"https:\/\/www.serraciments.com\/fr\/pigmento-en-formato-sacos\/#primaryimage","url":"https:\/\/www.serraciments.com\/wp-content\/uploads\/2017\/10\/Diciembre-2013-727bb.jpg","contentUrl":"https:\/\/www.serraciments.com\/wp-content\/uploads\/2017\/10\/Diciembre-2013-727bb.jpg"},{"@type":"BreadcrumbList","@id":"https:\/\/www.serraciments.com\/fr\/pigmento-en-formato-sacos\/#breadcrumb","itemListElement":[{"@type":"ListItem","position":1,"name":"Home","item":"https:\/\/www.serraciments.com\/fr\/"},{"@type":"ListItem","position":2,"name":"Pigmento en formato sacos"}]},{"@type":"WebSite","@id":"https:\/\/www.serraciments.com\/es\/#website","url":"https:\/\/www.serraciments.com\/es\/","name":"Serra Ciments","description":"Productos para el hormig\u00f3n","potentialAction":[{"@type":"SearchAction","target":{"@type":"EntryPoint","urlTemplate":"https:\/\/www.serraciments.com\/es\/?s={search_term_string}"},"query-input":"required name=search_term_string"}],"inLanguage":"fr-FR"}]}},"_links":{"self":[{"href":"https:\/\/www.serraciments.com\/fr\/wp-json\/wp\/v2\/pages\/7979"}],"collection":[{"href":"https:\/\/www.serraciments.com\/fr\/wp-json\/wp\/v2\/pages"}],"about":[{"href":"https:\/\/www.serraciments.com\/fr\/wp-json\/wp\/v2\/types\/page"}],"author":[{"embeddable":true,"href":"https:\/\/www.serraciments.com\/fr\/wp-json\/wp\/v2\/users\/1"}],"replies":[{"embeddable":true,"href":"https:\/\/www.serraciments.com\/fr\/wp-json\/wp\/v2\/comments?post=7979"}],"version-history":[{"count":1,"href":"https:\/\/www.serraciments.com\/fr\/wp-json\/wp\/v2\/pages\/7979\/revisions"}],"predecessor-version":[{"id":7980,"href":"https:\/\/www.serraciments.com\/fr\/wp-json\/wp\/v2\/pages\/7979\/revisions\/7980"}],"wp:attachment":[{"href":"https:\/\/www.serraciments.com\/fr\/wp-json\/wp\/v2\/media?parent=7979"}],"curies":[{"name":"wp","href":"https:\/\/api.w.org\/{rel}","templated":true}]}}