{"id":9044,"date":"2025-09-22T17:43:56","date_gmt":"2025-09-22T15:43:56","guid":{"rendered":"https:\/\/www.serraciments.com\/?page_id=9044"},"modified":"2025-09-22T17:43:56","modified_gmt":"2025-09-22T15:43:56","slug":"projets","status":"publish","type":"page","link":"https:\/\/www.serraciments.com\/fr\/projets\/","title":{"rendered":"Projets"},"content":{"rendered":"","protected":false},"excerpt":{"rendered":"","protected":false},"author":1,"featured_media":0,"parent":0,"menu_order":38,"comment_status":"closed","ping_status":"closed","template":"obras.php","meta":{"footnotes":""},"class_list":["post-9044","page","type-page","status-publish","hentry"],"yoast_head":"<!-- This site is optimized with the Yoast SEO plugin v23.3 - https:\/\/yoast.com\/wordpress\/plugins\/seo\/ -->\n<title>Projets r\u00e9alis\u00e9s avec des pigments SC Pigments<\/title>\n<meta name=\"description\" content=\"Projets r\u00e9alis\u00e9s avec les pigments SC Pigments. Pigments colorants pour ciment, mortier et b\u00e9ton afin de donner de la couleur \u00e0 l&#039;ouvrage.\" \/>\n<meta name=\"robots\" content=\"index, follow, max-snippet:-1, max-image-preview:large, max-video-preview:-1\" \/>\n<link rel=\"canonical\" href=\"https:\/\/www.serraciments.com\/fr\/projets\/\" \/>\n<script type=\"application\/ld+json\" class=\"yoast-schema-graph\">{\"@context\":\"https:\/\/schema.org\",\"@graph\":[{\"@type\":\"WebPage\",\"@id\":\"https:\/\/www.serraciments.com\/fr\/projets\/\",\"url\":\"https:\/\/www.serraciments.com\/fr\/projets\/\",\"name\":\"Projets r\u00e9alis\u00e9s avec des pigments SC Pigments\",\"isPartOf\":{\"@id\":\"https:\/\/www.serraciments.com\/es\/#website\"},\"datePublished\":\"2025-09-22T15:43:56+00:00\",\"dateModified\":\"2025-09-22T15:43:56+00:00\",\"description\":\"Projets r\u00e9alis\u00e9s avec les pigments SC Pigments. Pigments colorants pour ciment, mortier et b\u00e9ton afin de donner de la couleur \u00e0 l'ouvrage.\",\"breadcrumb\":{\"@id\":\"https:\/\/www.serraciments.com\/fr\/projets\/#breadcrumb\"},\"inLanguage\":\"fr-FR\",\"potentialAction\":[{\"@type\":\"ReadAction\",\"target\":[\"https:\/\/www.serraciments.com\/fr\/projets\/\"]}]},{\"@type\":\"BreadcrumbList\",\"@id\":\"https:\/\/www.serraciments.com\/fr\/projets\/#breadcrumb\",\"itemListElement\":[{\"@type\":\"ListItem\",\"position\":1,\"name\":\"Home\",\"item\":\"https:\/\/www.serraciments.com\/fr\/\"},{\"@type\":\"ListItem\",\"position\":2,\"name\":\"Projets\"}]},{\"@type\":\"WebSite\",\"@id\":\"https:\/\/www.serraciments.com\/es\/#website\",\"url\":\"https:\/\/www.serraciments.com\/es\/\",\"name\":\"Serra Ciments\",\"description\":\"Productos para el hormig\u00f3n\",\"potentialAction\":[{\"@type\":\"SearchAction\",\"target\":{\"@type\":\"EntryPoint\",\"urlTemplate\":\"https:\/\/www.serraciments.com\/es\/?s={search_term_string}\"},\"query-input\":\"required name=search_term_string\"}],\"inLanguage\":\"fr-FR\"}]}<\/script>\n<!-- \/ Yoast SEO plugin. -->","yoast_head_json":{"title":"Projets r\u00e9alis\u00e9s avec des pigments SC Pigments","description":"Projets r\u00e9alis\u00e9s avec les pigments SC Pigments. Pigments colorants pour ciment, mortier et b\u00e9ton afin de donner de la couleur \u00e0 l'ouvrage.","robots":{"index":"index","follow":"follow","max-snippet":"max-snippet:-1","max-image-preview":"max-image-preview:large","max-video-preview":"max-video-preview:-1"},"canonical":"https:\/\/www.serraciments.com\/fr\/projets\/","schema":{"@context":"https:\/\/schema.org","@graph":[{"@type":"WebPage","@id":"https:\/\/www.serraciments.com\/fr\/projets\/","url":"https:\/\/www.serraciments.com\/fr\/projets\/","name":"Projets r\u00e9alis\u00e9s avec des pigments SC Pigments","isPartOf":{"@id":"https:\/\/www.serraciments.com\/es\/#website"},"datePublished":"2025-09-22T15:43:56+00:00","dateModified":"2025-09-22T15:43:56+00:00","description":"Projets r\u00e9alis\u00e9s avec les pigments SC Pigments. Pigments colorants pour ciment, mortier et b\u00e9ton afin de donner de la couleur \u00e0 l'ouvrage.","breadcrumb":{"@id":"https:\/\/www.serraciments.com\/fr\/projets\/#breadcrumb"},"inLanguage":"fr-FR","potentialAction":[{"@type":"ReadAction","target":["https:\/\/www.serraciments.com\/fr\/projets\/"]}]},{"@type":"BreadcrumbList","@id":"https:\/\/www.serraciments.com\/fr\/projets\/#breadcrumb","itemListElement":[{"@type":"ListItem","position":1,"name":"Home","item":"https:\/\/www.serraciments.com\/fr\/"},{"@type":"ListItem","position":2,"name":"Projets"}]},{"@type":"WebSite","@id":"https:\/\/www.serraciments.com\/es\/#website","url":"https:\/\/www.serraciments.com\/es\/","name":"Serra Ciments","description":"Productos para el hormig\u00f3n","potentialAction":[{"@type":"SearchAction","target":{"@type":"EntryPoint","urlTemplate":"https:\/\/www.serraciments.com\/es\/?s={search_term_string}"},"query-input":"required name=search_term_string"}],"inLanguage":"fr-FR"}]}},"_links":{"self":[{"href":"https:\/\/www.serraciments.com\/fr\/wp-json\/wp\/v2\/pages\/9044"}],"collection":[{"href":"https:\/\/www.serraciments.com\/fr\/wp-json\/wp\/v2\/pages"}],"about":[{"href":"https:\/\/www.serraciments.com\/fr\/wp-json\/wp\/v2\/types\/page"}],"author":[{"embeddable":true,"href":"https:\/\/www.serraciments.com\/fr\/wp-json\/wp\/v2\/users\/1"}],"replies":[{"embeddable":true,"href":"https:\/\/www.serraciments.com\/fr\/wp-json\/wp\/v2\/comments?post=9044"}],"version-history":[{"count":1,"href":"https:\/\/www.serraciments.com\/fr\/wp-json\/wp\/v2\/pages\/9044\/revisions"}],"predecessor-version":[{"id":9045,"href":"https:\/\/www.serraciments.com\/fr\/wp-json\/wp\/v2\/pages\/9044\/revisions\/9045"}],"wp:attachment":[{"href":"https:\/\/www.serraciments.com\/fr\/wp-json\/wp\/v2\/media?parent=9044"}],"curies":[{"name":"wp","href":"https:\/\/api.w.org\/{rel}","templated":true}]}}