{"id":1351,"date":"2017-12-12T17:28:29","date_gmt":"2017-12-12T16:28:29","guid":{"rendered":"https:\/\/www.www.serraciments.com\/?page_id=1351\/"},"modified":"2025-09-23T13:33:58","modified_gmt":"2025-09-23T11:33:58","slug":"serra-ciments-pigments","status":"publish","type":"page","link":"https:\/\/www.serraciments.com\/pt\/serra-ciments-pigments\/","title":{"rendered":"Empresa"},"content":{"rendered":"\n<section class=\"sc-inner-banner\">\n    <div class=\"container\">\n      <div class=\"row\">\n        <div class=\"col-md-6 order-md-2 p-0\">\n          <img decoding=\"async\" src=\"https:\/\/www.serraciments.com\/wp-content\/uploads\/2024\/05\/embresa-banner.jpg\" alt=\"Serra Ciments\" class=\"img-fluid\">\n        <\/div>\n        <div class=\"col-md-6 my-auto\">    \n          <div class=\"sc-inner-caption ms-md-auto\">\n            <h1>Serra Ciments<\/h1>\n            <p>Serra Ciments \u00e9 uma empresa com mais de 80 anos de hist\u00f3ria. Foca a sua atividade no fornecimento de produtos para a fabrica\u00e7\u00e3o e embelezamento de todo o tipo de trabalhos com argamassas e bet\u00f5es.<\/p>\n          <\/div> \n        <\/div>\n      <\/div>       \n    <\/div>\n  <\/section>\n\n  <section class=\"se-embresa-grid\">\n    <div class=\"container\">\n      <div class=\"row\">\n        <div class=\"col-lg-4 col-sm-6\">\n          <div class=\"se-embresa-item\">\n            <img decoding=\"async\" src=\"https:\/\/www.serraciments.com\/wp-content\/uploads\/2024\/05\/80.png\" alt=\"\" class=\"img-fluid\">\n            <h2>Hist\u00f3ria Serra Ciments<\/h2>\n            <p>A Serra Ciments \u00e9 uma empresa com mais de 80 anos de experi\u00eancia. Foca a sua atividade no fornecimento de produtos para a produ\u00e7\u00e3o e valoriza\u00e7\u00e3o de todo o tipo de trabalhos com argamassas e bet\u00f5es.<\/p>\n          <\/div>\n        <\/div>\n        <div class=\"col-lg-4 col-sm-6\">\n          <div class=\"se-embresa-item\">\n            <img decoding=\"async\" src=\"https:\/\/www.serraciments.com\/wp-content\/uploads\/2024\/05\/sc-placa.png\" alt=\"SC Pigments\" class=\"img-fluid\">\n            <h2>SC Pigments \u00ae<\/h2>\n            <p>Fabricamos e distribu\u00edmos a nossa marca SC Pigments de pigmentos inorg\u00e2nicos para cimento, argamassa e bet\u00e3o. Disponibilizamos uma vasta gama de pigmentos contendo \u00f3xido de ferro, \u00f3xido de cr\u00f3mio, di\u00f3xido de tit\u00e2nio, azuis de cobalto e negros de fumo.<\/p>\n          <\/div>\n        <\/div>\n        <div class=\"col-lg-4 col-sm-6\">\n          <div class=\"se-embresa-item\">\n            <img decoding=\"async\" src=\"https:\/\/www.serraciments.com\/wp-content\/uploads\/2024\/05\/pastilla.png\" alt=\"\" class=\"img-fluid\">\n            <h2>S\u00e9rie H\u00ae (hidrossol\u00favel)..<\/h2>\n            <p>Comprometidos com a sustentabilidade. Embalamos o pigmento em sacos biodegrad\u00e1veis para introdu\u00e7\u00e3o direta na betoneira, eliminando o res\u00edduo de pl\u00e1stico e facilitando a execu\u00e7\u00e3o.<\/p>\n          <\/div>\n        <\/div>\n        <div class=\"col-lg-4 col-sm-6\">\n          <div class=\"se-embresa-item\">\n            <img decoding=\"async\" src=\"https:\/\/www.serraciments.com\/wp-content\/uploads\/2024\/05\/pin.png\" alt=\"Ubicados en Barcelona\" class=\"img-fluid\">\n            <h2>Localizados em Barcelona<\/h2>\n            <p>Serra Ciments Pigments, S.L.<br>C\/ Monturiol, 8 Polg. Ind. Sud<br>08754 El Papiol, Barcelona.<\/p>\n          <\/div>\n        <\/div>\n        <div class=\"col-lg-4 col-sm-6\">\n          <div class=\"se-embresa-item\">\n            <img decoding=\"async\" src=\"https:\/\/www.serraciments.com\/wp-content\/uploads\/2024\/05\/CE.png\" alt=\"Certificado CE\" class=\"img-fluid\">\n            <h2>Certificado CE<\/h2>\n            <p>Selo de marca\u00e7\u00e3o CE e em conformidade com a norma UNE-EN 12878:200 para todos os produtos destinados ao bet\u00e3o.<\/p>\n          <\/div>\n        <\/div>\n        <div class=\"col-lg-4 col-sm-6\">\n          <div class=\"se-embresa-item\">\n            <img decoding=\"async\" src=\"https:\/\/www.serraciments.com\/wp-content\/uploads\/2024\/05\/id.png\" alt=\"Investigaci\u00f3n y desarrollo\" class=\"img-fluid\">\n            <h2>Investiga\u00e7\u00e3o e desenvolvimento<\/h2>\n            <p>Investiga\u00e7\u00e3o em materiais avan\u00e7ados, eco-inova\u00e7\u00e3o e novas tecnologias aplicadas ao setor da constru\u00e7\u00e3o.<\/p>\n          <\/div>\n        <\/div>\n      <\/div>\n    <\/div>\n  <\/section>\n\n  <section class=\"sc-embresa-bottom\">\n    <div class=\"sc-embresa-bottom-row\">\n      <div class=\"sc-embresa-bot-col\">\n        <div class=\"sc-embresa-bot-content\">\n          <h2>Fabricamos<\/h2>\n          <p>Produ\u00e7\u00e3o e formula\u00e7\u00e3o pr\u00f3pria das refer\u00eancias de cor dos pigmentos para cimento, argamassa e bet\u00e3o SC Pigments. <\/p>\n        <\/div>\n      <\/div>\n      <div class=\"sc-embresa-bot-col\">\n        <div class=\"sc-embresa-bot-content\">\n          <h2>Distribuimos<\/h2>\n          <p>Distribu\u00edmos produtos especializados das marcas mais reconhecidas do setor para garantir os melhores resultados em cada projeto. Fibras, aditivos e outros produtos para melhorar o acabamento do bet\u00e3o.<\/p>\n        <\/div>\n      <\/div>\n      <div class=\"sc-embresa-bot-col\">\n        <div class=\"sc-embresa-bot-content\">\n          <h2>Acompanhamos <\/h2>\n          <p>Produ\u00e7\u00e3o e formula\u00e7\u00e3o pr\u00f3pria das refer\u00eancias de cor dos pigmentos para cimento, argamassa e bet\u00e3o SC Pigments. <\/p>\n        <\/div>\n      <\/div>\n      <div class=\"sc-embresa-bot-col\">\n        <div class=\"sc-embresa-bot-content\">\n          <h2>Contacto <\/h2>\n          <p>Telefone: <a href=\"tel:+34 93 673 20 73\">+34 93 673 20 73<\/a><br>Mail: <a href=\"mailto:info@serraciments.com\">info@serraciments.com<\/a><\/p>\n          <a href=\"https:\/\/www.serraciments.com\/es\/contacto\/\" class=\"btn btn-default white outline\">Entre em contacto connosco<\/a>\n        <\/div>\n      <\/div>\n    <\/div>\n  <\/section>\n","protected":false},"excerpt":{"rendered":"<p>Serra Ciments Serra Ciments \u00e9 uma empresa com mais de 80 anos de hist\u00f3ria. Foca a sua atividade no fornecimento [&hellip;]<\/p>\n","protected":false},"author":1,"featured_media":0,"parent":0,"menu_order":33,"comment_status":"closed","ping_status":"closed","template":"empresa.php","meta":{"footnotes":""},"class_list":["post-1351","page","type-page","status-publish","hentry"],"yoast_head":"<!-- This site is optimized with the Yoast SEO plugin v23.3 - https:\/\/yoast.com\/wordpress\/plugins\/seo\/ -->\n<title>Serra Ciments Pigments<\/title>\n<meta name=\"description\" content=\"A Serra Ciments Pigments\u00a0\u00e9 uma empresa com mais de 80 anos de experi\u00eancia no fornecimento de produtos para o fabrico e embelezamento de argamassas, bet\u00f5es, prefabricados de bet\u00e3o, pedra artificial, bet\u00e3o arquitet\u00f3nico, pavimentos, mobili\u00e1rio urbano, etc.\" \/>\n<meta name=\"robots\" content=\"index, follow, max-snippet:-1, max-image-preview:large, max-video-preview:-1\" \/>\n<link rel=\"canonical\" href=\"https:\/\/www.serraciments.com\/pt\/serra-ciments-pigments\/\" \/>\n<meta name=\"twitter:label1\" content=\"Tempo estimado de leitura\" \/>\n\t<meta name=\"twitter:data1\" content=\"3 minutos\" \/>\n<script type=\"application\/ld+json\" class=\"yoast-schema-graph\">{\"@context\":\"https:\/\/schema.org\",\"@graph\":[{\"@type\":\"WebPage\",\"@id\":\"https:\/\/www.serraciments.com\/pt\/serra-ciments-pigments\/\",\"url\":\"https:\/\/www.serraciments.com\/pt\/serra-ciments-pigments\/\",\"name\":\"Serra Ciments Pigments\",\"isPartOf\":{\"@id\":\"https:\/\/www.serraciments.com\/es\/#website\"},\"primaryImageOfPage\":{\"@id\":\"https:\/\/www.serraciments.com\/pt\/serra-ciments-pigments\/#primaryimage\"},\"image\":{\"@id\":\"https:\/\/www.serraciments.com\/pt\/serra-ciments-pigments\/#primaryimage\"},\"thumbnailUrl\":\"https:\/\/www.serraciments.com\/wp-content\/uploads\/2024\/05\/embresa-banner.jpg\",\"datePublished\":\"2017-12-12T16:28:29+00:00\",\"dateModified\":\"2025-09-23T11:33:58+00:00\",\"description\":\"A Serra Ciments Pigments\u00a0\u00e9 uma empresa com mais de 80 anos de experi\u00eancia no fornecimento de produtos para o fabrico e embelezamento de argamassas, bet\u00f5es, prefabricados de bet\u00e3o, pedra artificial, bet\u00e3o arquitet\u00f3nico, pavimentos, mobili\u00e1rio urbano, etc.\",\"breadcrumb\":{\"@id\":\"https:\/\/www.serraciments.com\/pt\/serra-ciments-pigments\/#breadcrumb\"},\"inLanguage\":\"pt-PT\",\"potentialAction\":[{\"@type\":\"ReadAction\",\"target\":[\"https:\/\/www.serraciments.com\/pt\/serra-ciments-pigments\/\"]}]},{\"@type\":\"ImageObject\",\"inLanguage\":\"pt-PT\",\"@id\":\"https:\/\/www.serraciments.com\/pt\/serra-ciments-pigments\/#primaryimage\",\"url\":\"https:\/\/www.serraciments.com\/wp-content\/uploads\/2024\/05\/embresa-banner.jpg\",\"contentUrl\":\"https:\/\/www.serraciments.com\/wp-content\/uploads\/2024\/05\/embresa-banner.jpg\"},{\"@type\":\"BreadcrumbList\",\"@id\":\"https:\/\/www.serraciments.com\/pt\/serra-ciments-pigments\/#breadcrumb\",\"itemListElement\":[{\"@type\":\"ListItem\",\"position\":1,\"name\":\"Home\",\"item\":\"https:\/\/www.serraciments.com\/es\/\"},{\"@type\":\"ListItem\",\"position\":2,\"name\":\"Empresa\"}]},{\"@type\":\"WebSite\",\"@id\":\"https:\/\/www.serraciments.com\/es\/#website\",\"url\":\"https:\/\/www.serraciments.com\/es\/\",\"name\":\"Serra Ciments\",\"description\":\"Productos para el hormig\u00f3n\",\"potentialAction\":[{\"@type\":\"SearchAction\",\"target\":{\"@type\":\"EntryPoint\",\"urlTemplate\":\"https:\/\/www.serraciments.com\/es\/?s={search_term_string}\"},\"query-input\":\"required name=search_term_string\"}],\"inLanguage\":\"pt-PT\"}]}<\/script>\n<!-- \/ Yoast SEO plugin. -->","yoast_head_json":{"title":"Serra Ciments Pigments","description":"A Serra Ciments Pigments\u00a0\u00e9 uma empresa com mais de 80 anos de experi\u00eancia no fornecimento de produtos para o fabrico e embelezamento de argamassas, bet\u00f5es, prefabricados de bet\u00e3o, pedra artificial, bet\u00e3o arquitet\u00f3nico, pavimentos, mobili\u00e1rio urbano, etc.","robots":{"index":"index","follow":"follow","max-snippet":"max-snippet:-1","max-image-preview":"max-image-preview:large","max-video-preview":"max-video-preview:-1"},"canonical":"https:\/\/www.serraciments.com\/pt\/serra-ciments-pigments\/","twitter_misc":{"Tempo estimado de leitura":"3 minutos"},"schema":{"@context":"https:\/\/schema.org","@graph":[{"@type":"WebPage","@id":"https:\/\/www.serraciments.com\/pt\/serra-ciments-pigments\/","url":"https:\/\/www.serraciments.com\/pt\/serra-ciments-pigments\/","name":"Serra Ciments Pigments","isPartOf":{"@id":"https:\/\/www.serraciments.com\/es\/#website"},"primaryImageOfPage":{"@id":"https:\/\/www.serraciments.com\/pt\/serra-ciments-pigments\/#primaryimage"},"image":{"@id":"https:\/\/www.serraciments.com\/pt\/serra-ciments-pigments\/#primaryimage"},"thumbnailUrl":"https:\/\/www.serraciments.com\/wp-content\/uploads\/2024\/05\/embresa-banner.jpg","datePublished":"2017-12-12T16:28:29+00:00","dateModified":"2025-09-23T11:33:58+00:00","description":"A Serra Ciments Pigments\u00a0\u00e9 uma empresa com mais de 80 anos de experi\u00eancia no fornecimento de produtos para o fabrico e embelezamento de argamassas, bet\u00f5es, prefabricados de bet\u00e3o, pedra artificial, bet\u00e3o arquitet\u00f3nico, pavimentos, mobili\u00e1rio urbano, etc.","breadcrumb":{"@id":"https:\/\/www.serraciments.com\/pt\/serra-ciments-pigments\/#breadcrumb"},"inLanguage":"pt-PT","potentialAction":[{"@type":"ReadAction","target":["https:\/\/www.serraciments.com\/pt\/serra-ciments-pigments\/"]}]},{"@type":"ImageObject","inLanguage":"pt-PT","@id":"https:\/\/www.serraciments.com\/pt\/serra-ciments-pigments\/#primaryimage","url":"https:\/\/www.serraciments.com\/wp-content\/uploads\/2024\/05\/embresa-banner.jpg","contentUrl":"https:\/\/www.serraciments.com\/wp-content\/uploads\/2024\/05\/embresa-banner.jpg"},{"@type":"BreadcrumbList","@id":"https:\/\/www.serraciments.com\/pt\/serra-ciments-pigments\/#breadcrumb","itemListElement":[{"@type":"ListItem","position":1,"name":"Home","item":"https:\/\/www.serraciments.com\/es\/"},{"@type":"ListItem","position":2,"name":"Empresa"}]},{"@type":"WebSite","@id":"https:\/\/www.serraciments.com\/es\/#website","url":"https:\/\/www.serraciments.com\/es\/","name":"Serra Ciments","description":"Productos para el hormig\u00f3n","potentialAction":[{"@type":"SearchAction","target":{"@type":"EntryPoint","urlTemplate":"https:\/\/www.serraciments.com\/es\/?s={search_term_string}"},"query-input":"required name=search_term_string"}],"inLanguage":"pt-PT"}]}},"_links":{"self":[{"href":"https:\/\/www.serraciments.com\/pt\/wp-json\/wp\/v2\/pages\/1351"}],"collection":[{"href":"https:\/\/www.serraciments.com\/pt\/wp-json\/wp\/v2\/pages"}],"about":[{"href":"https:\/\/www.serraciments.com\/pt\/wp-json\/wp\/v2\/types\/page"}],"author":[{"embeddable":true,"href":"https:\/\/www.serraciments.com\/pt\/wp-json\/wp\/v2\/users\/1"}],"replies":[{"embeddable":true,"href":"https:\/\/www.serraciments.com\/pt\/wp-json\/wp\/v2\/comments?post=1351"}],"version-history":[{"count":9,"href":"https:\/\/www.serraciments.com\/pt\/wp-json\/wp\/v2\/pages\/1351\/revisions"}],"predecessor-version":[{"id":9069,"href":"https:\/\/www.serraciments.com\/pt\/wp-json\/wp\/v2\/pages\/1351\/revisions\/9069"}],"wp:attachment":[{"href":"https:\/\/www.serraciments.com\/pt\/wp-json\/wp\/v2\/media?parent=1351"}],"curies":[{"name":"wp","href":"https:\/\/api.w.org\/{rel}","templated":true}]}}