{"id":1409,"date":"2018-02-02T08:42:31","date_gmt":"2018-02-02T07:42:31","guid":{"rendered":"https:\/\/www.www.serraciments.com\/?page_id=1409\/"},"modified":"2024-07-02T13:50:41","modified_gmt":"2024-07-02T11:50:41","slug":"arquitetura-de-cores","status":"publish","type":"page","link":"https:\/\/www.serraciments.com\/pt\/arquitetura-de-cores\/","title":{"rendered":"Obras"},"content":{"rendered":"","protected":false},"excerpt":{"rendered":"","protected":false},"author":1,"featured_media":0,"parent":0,"menu_order":39,"comment_status":"closed","ping_status":"closed","template":"obras.php","meta":{"footnotes":""},"class_list":["post-1409","page","type-page","status-publish","hentry"],"yoast_head":"<!-- This site is optimized with the Yoast SEO plugin v23.3 - https:\/\/yoast.com\/wordpress\/plugins\/seo\/ -->\n<title>Arquitetura de cores. Pigmentos para a constru\u00e7\u00e3o. Obras<\/title>\n<meta name=\"description\" content=\"Arquitetura de cores. Pigmentos para a constru\u00e7\u00e3o. Obras\" \/>\n<meta name=\"robots\" content=\"index, follow, max-snippet:-1, max-image-preview:large, max-video-preview:-1\" \/>\n<link rel=\"canonical\" href=\"https:\/\/www.serraciments.com\/pt\/arquitetura-de-cores\/\" \/>\n<script type=\"application\/ld+json\" class=\"yoast-schema-graph\">{\"@context\":\"https:\/\/schema.org\",\"@graph\":[{\"@type\":\"WebPage\",\"@id\":\"https:\/\/www.serraciments.com\/pt\/arquitetura-de-cores\/\",\"url\":\"https:\/\/www.serraciments.com\/pt\/arquitetura-de-cores\/\",\"name\":\"Arquitetura de cores. Pigmentos para a constru\u00e7\u00e3o. Obras\",\"isPartOf\":{\"@id\":\"https:\/\/www.serraciments.com\/es\/#website\"},\"datePublished\":\"2018-02-02T07:42:31+00:00\",\"dateModified\":\"2024-07-02T11:50:41+00:00\",\"description\":\"Arquitetura de cores. Pigmentos para a constru\u00e7\u00e3o. Obras\",\"breadcrumb\":{\"@id\":\"https:\/\/www.serraciments.com\/pt\/arquitetura-de-cores\/#breadcrumb\"},\"inLanguage\":\"pt-PT\",\"potentialAction\":[{\"@type\":\"ReadAction\",\"target\":[\"https:\/\/www.serraciments.com\/pt\/arquitetura-de-cores\/\"]}]},{\"@type\":\"BreadcrumbList\",\"@id\":\"https:\/\/www.serraciments.com\/pt\/arquitetura-de-cores\/#breadcrumb\",\"itemListElement\":[{\"@type\":\"ListItem\",\"position\":1,\"name\":\"Home\",\"item\":\"https:\/\/www.serraciments.com\/es\/\"},{\"@type\":\"ListItem\",\"position\":2,\"name\":\"Obras\"}]},{\"@type\":\"WebSite\",\"@id\":\"https:\/\/www.serraciments.com\/es\/#website\",\"url\":\"https:\/\/www.serraciments.com\/es\/\",\"name\":\"Serra Ciments\",\"description\":\"Productos para el hormig\u00f3n\",\"potentialAction\":[{\"@type\":\"SearchAction\",\"target\":{\"@type\":\"EntryPoint\",\"urlTemplate\":\"https:\/\/www.serraciments.com\/es\/?s={search_term_string}\"},\"query-input\":\"required name=search_term_string\"}],\"inLanguage\":\"pt-PT\"}]}<\/script>\n<!-- \/ Yoast SEO plugin. -->","yoast_head_json":{"title":"Arquitetura de cores. Pigmentos para a constru\u00e7\u00e3o. Obras","description":"Arquitetura de cores. Pigmentos para a constru\u00e7\u00e3o. Obras","robots":{"index":"index","follow":"follow","max-snippet":"max-snippet:-1","max-image-preview":"max-image-preview:large","max-video-preview":"max-video-preview:-1"},"canonical":"https:\/\/www.serraciments.com\/pt\/arquitetura-de-cores\/","schema":{"@context":"https:\/\/schema.org","@graph":[{"@type":"WebPage","@id":"https:\/\/www.serraciments.com\/pt\/arquitetura-de-cores\/","url":"https:\/\/www.serraciments.com\/pt\/arquitetura-de-cores\/","name":"Arquitetura de cores. Pigmentos para a constru\u00e7\u00e3o. Obras","isPartOf":{"@id":"https:\/\/www.serraciments.com\/es\/#website"},"datePublished":"2018-02-02T07:42:31+00:00","dateModified":"2024-07-02T11:50:41+00:00","description":"Arquitetura de cores. Pigmentos para a constru\u00e7\u00e3o. Obras","breadcrumb":{"@id":"https:\/\/www.serraciments.com\/pt\/arquitetura-de-cores\/#breadcrumb"},"inLanguage":"pt-PT","potentialAction":[{"@type":"ReadAction","target":["https:\/\/www.serraciments.com\/pt\/arquitetura-de-cores\/"]}]},{"@type":"BreadcrumbList","@id":"https:\/\/www.serraciments.com\/pt\/arquitetura-de-cores\/#breadcrumb","itemListElement":[{"@type":"ListItem","position":1,"name":"Home","item":"https:\/\/www.serraciments.com\/es\/"},{"@type":"ListItem","position":2,"name":"Obras"}]},{"@type":"WebSite","@id":"https:\/\/www.serraciments.com\/es\/#website","url":"https:\/\/www.serraciments.com\/es\/","name":"Serra Ciments","description":"Productos para el hormig\u00f3n","potentialAction":[{"@type":"SearchAction","target":{"@type":"EntryPoint","urlTemplate":"https:\/\/www.serraciments.com\/es\/?s={search_term_string}"},"query-input":"required name=search_term_string"}],"inLanguage":"pt-PT"}]}},"_links":{"self":[{"href":"https:\/\/www.serraciments.com\/pt\/wp-json\/wp\/v2\/pages\/1409"}],"collection":[{"href":"https:\/\/www.serraciments.com\/pt\/wp-json\/wp\/v2\/pages"}],"about":[{"href":"https:\/\/www.serraciments.com\/pt\/wp-json\/wp\/v2\/types\/page"}],"author":[{"embeddable":true,"href":"https:\/\/www.serraciments.com\/pt\/wp-json\/wp\/v2\/users\/1"}],"replies":[{"embeddable":true,"href":"https:\/\/www.serraciments.com\/pt\/wp-json\/wp\/v2\/comments?post=1409"}],"version-history":[{"count":2,"href":"https:\/\/www.serraciments.com\/pt\/wp-json\/wp\/v2\/pages\/1409\/revisions"}],"predecessor-version":[{"id":5729,"href":"https:\/\/www.serraciments.com\/pt\/wp-json\/wp\/v2\/pages\/1409\/revisions\/5729"}],"wp:attachment":[{"href":"https:\/\/www.serraciments.com\/pt\/wp-json\/wp\/v2\/media?parent=1409"}],"curies":[{"name":"wp","href":"https:\/\/api.w.org\/{rel}","templated":true}]}}