{"id":1431,"date":"2017-12-18T10:32:39","date_gmt":"2017-12-18T09:32:39","guid":{"rendered":"https:\/\/www.www.serraciments.com\/?page_id=1431\/"},"modified":"2024-07-02T13:49:44","modified_gmt":"2024-07-02T11:49:44","slug":"produtos-para-a-construcao","status":"publish","type":"page","link":"https:\/\/www.serraciments.com\/pt\/produtos-para-a-construcao\/","title":{"rendered":"Produtos"},"content":{"rendered":"","protected":false},"excerpt":{"rendered":"","protected":false},"author":1,"featured_media":0,"parent":0,"menu_order":57,"comment_status":"closed","ping_status":"closed","template":"productos.php","meta":{"footnotes":""},"class_list":["post-1431","page","type-page","status-publish","hentry"],"yoast_head":"<!-- This site is optimized with the Yoast SEO plugin v23.3 - https:\/\/yoast.com\/wordpress\/plugins\/seo\/ -->\n<title>Produtos para a constru\u00e7\u00e3o. Pigmentos, fibras, aditivos, cimentos,<\/title>\n<meta name=\"description\" content=\"Produtos para a constru\u00e7\u00e3o. Pigmentos, fibras, aditivos, cimentos, productos de acabamento.\" \/>\n<meta name=\"robots\" content=\"index, follow, max-snippet:-1, max-image-preview:large, max-video-preview:-1\" \/>\n<link rel=\"canonical\" href=\"https:\/\/www.serraciments.com\/pt\/produtos-para-a-construcao\/\" \/>\n<script type=\"application\/ld+json\" class=\"yoast-schema-graph\">{\"@context\":\"https:\/\/schema.org\",\"@graph\":[{\"@type\":\"WebPage\",\"@id\":\"https:\/\/www.serraciments.com\/pt\/produtos-para-a-construcao\/\",\"url\":\"https:\/\/www.serraciments.com\/pt\/produtos-para-a-construcao\/\",\"name\":\"Produtos para a constru\u00e7\u00e3o. Pigmentos, fibras, aditivos, cimentos,\",\"isPartOf\":{\"@id\":\"https:\/\/www.serraciments.com\/es\/#website\"},\"datePublished\":\"2017-12-18T09:32:39+00:00\",\"dateModified\":\"2024-07-02T11:49:44+00:00\",\"description\":\"Produtos para a constru\u00e7\u00e3o. Pigmentos, fibras, aditivos, cimentos, productos de acabamento.\",\"breadcrumb\":{\"@id\":\"https:\/\/www.serraciments.com\/pt\/produtos-para-a-construcao\/#breadcrumb\"},\"inLanguage\":\"pt-PT\",\"potentialAction\":[{\"@type\":\"ReadAction\",\"target\":[\"https:\/\/www.serraciments.com\/pt\/produtos-para-a-construcao\/\"]}]},{\"@type\":\"BreadcrumbList\",\"@id\":\"https:\/\/www.serraciments.com\/pt\/produtos-para-a-construcao\/#breadcrumb\",\"itemListElement\":[{\"@type\":\"ListItem\",\"position\":1,\"name\":\"Home\",\"item\":\"https:\/\/www.serraciments.com\/es\/\"},{\"@type\":\"ListItem\",\"position\":2,\"name\":\"Produtos\"}]},{\"@type\":\"WebSite\",\"@id\":\"https:\/\/www.serraciments.com\/es\/#website\",\"url\":\"https:\/\/www.serraciments.com\/es\/\",\"name\":\"Serra Ciments\",\"description\":\"Productos para el hormig\u00f3n\",\"potentialAction\":[{\"@type\":\"SearchAction\",\"target\":{\"@type\":\"EntryPoint\",\"urlTemplate\":\"https:\/\/www.serraciments.com\/es\/?s={search_term_string}\"},\"query-input\":\"required name=search_term_string\"}],\"inLanguage\":\"pt-PT\"}]}<\/script>\n<!-- \/ Yoast SEO plugin. -->","yoast_head_json":{"title":"Produtos para a constru\u00e7\u00e3o. Pigmentos, fibras, aditivos, cimentos,","description":"Produtos para a constru\u00e7\u00e3o. Pigmentos, fibras, aditivos, cimentos, productos de acabamento.","robots":{"index":"index","follow":"follow","max-snippet":"max-snippet:-1","max-image-preview":"max-image-preview:large","max-video-preview":"max-video-preview:-1"},"canonical":"https:\/\/www.serraciments.com\/pt\/produtos-para-a-construcao\/","schema":{"@context":"https:\/\/schema.org","@graph":[{"@type":"WebPage","@id":"https:\/\/www.serraciments.com\/pt\/produtos-para-a-construcao\/","url":"https:\/\/www.serraciments.com\/pt\/produtos-para-a-construcao\/","name":"Produtos para a constru\u00e7\u00e3o. Pigmentos, fibras, aditivos, cimentos,","isPartOf":{"@id":"https:\/\/www.serraciments.com\/es\/#website"},"datePublished":"2017-12-18T09:32:39+00:00","dateModified":"2024-07-02T11:49:44+00:00","description":"Produtos para a constru\u00e7\u00e3o. Pigmentos, fibras, aditivos, cimentos, productos de acabamento.","breadcrumb":{"@id":"https:\/\/www.serraciments.com\/pt\/produtos-para-a-construcao\/#breadcrumb"},"inLanguage":"pt-PT","potentialAction":[{"@type":"ReadAction","target":["https:\/\/www.serraciments.com\/pt\/produtos-para-a-construcao\/"]}]},{"@type":"BreadcrumbList","@id":"https:\/\/www.serraciments.com\/pt\/produtos-para-a-construcao\/#breadcrumb","itemListElement":[{"@type":"ListItem","position":1,"name":"Home","item":"https:\/\/www.serraciments.com\/es\/"},{"@type":"ListItem","position":2,"name":"Produtos"}]},{"@type":"WebSite","@id":"https:\/\/www.serraciments.com\/es\/#website","url":"https:\/\/www.serraciments.com\/es\/","name":"Serra Ciments","description":"Productos para el hormig\u00f3n","potentialAction":[{"@type":"SearchAction","target":{"@type":"EntryPoint","urlTemplate":"https:\/\/www.serraciments.com\/es\/?s={search_term_string}"},"query-input":"required name=search_term_string"}],"inLanguage":"pt-PT"}]}},"_links":{"self":[{"href":"https:\/\/www.serraciments.com\/pt\/wp-json\/wp\/v2\/pages\/1431"}],"collection":[{"href":"https:\/\/www.serraciments.com\/pt\/wp-json\/wp\/v2\/pages"}],"about":[{"href":"https:\/\/www.serraciments.com\/pt\/wp-json\/wp\/v2\/types\/page"}],"author":[{"embeddable":true,"href":"https:\/\/www.serraciments.com\/pt\/wp-json\/wp\/v2\/users\/1"}],"replies":[{"embeddable":true,"href":"https:\/\/www.serraciments.com\/pt\/wp-json\/wp\/v2\/comments?post=1431"}],"version-history":[{"count":3,"href":"https:\/\/www.serraciments.com\/pt\/wp-json\/wp\/v2\/pages\/1431\/revisions"}],"predecessor-version":[{"id":5728,"href":"https:\/\/www.serraciments.com\/pt\/wp-json\/wp\/v2\/pages\/1431\/revisions\/5728"}],"wp:attachment":[{"href":"https:\/\/www.serraciments.com\/pt\/wp-json\/wp\/v2\/media?parent=1431"}],"curies":[{"name":"wp","href":"https:\/\/api.w.org\/{rel}","templated":true}]}}