{"id":1565,"date":"2017-12-18T18:11:44","date_gmt":"2017-12-18T17:11:44","guid":{"rendered":"https:\/\/www.www.serraciments.com\/?page_id=1565\/"},"modified":"2018-02-02T09:01:52","modified_gmt":"2018-02-02T08:01:52","slug":"pigmentos-fibras-aditivos","status":"publish","type":"page","link":"https:\/\/www.serraciments.com\/pt\/","title":{"rendered":"Inicial"},"content":{"rendered":"<h2><b>Pigmentos<\/b> corantes para cimento, argamassa e bet\u00e3o<\/h2>\n<p>Experi\u00eancia em pigmentos para a constru\u00e7\u00e3o, fabricamos o tom mais adequado para cada obra.<\/p>\n<p>A <b>Serra Ciments<\/b> \u00e9 uma empresa altamente especializada em produtos para bet\u00e3o, nomeadamente em pigmentos inorg\u00e2nicos para tingir cimento, argamassa e bet\u00e3o.<\/p>\n<p><b>Pigmentos corantes para a constru\u00e7\u00e3o<\/b>.<br \/>\n\u00d3xidos de Ferro \/ \u00d3xidos de Cromo \/ Di\u00f3xido de Tit\u00e2nio \/ Azuis Cobalto \/ Negro de Fumo<\/p>\n<p><a href=\"https:\/\/www.serraciments.com\/pt\/produtos-para-a-construcao\/\">Produtos:<\/a><\/p>\n<p><a href=\"https:\/\/www.serraciments.com\/pt\/products\/pigmentos\/\">Pigmentos<\/a><\/p>\n<p><a href=\"https:\/\/www.serraciments.com\/pt\/products\/fibras-para-a-construcao\/\">Fibras<\/a><\/p>\n<p><a href=\"https:\/\/www.serraciments.com\/pt\/products\/aditivos-para-betao\/\">Aditivos<\/a><\/p>\n<p><a href=\"https:\/\/www.serraciments.com\/pt\/products\/produtos-de-acabamento-para-betao\/\">Produtos de acabamento<\/a><\/p>\n<p>&nbsp;<\/p>\n","protected":false},"excerpt":{"rendered":"<p>Pigmentos corantes para cimento, argamassa e bet\u00e3o Experi\u00eancia em pigmentos para a constru\u00e7\u00e3o, fabricamos o tom mais adequado para cada [&hellip;]<\/p>\n","protected":false},"author":1,"featured_media":0,"parent":0,"menu_order":34,"comment_status":"closed","ping_status":"open","template":"homepage.php","meta":{"footnotes":""},"class_list":["post-1565","page","type-page","status-publish","hentry"],"yoast_head":"<!-- This site is optimized with the Yoast SEO plugin v27.6 - https:\/\/yoast.com\/product\/yoast-seo-wordpress\/ -->\n<title>Pigmentos corantes para cimento, argamassa e bet\u00e3o<\/title>\n<meta name=\"description\" content=\"Pigmentos corantes para cimento, argamassa e bet\u00e3o. Pigmentos. Fibras para constru\u00e7\u00e3o. Aditivos para bet\u00e3o. Produtos de acabamento para bet\u00e3o.\" \/>\n<meta name=\"robots\" content=\"index, follow, max-snippet:-1, max-image-preview:large, max-video-preview:-1\" \/>\n<link rel=\"canonical\" href=\"https:\/\/www.serraciments.com\/es\/\" \/>\n<script type=\"application\/ld+json\" class=\"yoast-schema-graph\">{\"@context\":\"https:\\\/\\\/schema.org\",\"@graph\":[{\"@type\":\"WebPage\",\"@id\":\"https:\\\/\\\/www.serraciments.com\\\/es\\\/\",\"url\":\"https:\\\/\\\/www.serraciments.com\\\/es\\\/\",\"name\":\"Pigmentos corantes para cimento, argamassa e bet\u00e3o\",\"isPartOf\":{\"@id\":\"https:\\\/\\\/www.serraciments.com\\\/es\\\/#website\"},\"datePublished\":\"2017-12-18T17:11:44+00:00\",\"dateModified\":\"2018-02-02T08:01:52+00:00\",\"description\":\"Pigmentos corantes para cimento, argamassa e bet\u00e3o. Pigmentos. Fibras para constru\u00e7\u00e3o. Aditivos para bet\u00e3o. Produtos de acabamento para bet\u00e3o.\",\"breadcrumb\":{\"@id\":\"https:\\\/\\\/www.serraciments.com\\\/es\\\/#breadcrumb\"},\"inLanguage\":\"pt-PT\",\"potentialAction\":[{\"@type\":\"ReadAction\",\"target\":[\"https:\\\/\\\/www.serraciments.com\\\/es\\\/\"]}]},{\"@type\":\"BreadcrumbList\",\"@id\":\"https:\\\/\\\/www.serraciments.com\\\/es\\\/#breadcrumb\",\"itemListElement\":[{\"@type\":\"ListItem\",\"position\":1,\"name\":\"Home\",\"item\":\"https:\\\/\\\/www.serraciments.com\\\/es\\\/\"},{\"@type\":\"ListItem\",\"position\":2,\"name\":\"Inicial\"}]},{\"@type\":\"WebSite\",\"@id\":\"https:\\\/\\\/www.serraciments.com\\\/es\\\/#website\",\"url\":\"https:\\\/\\\/www.serraciments.com\\\/es\\\/\",\"name\":\"Serra Ciments\",\"description\":\"Productos para el hormig\u00f3n\",\"potentialAction\":[{\"@type\":\"SearchAction\",\"target\":{\"@type\":\"EntryPoint\",\"urlTemplate\":\"https:\\\/\\\/www.serraciments.com\\\/es\\\/?s={search_term_string}\"},\"query-input\":{\"@type\":\"PropertyValueSpecification\",\"valueRequired\":true,\"valueName\":\"search_term_string\"}}],\"inLanguage\":\"pt-PT\"}]}<\/script>\n<!-- \/ Yoast SEO plugin. -->","yoast_head_json":{"title":"Pigmentos corantes para cimento, argamassa e bet\u00e3o","description":"Pigmentos corantes para cimento, argamassa e bet\u00e3o. Pigmentos. Fibras para constru\u00e7\u00e3o. Aditivos para bet\u00e3o. Produtos de acabamento para bet\u00e3o.","robots":{"index":"index","follow":"follow","max-snippet":"max-snippet:-1","max-image-preview":"max-image-preview:large","max-video-preview":"max-video-preview:-1"},"canonical":"https:\/\/www.serraciments.com\/es\/","schema":{"@context":"https:\/\/schema.org","@graph":[{"@type":"WebPage","@id":"https:\/\/www.serraciments.com\/es\/","url":"https:\/\/www.serraciments.com\/es\/","name":"Pigmentos corantes para cimento, argamassa e bet\u00e3o","isPartOf":{"@id":"https:\/\/www.serraciments.com\/es\/#website"},"datePublished":"2017-12-18T17:11:44+00:00","dateModified":"2018-02-02T08:01:52+00:00","description":"Pigmentos corantes para cimento, argamassa e bet\u00e3o. Pigmentos. Fibras para constru\u00e7\u00e3o. Aditivos para bet\u00e3o. Produtos de acabamento para bet\u00e3o.","breadcrumb":{"@id":"https:\/\/www.serraciments.com\/es\/#breadcrumb"},"inLanguage":"pt-PT","potentialAction":[{"@type":"ReadAction","target":["https:\/\/www.serraciments.com\/es\/"]}]},{"@type":"BreadcrumbList","@id":"https:\/\/www.serraciments.com\/es\/#breadcrumb","itemListElement":[{"@type":"ListItem","position":1,"name":"Home","item":"https:\/\/www.serraciments.com\/es\/"},{"@type":"ListItem","position":2,"name":"Inicial"}]},{"@type":"WebSite","@id":"https:\/\/www.serraciments.com\/es\/#website","url":"https:\/\/www.serraciments.com\/es\/","name":"Serra Ciments","description":"Productos para el hormig\u00f3n","potentialAction":[{"@type":"SearchAction","target":{"@type":"EntryPoint","urlTemplate":"https:\/\/www.serraciments.com\/es\/?s={search_term_string}"},"query-input":{"@type":"PropertyValueSpecification","valueRequired":true,"valueName":"search_term_string"}}],"inLanguage":"pt-PT"}]}},"_links":{"self":[{"href":"https:\/\/www.serraciments.com\/pt\/wp-json\/wp\/v2\/pages\/1565","targetHints":{"allow":["GET"]}}],"collection":[{"href":"https:\/\/www.serraciments.com\/pt\/wp-json\/wp\/v2\/pages"}],"about":[{"href":"https:\/\/www.serraciments.com\/pt\/wp-json\/wp\/v2\/types\/page"}],"author":[{"embeddable":true,"href":"https:\/\/www.serraciments.com\/pt\/wp-json\/wp\/v2\/users\/1"}],"replies":[{"embeddable":true,"href":"https:\/\/www.serraciments.com\/pt\/wp-json\/wp\/v2\/comments?post=1565"}],"version-history":[{"count":3,"href":"https:\/\/www.serraciments.com\/pt\/wp-json\/wp\/v2\/pages\/1565\/revisions"}],"predecessor-version":[{"id":2439,"href":"https:\/\/www.serraciments.com\/pt\/wp-json\/wp\/v2\/pages\/1565\/revisions\/2439"}],"wp:attachment":[{"href":"https:\/\/www.serraciments.com\/pt\/wp-json\/wp\/v2\/media?parent=1565"}],"curies":[{"name":"wp","href":"https:\/\/api.w.org\/{rel}","templated":true}]}}