{"id":5518,"date":"2024-06-27T11:25:54","date_gmt":"2024-06-27T09:25:54","guid":{"rendered":"https:\/\/www.serraciments.com\/?page_id=5518"},"modified":"2026-02-02T17:29:20","modified_gmt":"2026-02-02T16:29:20","slug":"aplicaciones-pt","status":"publish","type":"page","link":"https:\/\/www.serraciments.com\/pt\/aplicaciones-pt\/","title":{"rendered":"Aplicaciones PT"},"content":{"rendered":"\n<section class=\"sc-inner-banner light\">\n  <div class=\"container\">\n    <div class=\"row\">\n      <div class=\"col-md-6 order-sm-2 p-0\">\n<figure class=\"fixed-aspect-aplicaciones figure\">\n        <img decoding=\"async\" src=\"https:\/\/www.serraciments.com\/wp-content\/uploads\/2024\/06\/pavimentosdehormigonenmasa2.jpg\"\n          class=\"img-fluid w-100\">\n<\/figure>\n      <\/div>\n      <div class=\"col-md-6 my-auto\">\n        <div class=\"sc-inner-caption ms-auto\">\n          <h1>Aplica\u00e7\u00f5es<\/h1>\n          <p>Descubra as m\u00faltiplas aplica\u00e7\u00f5es da linha SC Pigments para dar cor ao cimento, \u00e0 argamassa e ao bet\u00e3o.<\/p>\n        <\/div>\n      <\/div>\n    <\/div>\n  <\/div>\n<\/section>\n\n<section class=\"sc-color-middle sc-Aplicaciones-wrap\">\n  <div class=\"container\">\n    <div class=\"sc-section-head\">\n      <h2 class=\"sc-section-title\">Usos de pigmentos em diferentes aplica\u00e7\u00f5es<\/h2>\n    <\/div>\n\n\n    <div class=\"accordion accordion-flush \" id=\"accordionAplicaciones\">\n      <div class=\"accordion-item\">\n        <h2 class=\"accordion-header\">\n          <button class=\"accordion-button collapsed\" type=\"button\" data-bs-toggle=\"collapse\"\n            data-bs-target=\"#flush-collapse_1\" aria-expanded=\"false\" aria-controls=\"flush-collapse_1\">\n            Plantas de hormig\u00f3n\n          <\/button>\n        <\/h2>\n        <div id=\"flush-collapse_1\" class=\"accordion-collapse collapse\" data-bs-parent=\"#accordionAplicaciones\">\n          <div class=\"accordion-body\">\n            <div class=\"row g-0 g-md-3\">\n              <div class=\"col-6\">\n                <div class=\"sc-img-wrap\">\n                  <img decoding=\"async\" src=\"https:\/\/www.serraciments.com\/wp-content\/uploads\/2024\/06\/plantasdehormigon1.jpg\" class=\"img-fluid\"\n                    alt=\"Aplicaciones Plantas de Hormig\u00f3n\" \/>\n                <\/div>\n              <\/div>\n              <div class=\"col-6\">\n                <div class=\"sc-img-wrap\">\n                  <img decoding=\"async\" src=\"https:\/\/www.serraciments.com\/wp-content\/uploads\/2024\/06\/plantasdehormigon2.jpg\" class=\"img-fluid\"\n                    alt=\"Aplicaciones Plantas de Hormig\u00f3n\" \/>\n                <\/div>\n              <\/div>\n            <\/div>\n          <\/div>\n        <\/div>\n      <\/div>\n\n      <div class=\"accordion-item\">\n        <h2 class=\"accordion-header\">\n          <button class=\"accordion-button collapsed\" type=\"button\" data-bs-toggle=\"collapse\"\n            data-bs-target=\"#flush-collapse_2\" aria-expanded=\"false\" aria-controls=\"flush-collapse_2\">\n            Pavimentos de hormig\u00f3n\n          <\/button>\n        <\/h2>\n        <div id=\"flush-collapse_2\" class=\"accordion-collapse collapse\" data-bs-parent=\"#accordionAplicaciones\">\n          <div class=\"accordion-body\">\n            <div class=\"row g-0 g-md-3\">\n              <div class=\"col-6\">\n                <div class=\"sc-img-wrap\">\n                  <img decoding=\"async\" src=\"https:\/\/www.serraciments.com\/wp-content\/uploads\/2024\/06\/pavimentosdehormigonenmasa.jpg\" class=\"img-fluid\"\n                    alt=\"Aplicaciones pavimentos de hormig\u00f3n\" \/>\n                <\/div>\n              <\/div>\n              <div class=\"col-6\">\n                <div class=\"sc-img-wrap\">\n                  <img decoding=\"async\" src=\"https:\/\/www.serraciments.com\/wp-content\/uploads\/2024\/06\/pavimentosdehormigonenmasa2.jpg\" class=\"img-fluid\"\n                    alt=\"Aplicaciones pavimentos de hormig\u00f3n\" \/>\n                <\/div>\n              <\/div>\n            <\/div>\n          <\/div>\n        <\/div>\n      <\/div>\n\n      <div class=\"accordion-item\">\n        <h2 class=\"accordion-header\">\n          <button class=\"accordion-button collapsed\" type=\"button\" data-bs-toggle=\"collapse\"\n            data-bs-target=\"#flush-collapse_3\" aria-expanded=\"false\" aria-controls=\"flush-collapse_3\">\n            Pavimentos desactivados\n          <\/button>\n        <\/h2>\n        <div id=\"flush-collapse_3\" class=\"accordion-collapse collapse\" data-bs-parent=\"#accordionAplicaciones\">\n          <div class=\"accordion-body\">\n            <div class=\"row g-0 g-md-3\">\n              <div class=\"col-6\">\n                <div class=\"sc-img-wrap\">\n                  <img decoding=\"async\" src=\"https:\/\/www.serraciments.com\/wp-content\/uploads\/2024\/06\/pavimentodesactivado1.jpg\" class=\"img-fluid\"\n                    alt=\"Aplicaciones pavimentos desactivados\" \/>\n                <\/div>\n              <\/div>\n              <div class=\"col-6\">\n                <div class=\"sc-img-wrap\">\n                  <img decoding=\"async\" src=\"https:\/\/www.serraciments.com\/wp-content\/uploads\/2024\/06\/pavimentodesactivado2.jpg\" class=\"img-fluid\"\n                    alt=\"Aplicaciones pavimentos desactivados\" \/>\n                <\/div>\n              <\/div>\n            <\/div>\n          <\/div>\n        <\/div>\n      <\/div>\n\n      <div class=\"accordion-item\">\n        <h2 class=\"accordion-header\">\n          <button class=\"accordion-button collapsed\" type=\"button\" data-bs-toggle=\"collapse\"\n            data-bs-target=\"#flush-collapse_4\" aria-expanded=\"false\" aria-controls=\"flush-collapse_4\">\n            Gunitados de color\n          <\/button>\n        <\/h2>\n        <div id=\"flush-collapse_4\" class=\"accordion-collapse collapse\" data-bs-parent=\"#accordionAplicaciones\">\n          <div class=\"accordion-body\">\n            <div class=\"row g-0 g-md-3\">\n              <div class=\"col-6\">\n                <div class=\"sc-img-wrap\">\n                  <img decoding=\"async\" src=\"https:\/\/www.serraciments.com\/wp-content\/uploads\/2024\/06\/gunitadodecolor.jpg\" class=\"img-fluid\"\n                    alt=\"Aplicaciones gunitados de color\" \/>\n                <\/div>\n              <\/div>\n              <div class=\"col-6\">\n                <div class=\"sc-img-wrap\">\n                  <img decoding=\"async\" src=\"https:\/\/www.serraciments.com\/wp-content\/uploads\/2024\/06\/gunitadodecolor2.jpg\" class=\"img-fluid\"\n                    alt=\"Aplicaciones gunitados de color\" \/>\n                <\/div>\n              <\/div>\n            <\/div>\n          <\/div>\n        <\/div>\n      <\/div>\n\n      <div class=\"accordion-item\">\n        <h2 class=\"accordion-header\">\n          <button class=\"accordion-button collapsed\" type=\"button\" data-bs-toggle=\"collapse\"\n            data-bs-target=\"#flush-collapse_5\" aria-expanded=\"false\" aria-controls=\"flush-collapse_5\">\n            Prefabricados de hormig\u00f3n\n          <\/button>\n        <\/h2>\n        <div id=\"flush-collapse_5\" class=\"accordion-collapse collapse\" data-bs-parent=\"#accordionAplicaciones\">\n          <div class=\"accordion-body\">\n            <div class=\"row g-0 g-md-3\">\n              <div class=\"col-6\">\n                <div class=\"sc-img-wrap\">\n                  <img decoding=\"async\" src=\"https:\/\/www.serraciments.com\/wp-content\/uploads\/2024\/06\/prefabricadosdehormigon1.jpg\" class=\"img-fluid\"\n                    alt=\"Aplicaciones Prefabricados de hormig\u00f3n\" \/>\n                <\/div>\n              <\/div>\n              <div class=\"col-6\">\n                <div class=\"sc-img-wrap\">\n                  <img decoding=\"async\" src=\"https:\/\/www.serraciments.com\/wp-content\/uploads\/2024\/06\/71716ef3981bc97d7dcb71b3f473153980173aff.jpg\"\n                    alt=\"Aplicaciones Prefabricados de hormig\u00f3n\" \/>\n                <\/div>\n              <\/div>\n            <\/div>\n          <\/div>\n        <\/div>\n      <\/div>\n\n      <div class=\"accordion-item\">\n        <h2 class=\"accordion-header\">\n          <button class=\"accordion-button collapsed\" type=\"button\" data-bs-toggle=\"collapse\"\n            data-bs-target=\"#flush-collapse_6\" aria-expanded=\"false\" aria-controls=\"flush-collapse_6\">\n            Bloques de hormig\u00f3n\n          <\/button>\n        <\/h2>\n        <div id=\"flush-collapse_6\" class=\"accordion-collapse collapse\" data-bs-parent=\"#accordionAplicaciones\">\n          <div class=\"accordion-body\">\n            <div class=\"row g-0 g-md-3\">\n              <div class=\"col-6\">\n                <div class=\"sc-img-wrap\">\n                  <img decoding=\"async\" src=\"https:\/\/www.serraciments.com\/wp-content\/uploads\/2024\/06\/bloquesdehormigon1.jpg\" class=\"img-fluid\"\n                    alt=\"Aplicaciones bloques de hormig\u00f3n\" \/>\n                <\/div>\n              <\/div>\n              <div class=\"col-6\">\n                <div class=\"sc-img-wrap\">\n                  <img decoding=\"async\" src=\"https:\/\/www.serraciments.com\/wp-content\/uploads\/2024\/06\/bloquesdehormigon2.jpg\" class=\"img-fluid\"\n                    alt=\"Aplicaciones bloques de hormig\u00f3n\" \/>\n                <\/div>\n              <\/div>\n            <\/div>\n          <\/div>\n        <\/div>\n      <\/div>\n        \n          <div class=\"accordion-item\">\n        <h2 class=\"accordion-header\">\n          <button class=\"accordion-button collapsed\" type=\"button\" data-bs-toggle=\"collapse\"\n            data-bs-target=\"#flush-collapse_7\" aria-expanded=\"false\" aria-controls=\"flush-collapse_7\">\n            Mosaico hidr\u00e1ulico\n          <\/button>\n        <\/h2>\n        <div id=\"flush-collapse_7\" class=\"accordion-collapse collapse\" data-bs-parent=\"#accordionAplicaciones\">\n          <div class=\"accordion-body\">\n            <div class=\"row g-0 g-md-3\">\n              <div class=\"col-6\">\n                <div class=\"sc-img-wrap\">\n                  <img decoding=\"async\" src=\"https:\/\/www.serraciments.com\/wp-content\/uploads\/2024\/06\/mosaicohidraulico1.jpg\" class=\"img-fluid\"\n                    alt=\"Aplicaciones mosaico hidr\u00e1ulico\" \/>\n                <\/div>\n              <\/div>\n              <div class=\"col-6\">\n                <div class=\"sc-img-wrap\">\n                  <img decoding=\"async\" src=\"https:\/\/www.serraciments.com\/wp-content\/uploads\/2024\/06\/baldosahidraulica2.jpg\" class=\"img-fluid\"\n                    alt=\"Aplicaciones mosaico hidr\u00e1ulico\" \/>\n                <\/div>\n              <\/div>\n            <\/div>\n          <\/div>\n        <\/div>\n      <\/div>\n        \n        \n          <div class=\"accordion-item\">\n        <h2 class=\"accordion-header\">\n          <button class=\"accordion-button collapsed\" type=\"button\" data-bs-toggle=\"collapse\"\n            data-bs-target=\"#flush-collapse_8\" aria-expanded=\"false\" aria-controls=\"flush-collapse_8\">\n            Mortero obra vista \n          <\/button>\n        <\/h2>\n        <div id=\"flush-collapse_8\" class=\"accordion-collapse collapse\" data-bs-parent=\"#accordionAplicaciones\">\n          <div class=\"accordion-body\">\n            <div class=\"row g-0 g-md-3\">\n              <div class=\"col-6\">\n                <div class=\"sc-img-wrap\">\n                  <img decoding=\"async\" src=\"https:\/\/www.serraciments.com\/wp-content\/uploads\/2024\/06\/obravista1.jpg\" class=\"img-fluid\"\n                    alt=\"Aplicaciones Mortero obra vista\" \/>\n                <\/div>\n              <\/div>\n              <div class=\"col-6\">\n                <div class=\"sc-img-wrap\">\n                  <img decoding=\"async\" src=\"https:\/\/www.serraciments.com\/wp-content\/uploads\/2024\/06\/obravista2.jpg\" class=\"img-fluid\"\n                    alt=\"Aplicaciones Mortero obra vista\" \/>\n                <\/div>\n              <\/div>\n            <\/div>\n          <\/div>\n        <\/div>\n      <\/div>\n        \n          <div class=\"accordion-item\">\n        <h2 class=\"accordion-header\">\n          <button class=\"accordion-button collapsed\" type=\"button\" data-bs-toggle=\"collapse\"\n            data-bs-target=\"#flush-collapse_9\" aria-expanded=\"false\" aria-controls=\"flush-collapse_9\">\n            Skateparks\n          <\/button>\n        <\/h2>\n        <div id=\"flush-collapse_9\" class=\"accordion-collapse collapse\" data-bs-parent=\"#accordionAplicaciones\">\n          <div class=\"accordion-body\">\n            <div class=\"row g-0 g-md-3\">\n              <div class=\"col-6\">\n                <div class=\"sc-img-wrap\">\n                  <img decoding=\"async\" src=\"https:\/\/www.serraciments.com\/wp-content\/uploads\/2024\/06\/skateparks1.jpg\" class=\"img-fluid\"\n                    alt=\"Aplicaciones skateparks\" \/>\n                <\/div>\n              <\/div>\n              <div class=\"col-6\">\n                <div class=\"sc-img-wrap\">\n                  <img decoding=\"async\" src=\"https:\/\/www.serraciments.com\/wp-content\/uploads\/2024\/06\/skateparks2.jpg\" class=\"img-fluid\"\n                    alt=\"Aplicaciones skateparks\" \/>\n                <\/div>\n              <\/div>\n            <\/div>\n          <\/div>\n        <\/div>\n      <\/div>\n        \n          <div class=\"accordion-item\">\n        <h2 class=\"accordion-header\">\n          <button class=\"accordion-button collapsed\" type=\"button\" data-bs-toggle=\"collapse\"\n            data-bs-target=\"#flush-collapse_10\" aria-expanded=\"false\" aria-controls=\"flush-collapse_10\">\n            Muros de hormig\u00f3n pigmentado\n          <\/button>\n        <\/h2>\n        <div id=\"flush-collapse_10\" class=\"accordion-collapse collapse\" data-bs-parent=\"#accordionAplicaciones\">\n          <div class=\"accordion-body\">\n            <div class=\"row g-0 g-md-3\">\n              <div class=\"col-6\">\n                <div class=\"sc-img-wrap\">\n                  <img decoding=\"async\" src=\"https:\/\/www.serraciments.com\/wp-content\/uploads\/2024\/06\/murosdehormigonpigmentado1.jpg\" class=\"img-fluid\"\n                    alt=\"Aplicaciones muros de hormig\u00f3n pigmentado\" \/>\n                <\/div>\n              <\/div>\n              <div class=\"col-6\">\n                <div class=\"sc-img-wrap\">\n                  <img decoding=\"async\" src=\"https:\/\/www.serraciments.com\/wp-content\/uploads\/2024\/06\/murosdehormigonpigmentado2.jpg\" class=\"img-fluid\"\n                    alt=\"Aplicaciones muros de hormig\u00f3n pigmentado\" \/>\n                <\/div>\n              <\/div>\n            <\/div>\n          <\/div>\n        <\/div>\n      <\/div>\n        \n          <div class=\"accordion-item\">\n        <h2 class=\"accordion-header\">\n          <button class=\"accordion-button collapsed\" type=\"button\" data-bs-toggle=\"collapse\"\n            data-bs-target=\"#flush-collapse_11\" aria-expanded=\"false\" aria-controls=\"flush-collapse_11\">\n            Microcemento\n          <\/button>\n        <\/h2>\n        <div id=\"flush-collapse_11\" class=\"accordion-collapse collapse\" data-bs-parent=\"#accordionAplicaciones\">\n          <div class=\"accordion-body\">\n            <div class=\"row g-0 g-md-3\">\n              <div class=\"col-6\">\n                <div class=\"sc-img-wrap\">\n                  <img decoding=\"async\" src=\"https:\/\/www.serraciments.com\/wp-content\/uploads\/2024\/06\/microcemento1-scaled-1.jpg\" class=\"img-fluid\"\n                    alt=\"Aplicaciones microcemento\" \/>\n                <\/div>\n              <\/div>\n              <div class=\"col-6\">\n                <div class=\"sc-img-wrap\">\n                  <img decoding=\"async\" src=\"https:\/\/www.serraciments.com\/wp-content\/uploads\/2024\/06\/microcemento2.jpg\" class=\"img-fluid\"\n                    alt=\"Aplicaciones microcemento\" \/>\n                <\/div>\n              <\/div>\n            <\/div>\n          <\/div>\n        <\/div>\n      <\/div>\n        \n          <div class=\"accordion-item\">\n        <h2 class=\"accordion-header\">\n          <button class=\"accordion-button collapsed\" type=\"button\" data-bs-toggle=\"collapse\"\n            data-bs-target=\"#flush-collapse_12\" aria-expanded=\"false\" aria-controls=\"flush-collapse_12\">\n            Mobiliario urbano\n          <\/button>\n        <\/h2>\n        <div id=\"flush-collapse_12\" class=\"accordion-collapse collapse\" data-bs-parent=\"#accordionAplicaciones\">\n          <div class=\"accordion-body\">\n            <div class=\"row g-0 g-md-3\">\n              <div class=\"col-6\">\n                <div class=\"sc-img-wrap\">\n                  <img decoding=\"async\" src=\"https:\/\/www.serraciments.com\/wp-content\/uploads\/2024\/06\/mobiliariourbano1.jpg\" class=\"img-fluid\"\n                    alt=\"Aplicaciones mobiliario urbano\" \/>\n                <\/div>\n              <\/div>\n              <div class=\"col-6\">\n                <div class=\"sc-img-wrap\">\n                  <img decoding=\"async\" src=\"https:\/\/www.serraciments.com\/wp-content\/uploads\/2024\/06\/mobiliariourbano2.jpg\" class=\"img-fluid\"\n                    alt=\"Aplicaciones mobiliario urbano\" \/>\n                <\/div>\n              <\/div>\n            <\/div>\n          <\/div>\n        <\/div>\n      <\/div>\n        \n              <div class=\"accordion-item\">\n        <h2 class=\"accordion-header\">\n          <button class=\"accordion-button collapsed\" type=\"button\" data-bs-toggle=\"collapse\"\n            data-bs-target=\"#flush-collapse_13\" aria-expanded=\"false\" aria-controls=\"flush-collapse_13\">\n            Objectos de dise\u00f1o\n          <\/button>\n        <\/h2>\n        <div id=\"flush-collapse_13\" class=\"accordion-collapse collapse\" data-bs-parent=\"#accordionAplicaciones\">\n          <div class=\"accordion-body\">\n            <div class=\"row g-0 g-md-3\">\n              <div class=\"col-6\">\n                <div class=\"sc-img-wrap\">\n                  <img decoding=\"async\" src=\"https:\/\/www.serraciments.com\/wp-content\/uploads\/2024\/06\/objetosdediseno.jpg\" class=\"img-fluid\"\n                    alt=\"Aplicaciones objectos de dise\u00f1o\" \/>\n                <\/div>\n              <\/div>\n              <div class=\"col-6\">\n                <div class=\"sc-img-wrap\">\n                  <img decoding=\"async\" src=\"https:\/\/www.serraciments.com\/wp-content\/uploads\/2024\/06\/objetosdediseno2.jpg\" class=\"img-fluid\"\n                    alt=\"Aplicaciones objectos de dise\u00f1o\" \/>\n                <\/div>\n              <\/div>\n            <\/div>\n          <\/div>\n        <\/div>\n      <\/div>\n    <\/div>\n\n    <div class=\"mt-4\">&nbsp;<\/div>\n    <div class=\"mt-4\">&nbsp;<\/div>\n\n  <\/div>\n<\/section>\n","protected":false},"excerpt":{"rendered":"<p>Aplica\u00e7\u00f5es Descubra as m\u00faltiplas aplica\u00e7\u00f5es da linha SC Pigments para dar cor ao cimento, \u00e0 argamassa e ao bet\u00e3o. Usos [&hellip;]<\/p>\n","protected":false},"author":1,"featured_media":0,"parent":0,"menu_order":6,"comment_status":"closed","ping_status":"closed","template":"aplicaciones.php","meta":{"footnotes":""},"class_list":["post-5518","page","type-page","status-publish","hentry"],"yoast_head":"<!-- This site is optimized with the Yoast SEO plugin v23.3 - https:\/\/yoast.com\/wordpress\/plugins\/seo\/ -->\n<title>Aplicaciones PT - Serra Ciments<\/title>\n<meta name=\"robots\" content=\"index, follow, max-snippet:-1, max-image-preview:large, max-video-preview:-1\" \/>\n<link rel=\"canonical\" href=\"https:\/\/www.serraciments.com\/pt\/aplicaciones-pt\/\" \/>\n<meta name=\"twitter:label1\" content=\"Tempo estimado de leitura\" \/>\n\t<meta name=\"twitter:data1\" content=\"6 minutos\" \/>\n<script type=\"application\/ld+json\" class=\"yoast-schema-graph\">{\"@context\":\"https:\/\/schema.org\",\"@graph\":[{\"@type\":\"WebPage\",\"@id\":\"https:\/\/www.serraciments.com\/pt\/aplicaciones-pt\/\",\"url\":\"https:\/\/www.serraciments.com\/pt\/aplicaciones-pt\/\",\"name\":\"Aplicaciones PT - Serra Ciments\",\"isPartOf\":{\"@id\":\"https:\/\/www.serraciments.com\/es\/#website\"},\"primaryImageOfPage\":{\"@id\":\"https:\/\/www.serraciments.com\/pt\/aplicaciones-pt\/#primaryimage\"},\"image\":{\"@id\":\"https:\/\/www.serraciments.com\/pt\/aplicaciones-pt\/#primaryimage\"},\"thumbnailUrl\":\"https:\/\/www.serraciments.com\/wp-content\/uploads\/2024\/06\/pavimentosdehormigonenmasa2.jpg\",\"datePublished\":\"2024-06-27T09:25:54+00:00\",\"dateModified\":\"2026-02-02T16:29:20+00:00\",\"breadcrumb\":{\"@id\":\"https:\/\/www.serraciments.com\/pt\/aplicaciones-pt\/#breadcrumb\"},\"inLanguage\":\"pt-PT\",\"potentialAction\":[{\"@type\":\"ReadAction\",\"target\":[\"https:\/\/www.serraciments.com\/pt\/aplicaciones-pt\/\"]}]},{\"@type\":\"ImageObject\",\"inLanguage\":\"pt-PT\",\"@id\":\"https:\/\/www.serraciments.com\/pt\/aplicaciones-pt\/#primaryimage\",\"url\":\"https:\/\/www.serraciments.com\/wp-content\/uploads\/2024\/06\/pavimentosdehormigonenmasa2.jpg\",\"contentUrl\":\"https:\/\/www.serraciments.com\/wp-content\/uploads\/2024\/06\/pavimentosdehormigonenmasa2.jpg\"},{\"@type\":\"BreadcrumbList\",\"@id\":\"https:\/\/www.serraciments.com\/pt\/aplicaciones-pt\/#breadcrumb\",\"itemListElement\":[{\"@type\":\"ListItem\",\"position\":1,\"name\":\"Home\",\"item\":\"https:\/\/www.serraciments.com\/es\/\"},{\"@type\":\"ListItem\",\"position\":2,\"name\":\"Aplicaciones PT\"}]},{\"@type\":\"WebSite\",\"@id\":\"https:\/\/www.serraciments.com\/es\/#website\",\"url\":\"https:\/\/www.serraciments.com\/es\/\",\"name\":\"Serra Ciments\",\"description\":\"Productos para el hormig\u00f3n\",\"potentialAction\":[{\"@type\":\"SearchAction\",\"target\":{\"@type\":\"EntryPoint\",\"urlTemplate\":\"https:\/\/www.serraciments.com\/es\/?s={search_term_string}\"},\"query-input\":\"required name=search_term_string\"}],\"inLanguage\":\"pt-PT\"}]}<\/script>\n<!-- \/ Yoast SEO plugin. -->","yoast_head_json":{"title":"Aplicaciones PT - Serra Ciments","robots":{"index":"index","follow":"follow","max-snippet":"max-snippet:-1","max-image-preview":"max-image-preview:large","max-video-preview":"max-video-preview:-1"},"canonical":"https:\/\/www.serraciments.com\/pt\/aplicaciones-pt\/","twitter_misc":{"Tempo estimado de leitura":"6 minutos"},"schema":{"@context":"https:\/\/schema.org","@graph":[{"@type":"WebPage","@id":"https:\/\/www.serraciments.com\/pt\/aplicaciones-pt\/","url":"https:\/\/www.serraciments.com\/pt\/aplicaciones-pt\/","name":"Aplicaciones PT - Serra Ciments","isPartOf":{"@id":"https:\/\/www.serraciments.com\/es\/#website"},"primaryImageOfPage":{"@id":"https:\/\/www.serraciments.com\/pt\/aplicaciones-pt\/#primaryimage"},"image":{"@id":"https:\/\/www.serraciments.com\/pt\/aplicaciones-pt\/#primaryimage"},"thumbnailUrl":"https:\/\/www.serraciments.com\/wp-content\/uploads\/2024\/06\/pavimentosdehormigonenmasa2.jpg","datePublished":"2024-06-27T09:25:54+00:00","dateModified":"2026-02-02T16:29:20+00:00","breadcrumb":{"@id":"https:\/\/www.serraciments.com\/pt\/aplicaciones-pt\/#breadcrumb"},"inLanguage":"pt-PT","potentialAction":[{"@type":"ReadAction","target":["https:\/\/www.serraciments.com\/pt\/aplicaciones-pt\/"]}]},{"@type":"ImageObject","inLanguage":"pt-PT","@id":"https:\/\/www.serraciments.com\/pt\/aplicaciones-pt\/#primaryimage","url":"https:\/\/www.serraciments.com\/wp-content\/uploads\/2024\/06\/pavimentosdehormigonenmasa2.jpg","contentUrl":"https:\/\/www.serraciments.com\/wp-content\/uploads\/2024\/06\/pavimentosdehormigonenmasa2.jpg"},{"@type":"BreadcrumbList","@id":"https:\/\/www.serraciments.com\/pt\/aplicaciones-pt\/#breadcrumb","itemListElement":[{"@type":"ListItem","position":1,"name":"Home","item":"https:\/\/www.serraciments.com\/es\/"},{"@type":"ListItem","position":2,"name":"Aplicaciones PT"}]},{"@type":"WebSite","@id":"https:\/\/www.serraciments.com\/es\/#website","url":"https:\/\/www.serraciments.com\/es\/","name":"Serra Ciments","description":"Productos para el hormig\u00f3n","potentialAction":[{"@type":"SearchAction","target":{"@type":"EntryPoint","urlTemplate":"https:\/\/www.serraciments.com\/es\/?s={search_term_string}"},"query-input":"required name=search_term_string"}],"inLanguage":"pt-PT"}]}},"_links":{"self":[{"href":"https:\/\/www.serraciments.com\/pt\/wp-json\/wp\/v2\/pages\/5518"}],"collection":[{"href":"https:\/\/www.serraciments.com\/pt\/wp-json\/wp\/v2\/pages"}],"about":[{"href":"https:\/\/www.serraciments.com\/pt\/wp-json\/wp\/v2\/types\/page"}],"author":[{"embeddable":true,"href":"https:\/\/www.serraciments.com\/pt\/wp-json\/wp\/v2\/users\/1"}],"replies":[{"embeddable":true,"href":"https:\/\/www.serraciments.com\/pt\/wp-json\/wp\/v2\/comments?post=5518"}],"version-history":[{"count":6,"href":"https:\/\/www.serraciments.com\/pt\/wp-json\/wp\/v2\/pages\/5518\/revisions"}],"predecessor-version":[{"id":10320,"href":"https:\/\/www.serraciments.com\/pt\/wp-json\/wp\/v2\/pages\/5518\/revisions\/10320"}],"wp:attachment":[{"href":"https:\/\/www.serraciments.com\/pt\/wp-json\/wp\/v2\/media?parent=5518"}],"curies":[{"name":"wp","href":"https:\/\/api.w.org\/{rel}","templated":true}]}}