{"id":5536,"date":"2024-06-27T11:39:28","date_gmt":"2024-06-27T09:39:28","guid":{"rendered":"https:\/\/www.serraciments.com\/?page_id=5536"},"modified":"2024-08-04T21:27:08","modified_gmt":"2024-08-04T19:27:08","slug":"sacos-pt","status":"publish","type":"page","link":"https:\/\/www.serraciments.com\/pt\/sacos-pt\/","title":{"rendered":"Sacos PT"},"content":{"rendered":"\n<section class=\"sc-inner-banner light\">\n    <div class=\"container\">\n      <div class=\"row\">\n        <div class=\"col-md-6 order-sm-2 p-0 sc-img-wrapper\">\n          <img decoding=\"async\" src=\"https:\/\/www.serraciments.com\/wp-content\/uploads\/2017\/10\/Diciembre-2013-727bb.jpg\" alt=\"Serra Ciments\" class=\"img-fluid w-100\" \/>\n        <\/div>\n        <div class=\"col-md-6 my-auto\">    \n          <div class=\"sc-inner-caption ms-auto\">\n            <h1>Formato sacos<\/h1>\n            <p>Formato em saco de papel que cont\u00e9m 20 \/ 25 kg, conforme a refer\u00eancia da cor. <\/p>\n          <\/div> \n        <\/div>\n      <\/div>       \n    <\/div>\n  <\/section>\n\n  <section class=\"sc-section-middle sc-section-Blog-middle pt-5 pb-5 my-5\">\n    <div class=\"container\">\n      <div class=\"row\">\n        <div class=\"col-md-6\">\n          <div class=\"sc-productDetails-gellery\">\n            <div class=\"sc-blog-img-wrap\">\n              <img decoding=\"async\" src=\"https:\/\/www.serraciments.com\/wp-content\/uploads\/2024\/05\/pigmento-en-formato-sacos__img-01.jpg\" alt=\"Serra Ciments\" class=\"img-fluid w-100\" \/>\n              <div class=\"footer\">Formato saco<\/div>\n            <\/div>\n            <div class=\"sc-blog-img-wrap\">\n              \n            <\/div>\n          <\/div>\n        <\/div>\n        <div class=\"col-md-5\">\n          <div class=\"sc-blog-content\">\n            <b>Caracter\u00edsticas<\/b>\n            <p> Os nossos pigmentos em p\u00f3 est\u00e3o dispon\u00edveis em formatos de 20 kg e 25 kg, projetados para satisfazer as diversas necessidades dos nossos clientes em diferentes aplica\u00e7\u00f5es industriais. Os sacos s\u00e3o projetados para serem facilmente manipul\u00e1veis, facilitando o seu transporte e armazenamento. O tamanho padronizado permite uma empilhagem segura e eficiente em armaz\u00e9ns e \u00e1reas de trabalho.<\/p>\n\n            <b>Aplica\u00e7\u00f5es<\/b>\n            <p>Todo o tipo de aplica\u00e7\u00f5es com cimento, argamassa e bet\u00e3o.<br>\n            <\/p>\n\n          \n          <\/div>\n        <\/div>\n      <\/div>\n    <\/div>\n  <\/section>\n","protected":false},"excerpt":{"rendered":"<p>Formato sacos Formato em saco de papel que cont\u00e9m 20 \/ 25 kg, conforme a refer\u00eancia da cor. Formato saco [&hellip;]<\/p>\n","protected":false},"author":1,"featured_media":0,"parent":0,"menu_order":50,"comment_status":"closed","ping_status":"closed","template":"formatos.php","meta":{"footnotes":""},"class_list":["post-5536","page","type-page","status-publish","hentry"],"yoast_head":"<!-- This site is optimized with the Yoast SEO plugin v23.3 - https:\/\/yoast.com\/wordpress\/plugins\/seo\/ -->\n<title>Sacos PT - Serra Ciments<\/title>\n<meta name=\"description\" content=\"Os nossos pigmentos em p\u00f3 est\u00e3o dispon\u00edveis em formatos de 20 kg e 25 kg, projetados para satisfazer as diversas necessidades dos nossos clientes em diferentes aplica\u00e7\u00f5es industriais.\" \/>\n<meta name=\"robots\" content=\"index, follow, max-snippet:-1, max-image-preview:large, max-video-preview:-1\" \/>\n<link rel=\"canonical\" href=\"https:\/\/www.serraciments.com\/pt\/sacos-pt\/\" \/>\n<meta name=\"twitter:label1\" content=\"Tempo estimado de leitura\" \/>\n\t<meta name=\"twitter:data1\" content=\"1 minuto\" \/>\n<script type=\"application\/ld+json\" class=\"yoast-schema-graph\">{\"@context\":\"https:\/\/schema.org\",\"@graph\":[{\"@type\":\"WebPage\",\"@id\":\"https:\/\/www.serraciments.com\/pt\/sacos-pt\/\",\"url\":\"https:\/\/www.serraciments.com\/pt\/sacos-pt\/\",\"name\":\"Sacos PT - Serra Ciments\",\"isPartOf\":{\"@id\":\"https:\/\/www.serraciments.com\/es\/#website\"},\"primaryImageOfPage\":{\"@id\":\"https:\/\/www.serraciments.com\/pt\/sacos-pt\/#primaryimage\"},\"image\":{\"@id\":\"https:\/\/www.serraciments.com\/pt\/sacos-pt\/#primaryimage\"},\"thumbnailUrl\":\"https:\/\/www.serraciments.com\/wp-content\/uploads\/2017\/10\/Diciembre-2013-727bb.jpg\",\"datePublished\":\"2024-06-27T09:39:28+00:00\",\"dateModified\":\"2024-08-04T19:27:08+00:00\",\"description\":\"Os nossos pigmentos em p\u00f3 est\u00e3o dispon\u00edveis em formatos de 20 kg e 25 kg, projetados para satisfazer as diversas necessidades dos nossos clientes em diferentes aplica\u00e7\u00f5es industriais.\",\"breadcrumb\":{\"@id\":\"https:\/\/www.serraciments.com\/pt\/sacos-pt\/#breadcrumb\"},\"inLanguage\":\"pt-PT\",\"potentialAction\":[{\"@type\":\"ReadAction\",\"target\":[\"https:\/\/www.serraciments.com\/pt\/sacos-pt\/\"]}]},{\"@type\":\"ImageObject\",\"inLanguage\":\"pt-PT\",\"@id\":\"https:\/\/www.serraciments.com\/pt\/sacos-pt\/#primaryimage\",\"url\":\"https:\/\/www.serraciments.com\/wp-content\/uploads\/2017\/10\/Diciembre-2013-727bb.jpg\",\"contentUrl\":\"https:\/\/www.serraciments.com\/wp-content\/uploads\/2017\/10\/Diciembre-2013-727bb.jpg\"},{\"@type\":\"BreadcrumbList\",\"@id\":\"https:\/\/www.serraciments.com\/pt\/sacos-pt\/#breadcrumb\",\"itemListElement\":[{\"@type\":\"ListItem\",\"position\":1,\"name\":\"Home\",\"item\":\"https:\/\/www.serraciments.com\/es\/\"},{\"@type\":\"ListItem\",\"position\":2,\"name\":\"Sacos PT\"}]},{\"@type\":\"WebSite\",\"@id\":\"https:\/\/www.serraciments.com\/es\/#website\",\"url\":\"https:\/\/www.serraciments.com\/es\/\",\"name\":\"Serra Ciments\",\"description\":\"Productos para el hormig\u00f3n\",\"potentialAction\":[{\"@type\":\"SearchAction\",\"target\":{\"@type\":\"EntryPoint\",\"urlTemplate\":\"https:\/\/www.serraciments.com\/es\/?s={search_term_string}\"},\"query-input\":\"required name=search_term_string\"}],\"inLanguage\":\"pt-PT\"}]}<\/script>\n<!-- \/ Yoast SEO plugin. -->","yoast_head_json":{"title":"Sacos PT - Serra Ciments","description":"Os nossos pigmentos em p\u00f3 est\u00e3o dispon\u00edveis em formatos de 20 kg e 25 kg, projetados para satisfazer as diversas necessidades dos nossos clientes em diferentes aplica\u00e7\u00f5es industriais.","robots":{"index":"index","follow":"follow","max-snippet":"max-snippet:-1","max-image-preview":"max-image-preview:large","max-video-preview":"max-video-preview:-1"},"canonical":"https:\/\/www.serraciments.com\/pt\/sacos-pt\/","twitter_misc":{"Tempo estimado de leitura":"1 minuto"},"schema":{"@context":"https:\/\/schema.org","@graph":[{"@type":"WebPage","@id":"https:\/\/www.serraciments.com\/pt\/sacos-pt\/","url":"https:\/\/www.serraciments.com\/pt\/sacos-pt\/","name":"Sacos PT - Serra Ciments","isPartOf":{"@id":"https:\/\/www.serraciments.com\/es\/#website"},"primaryImageOfPage":{"@id":"https:\/\/www.serraciments.com\/pt\/sacos-pt\/#primaryimage"},"image":{"@id":"https:\/\/www.serraciments.com\/pt\/sacos-pt\/#primaryimage"},"thumbnailUrl":"https:\/\/www.serraciments.com\/wp-content\/uploads\/2017\/10\/Diciembre-2013-727bb.jpg","datePublished":"2024-06-27T09:39:28+00:00","dateModified":"2024-08-04T19:27:08+00:00","description":"Os nossos pigmentos em p\u00f3 est\u00e3o dispon\u00edveis em formatos de 20 kg e 25 kg, projetados para satisfazer as diversas necessidades dos nossos clientes em diferentes aplica\u00e7\u00f5es industriais.","breadcrumb":{"@id":"https:\/\/www.serraciments.com\/pt\/sacos-pt\/#breadcrumb"},"inLanguage":"pt-PT","potentialAction":[{"@type":"ReadAction","target":["https:\/\/www.serraciments.com\/pt\/sacos-pt\/"]}]},{"@type":"ImageObject","inLanguage":"pt-PT","@id":"https:\/\/www.serraciments.com\/pt\/sacos-pt\/#primaryimage","url":"https:\/\/www.serraciments.com\/wp-content\/uploads\/2017\/10\/Diciembre-2013-727bb.jpg","contentUrl":"https:\/\/www.serraciments.com\/wp-content\/uploads\/2017\/10\/Diciembre-2013-727bb.jpg"},{"@type":"BreadcrumbList","@id":"https:\/\/www.serraciments.com\/pt\/sacos-pt\/#breadcrumb","itemListElement":[{"@type":"ListItem","position":1,"name":"Home","item":"https:\/\/www.serraciments.com\/es\/"},{"@type":"ListItem","position":2,"name":"Sacos PT"}]},{"@type":"WebSite","@id":"https:\/\/www.serraciments.com\/es\/#website","url":"https:\/\/www.serraciments.com\/es\/","name":"Serra Ciments","description":"Productos para el hormig\u00f3n","potentialAction":[{"@type":"SearchAction","target":{"@type":"EntryPoint","urlTemplate":"https:\/\/www.serraciments.com\/es\/?s={search_term_string}"},"query-input":"required name=search_term_string"}],"inLanguage":"pt-PT"}]}},"_links":{"self":[{"href":"https:\/\/www.serraciments.com\/pt\/wp-json\/wp\/v2\/pages\/5536"}],"collection":[{"href":"https:\/\/www.serraciments.com\/pt\/wp-json\/wp\/v2\/pages"}],"about":[{"href":"https:\/\/www.serraciments.com\/pt\/wp-json\/wp\/v2\/types\/page"}],"author":[{"embeddable":true,"href":"https:\/\/www.serraciments.com\/pt\/wp-json\/wp\/v2\/users\/1"}],"replies":[{"embeddable":true,"href":"https:\/\/www.serraciments.com\/pt\/wp-json\/wp\/v2\/comments?post=5536"}],"version-history":[{"count":5,"href":"https:\/\/www.serraciments.com\/pt\/wp-json\/wp\/v2\/pages\/5536\/revisions"}],"predecessor-version":[{"id":6566,"href":"https:\/\/www.serraciments.com\/pt\/wp-json\/wp\/v2\/pages\/5536\/revisions\/6566"}],"wp:attachment":[{"href":"https:\/\/www.serraciments.com\/pt\/wp-json\/wp\/v2\/media?parent=5536"}],"curies":[{"name":"wp","href":"https:\/\/api.w.org\/{rel}","templated":true}]}}